{"id":2479,"date":"2021-09-30T10:43:05","date_gmt":"2021-09-30T08:43:05","guid":{"rendered":"https:\/\/antcube.shop\/?page_id=2479"},"modified":"2023-12-14T13:31:40","modified_gmt":"2023-12-14T12:31:40","slug":"steg-4","status":"publish","type":"page","link":"https:\/\/antcube.shop\/sv\/myrsokare\/mellanliggande\/steg-4\/","title":{"rendered":"Steg 4"},"content":{"rendered":"<div id=\"gap-1024081253\" class=\"gap-element clearfix\" style=\"display:block; height:auto;\">\n\t\t\n<style>\n#gap-1024081253 {\n  padding-top: 200px;\n}\n@media (min-width:850px) {\n  #gap-1024081253 {\n    padding-top: 175px;\n  }\n}\n<\/style>\n\t<\/div>\n\t\n\n<div class=\"row\"  id=\"row-1387427904\">\n\n\n\t<div id=\"col-149684943\" class=\"col small-12 large-12\"  >\n\t\t\t\t<div class=\"col-inner\"  >\n\t\t\t\n\t\t\t\n\n\t<div id=\"text-318435709\" class=\"text\">\n\t\t\n\n<h3>Myror f\u00f6r erfarna myrsk\u00f6tare<\/h3>\n<p>Eftersom myror lever i mycket olika livsmilj\u00f6er med mycket olika klimatf\u00f6rh\u00e5llanden m\u00e5ste du se till att du kan ge dem r\u00e4tt temperatur och luftfuktighet.<\/p>\n<p>F\u00f6r att h\u00e5lla r\u00e4tt luftfuktighet beh\u00f6ver du bara fukta din myrstack, till exempel med en sprayflaska. N\u00e4r det g\u00e4ller att h\u00e5lla r\u00e4tt temperatur blir det dock lite mer komplicerat. Du beh\u00f6ver antingen en v\u00e4rmelampa, en v\u00e4rmematta eller en kabel eller v\u00e4rma upp rummet d\u00e4r du h\u00e5ller dina myror till r\u00e4tt temperatur.<\/p>\n<p>Det finns dock m\u00e5nga arter som du kan f\u00f6rvara i rumstemperatur. \u00c4ven om det \u00e4r 1-3 grader under den rekommenderade temperaturen \u00e4r det oftast inget problem.\u00a0<\/p>\n\t\t\n<style>\n#text-318435709 {\n  text-align: center;\n}\n<\/style>\n\t<\/div>\n\t\n\n\t\t<\/div>\n\t\t\t\t\t<\/div>\n\n\t\n\n<\/div>\n\t<div id=\"text-633725976\" class=\"text\">\n\t\t\n\n<p><strong>Fr\u00e5ga: Letar du efter en myrart som du kan h\u00e5lla i rumstemperatur?<\/strong><\/p>\n\t\t\n<style>\n#text-633725976 {\n  font-size: 1.8rem;\n  text-align: center;\n}\n<\/style>\n\t<\/div>\n\t\n<div class=\"row\"  id=\"row-1709785182\">\n\n\n\t<div id=\"col-1540071415\" class=\"col medium-6 small-12 large-6\"  >\n\t\t\t\t<div class=\"col-inner\"  >\n\t\t\t\n\t\t\t\n\n<a href=\"https:\/\/antcube.shop\/ant-finder\/intermediate\/step-4\/step-7\/\" class=\"button secondary expand\" >\n\t\t<span>Ja, jag vill f\u00f6rvara dem i rumstemperatur.<\/span>\n\t<\/a>\n\n\n\n\t\t<\/div>\n\t\t\t\t\t<\/div>\n\n\t\n\n\t<div id=\"col-1122834399\" class=\"col medium-6 small-12 large-6\"  >\n\t\t\t\t<div class=\"col-inner\"  >\n\t\t\t\n\t\t\t\n\n<a href=\"https:\/\/antcube.shop\/ant-finder\/intermediate\/step-4\/step-8\/\" class=\"button secondary expand\" >\n\t\t<span>Nej, jag kommer att tillhandah\u00e5lla den temperatur som kr\u00e4vs.<\/span>\n\t<\/a>\n\n\n\n\t\t<\/div>\n\t\t\t\t\t<\/div>\n\n\t\n\n<\/div>","protected":false},"excerpt":{"rendered":"","protected":false},"author":1,"featured_media":0,"parent":2468,"menu_order":0,"comment_status":"closed","ping_status":"closed","template":"","meta":{"_acf_changed":false,"content-type":"","_monsterinsights_skip_tracking":false,"_monsterinsights_sitenote_active":false,"_monsterinsights_sitenote_note":"","_monsterinsights_sitenote_category":0,"footnotes":""},"class_list":["post-2479","page","type-page","status-publish","hentry"],"acf":[],"aioseo_notices":[],"jetpack_sharing_enabled":true,"_links":{"self":[{"href":"https:\/\/antcube.shop\/sv\/wp-json\/wp\/v2\/pages\/2479","targetHints":{"allow":["GET"]}}],"collection":[{"href":"https:\/\/antcube.shop\/sv\/wp-json\/wp\/v2\/pages"}],"about":[{"href":"https:\/\/antcube.shop\/sv\/wp-json\/wp\/v2\/types\/page"}],"author":[{"embeddable":true,"href":"https:\/\/antcube.shop\/sv\/wp-json\/wp\/v2\/users\/1"}],"replies":[{"embeddable":true,"href":"https:\/\/antcube.shop\/sv\/wp-json\/wp\/v2\/comments?post=2479"}],"version-history":[{"count":10,"href":"https:\/\/antcube.shop\/sv\/wp-json\/wp\/v2\/pages\/2479\/revisions"}],"predecessor-version":[{"id":6793,"href":"https:\/\/antcube.shop\/sv\/wp-json\/wp\/v2\/pages\/2479\/revisions\/6793"}],"up":[{"embeddable":true,"href":"https:\/\/antcube.shop\/sv\/wp-json\/wp\/v2\/pages\/2468"}],"wp:attachment":[{"href":"https:\/\/antcube.shop\/sv\/wp-json\/wp\/v2\/media?parent=2479"}],"curies":[{"name":"wp","href":"https:\/\/api.w.org\/{rel}","templated":true}]}}