{"id":2468,"date":"2021-09-30T10:04:30","date_gmt":"2021-09-30T08:04:30","guid":{"rendered":"https:\/\/antcube.shop\/?page_id=2468"},"modified":"2023-12-15T12:50:52","modified_gmt":"2023-12-15T11:50:52","slug":"mellanliggande","status":"publish","type":"page","link":"https:\/\/antcube.shop\/sv\/myrsokare\/mellanliggande\/","title":{"rendered":"mellanliggande"},"content":{"rendered":"<div id=\"gap-159736281\" class=\"gap-element clearfix\" style=\"display:block; height:auto;\">\n\t\t\n<style>\n#gap-159736281 {\n  padding-top: 200px;\n}\n@media (min-width:850px) {\n  #gap-159736281 {\n    padding-top: 175px;\n  }\n}\n<\/style>\n\t<\/div>\n\t\n\n<div class=\"row\"  id=\"row-1862548325\">\n\n\n\t<div id=\"col-1608595965\" class=\"col small-12 large-12\"  >\n\t\t\t\t<div class=\"col-inner\"  >\n\t\t\t\n\t\t\t\n\n\t<div id=\"text-1023456257\" class=\"text\">\n\t\t\n\n<h3>Myror f\u00f6r erfarna myrsk\u00f6tare<\/h3>\n<p>M\u00e5nga arter av myror fr\u00e5n kallare omr\u00e5den beh\u00f6ver \u00f6vervintra. Detta varierar beroende p\u00e5 artens ursprung. Myror som \u00f6vervintrar i naturen b\u00f6r g\u00f6ra detsamma i ditt hem. Om du inte ger djuren sin naturliga paus kan kolonins tillv\u00e4xt avta eller drottningen kan d\u00f6 mycket tidigt.\u00a0<\/p>\n<p>Vissa myror \u00f6vervintrar endast i tre m\u00e5nader medan andra beh\u00f6ver fyra till fem m\u00e5nader (vanligtvis mellan november och mars). \u00c4ven den temperatur som vissa arter beh\u00f6ver f\u00f6r att \u00f6vervintra skiljer sig \u00e5t. Nordeuropeiska arter beh\u00f6ver till exempel temperaturer mellan 5 och 8 \u00b0C, medan sydeuropeiska arter beh\u00f6ver temperaturer runt 15 \u00b0C. Nordeuropeiska arter slutar helt och h\u00e5llet med sin aktivitet under vinterdvalan, medan sydeuropeiska arter fortfarande \u00e4r lite aktiva.<\/p>\n\t\t\n<style>\n#text-1023456257 {\n  text-align: center;\n}\n<\/style>\n\t<\/div>\n\t\n\n\t\t<\/div>\n\t\t\t\t\t<\/div>\n\n\t\n\n<\/div>\n\t<div id=\"text-2275902952\" class=\"text\">\n\t\t\n\n<p><strong>Fr\u00e5ga: Letar du efter en myrart med eller utan vinterdvala?<\/strong><\/p>\n\t\t\n<style>\n#text-2275902952 {\n  font-size: 1.8rem;\n  text-align: center;\n}\n<\/style>\n\t<\/div>\n\t\n<div class=\"row\" style=\"max-width:650px\" id=\"row-1249960909\">\n\n\n\t<div id=\"col-1058637794\" class=\"col medium-6 small-12 large-6\"  >\n\t\t\t\t<div class=\"col-inner\"  >\n\t\t\t\n\t\t\t\n\n<a href=\"https:\/\/antcube.shop\/ant-finder\/intermediate\/step-3\/\" class=\"button secondary expand\" >\n\t\t<span>Myror som beh\u00f6ver \u00f6vervintra<\/span>\n\t<\/a>\n\n\n\n\t\t<\/div>\n\t\t\t\t\t<\/div>\n\n\t\n\n\t<div id=\"col-687780200\" class=\"col medium-6 small-12 large-6\"  >\n\t\t\t\t<div class=\"col-inner\"  >\n\t\t\t\n\t\t\t\n\n<a href=\"https:\/\/antcube.shop\/ant-finder\/intermediate\/step-4\/\" class=\"button secondary expand\" >\n\t\t<span>ingen vinterdvala<\/span>\n\t<\/a>\n\n\n\n\t\t<\/div>\n\t\t\t\t\t<\/div>\n\n\t\n\n<\/div>","protected":false},"excerpt":{"rendered":"","protected":false},"author":1,"featured_media":0,"parent":721,"menu_order":0,"comment_status":"closed","ping_status":"closed","template":"","meta":{"_acf_changed":false,"content-type":"","_monsterinsights_skip_tracking":false,"_monsterinsights_sitenote_active":false,"_monsterinsights_sitenote_note":"","_monsterinsights_sitenote_category":0,"footnotes":""},"class_list":["post-2468","page","type-page","status-publish","hentry"],"acf":[],"aioseo_notices":[],"jetpack_sharing_enabled":true,"_links":{"self":[{"href":"https:\/\/antcube.shop\/sv\/wp-json\/wp\/v2\/pages\/2468","targetHints":{"allow":["GET"]}}],"collection":[{"href":"https:\/\/antcube.shop\/sv\/wp-json\/wp\/v2\/pages"}],"about":[{"href":"https:\/\/antcube.shop\/sv\/wp-json\/wp\/v2\/types\/page"}],"author":[{"embeddable":true,"href":"https:\/\/antcube.shop\/sv\/wp-json\/wp\/v2\/users\/1"}],"replies":[{"embeddable":true,"href":"https:\/\/antcube.shop\/sv\/wp-json\/wp\/v2\/comments?post=2468"}],"version-history":[{"count":10,"href":"https:\/\/antcube.shop\/sv\/wp-json\/wp\/v2\/pages\/2468\/revisions"}],"predecessor-version":[{"id":6870,"href":"https:\/\/antcube.shop\/sv\/wp-json\/wp\/v2\/pages\/2468\/revisions\/6870"}],"up":[{"embeddable":true,"href":"https:\/\/antcube.shop\/sv\/wp-json\/wp\/v2\/pages\/721"}],"wp:attachment":[{"href":"https:\/\/antcube.shop\/sv\/wp-json\/wp\/v2\/media?parent=2468"}],"curies":[{"name":"wp","href":"https:\/\/api.w.org\/{rel}","templated":true}]}}