{"id":1371,"date":"2021-09-10T13:51:52","date_gmt":"2021-09-10T11:51:52","guid":{"rendered":"https:\/\/antcube.shop\/?page_id=1371"},"modified":"2023-12-15T12:39:00","modified_gmt":"2023-12-15T11:39:00","slug":"livsmiljo-oken","status":"publish","type":"page","link":"https:\/\/antcube.shop\/sv\/formicarium-finder\/boktyp\/jordnastet\/livsmiljo-oken\/","title":{"rendered":"Habitat \u00d6ken"},"content":{"rendered":"<div id=\"gap-467286333\" class=\"gap-element clearfix\" style=\"display:block; height:auto;\">\n\t\t\n<style>\n#gap-467286333 {\n  padding-top: 184px;\n}\n@media (min-width:550px) {\n  #gap-467286333 {\n    padding-top: 193px;\n  }\n}\n@media (min-width:850px) {\n  #gap-467286333 {\n    padding-top: 165px;\n  }\n}\n<\/style>\n\t<\/div>\n\t\n\n\n  <div class=\"banner has-hover has-video\" id=\"banner-375003933\">\n          <div class=\"banner-inner fill\">\n        <div class=\"banner-bg fill\" >\n                        \t<div class=\"video-overlay no-click fill visible\"><\/div>\n\t<video class=\"video-bg fill visible\" preload playsinline autoplay muted loop>\n\t\t<source src=\"https:\/\/antcube.shop\/wp-content\/uploads\/2021\/10\/Wuste-H264.mp4\" type=\"video\/mp4\">\t<\/video>\n            <div class=\"overlay\"><\/div>            \n                    <\/div>\n\t\t\n        <div class=\"banner-layers container\">\n            <div class=\"fill banner-link\"><\/div>            \n\n   <div id=\"text-box-513715567\" class=\"text-box banner-layer x50 md-x50 lg-x50 y5 md-y5 lg-y5 res-text\">\n                                <div class=\"text-box-content text dark text-shadow-3\">\n              \n              <div class=\"text-inner text-center\">\n                  \n\n\t<div id=\"text-2199588616\" class=\"text\">\n\t\t\n\n<h3 class=\"uppercase\"><strong>Startupps\u00e4ttning f\u00f6r myror fr\u00e5n \u00f6knar eller st\u00e4pper<\/strong><\/h3>\n\t\t\n<style>\n#text-2199588616 {\n  color: rgb(255,255,255);\n}\n#text-2199588616 > * {\n  color: rgb(255,255,255);\n}\n<\/style>\n\t<\/div>\n\t\n\n              <\/div>\n           <\/div>\n                            \n<style>\n#text-box-513715567 {\n  width: 60%;\n}\n#text-box-513715567 .text-box-content {\n  font-size: 100%;\n}\n<\/style>\n    <\/div>\n \n\n        <\/div>\n      <\/div>\n\n            \n<style>\n#banner-375003933 {\n  padding-top: 50%;\n}\n#banner-375003933 .overlay {\n  background-color: rgba(0, 0, 0, 0);\n}\n@media (min-width:550px) {\n  #banner-375003933 {\n    padding-top: 50%;\n  }\n}\n@media (min-width:850px) {\n  #banner-375003933 {\n    padding-top: 800px;\n  }\n}\n<\/style>\n  <\/div>\n\n\n\t<div id=\"gap-902601496\" class=\"gap-element clearfix\" style=\"display:block; height:auto;\">\n\t\t\n<style>\n#gap-902601496 {\n  padding-top: 50px;\n}\n<\/style>\n\t<\/div>\n\t\n\n<div class=\"row\"  id=\"row-1612772328\">\n\n\n\t<div id=\"col-1137180864\" class=\"col medium-6 small-12 large-6\"  >\n\t\t\t\t<div class=\"col-inner\"  >\n\t\t\t\n\t\t\t\n\n\t<div id=\"text-940432161\" class=\"text\">\n\t\t\n\n<h3>Startpaket Desert<\/h3>\n<p>Det h\u00e4r startpaketet \u00e4r utvecklat f\u00f6r alla myrarter som lever i \u00f6knar, st\u00e4pper eller medelhavsklimat. Den jord som ing\u00e5r i setet f\u00f6r att fylla myrfarmen och arenan \u00e4r mycket v\u00e4l accepterad av arter fr\u00e5n dessa livsmilj\u00f6er. De medf\u00f6ljande pluggarna och rutn\u00e4tsk\u00e5porna f\u00f6r att st\u00e4nga h\u00e5len \u00e4r anpassade f\u00f6r att h\u00e5lla de r\u00e4tta klimatf\u00f6rh\u00e5llandena.<\/p>\n<p>\u00a0<\/p>\n<p>S\u00e5 snart startpaketet blir f\u00f6r litet f\u00f6r din myrkoloni kan du ut\u00f6ka det. Alla v\u00e5ra myrstackar och arenor kan anslutas till detta set. Om du beh\u00f6ver ett annat bo-material kan du ocks\u00e5 anv\u00e4nda en av v\u00e5ra bo-insatser, till exempel kork eller gips.<\/p>\n\t\t\n<style>\n#text-940432161 {\n  text-align: center;\n}\n<\/style>\n\t<\/div>\n\t\n\n\t\t<\/div>\n\t\t\t\t\t<\/div>\n\n\t\n\n\t<div id=\"col-1296305447\" class=\"col medium-6 small-12 large-6\"  >\n\t\t\t\t<div class=\"col-inner\"  >\n\t\t\t\n\t\t\t\n\n\t<div class=\"img has-hover x md-x lg-x y md-y lg-y\" id=\"image_1398773758\">\n\t\t\t\t\t\t\t\t<div class=\"img-inner dark\" >\n\t\t\t<img loading=\"lazy\" decoding=\"async\" width=\"600\" height=\"400\" src=\"https:\/\/i0.wp.com\/antcube.shop\/wp-content\/uploads\/2021\/08\/andrzej-kryszpiniuk-D1IS5s5O9xo-unsplash-scaled.jpg?fit=600%2C400&amp;ssl=1\" class=\"attachment-medium size-medium\" alt=\"\" srcset=\"https:\/\/i0.wp.com\/antcube.shop\/wp-content\/uploads\/2021\/08\/andrzej-kryszpiniuk-D1IS5s5O9xo-unsplash-scaled.jpg?w=2560&amp;ssl=1 2560w, https:\/\/i0.wp.com\/antcube.shop\/wp-content\/uploads\/2021\/08\/andrzej-kryszpiniuk-D1IS5s5O9xo-unsplash-scaled.jpg?resize=510%2C340&amp;ssl=1 510w, https:\/\/i0.wp.com\/antcube.shop\/wp-content\/uploads\/2021\/08\/andrzej-kryszpiniuk-D1IS5s5O9xo-unsplash-scaled.jpg?resize=600%2C400&amp;ssl=1 600w, https:\/\/i0.wp.com\/antcube.shop\/wp-content\/uploads\/2021\/08\/andrzej-kryszpiniuk-D1IS5s5O9xo-unsplash-scaled.jpg?resize=1200%2C800&amp;ssl=1 1200w, https:\/\/i0.wp.com\/antcube.shop\/wp-content\/uploads\/2021\/08\/andrzej-kryszpiniuk-D1IS5s5O9xo-unsplash-scaled.jpg?resize=768%2C512&amp;ssl=1 768w, https:\/\/i0.wp.com\/antcube.shop\/wp-content\/uploads\/2021\/08\/andrzej-kryszpiniuk-D1IS5s5O9xo-unsplash-scaled.jpg?resize=1536%2C1024&amp;ssl=1 1536w, https:\/\/i0.wp.com\/antcube.shop\/wp-content\/uploads\/2021\/08\/andrzej-kryszpiniuk-D1IS5s5O9xo-unsplash-scaled.jpg?resize=2048%2C1365&amp;ssl=1 2048w\" sizes=\"auto, (max-width: 600px) 100vw, 600px\" \/>\t\t\t\t\t\t\n\t\t\t\t\t<\/div>\n\t\t\t\t\t\t\t\t\n<style>\n#image_1398773758 {\n  width: 100%;\n}\n<\/style>\n\t<\/div>\n\t\n\n\n\t\t<\/div>\n\t\t\t\t\t<\/div>\n\n\t\n\n<\/div>\n<div class=\"row\"  id=\"row-1503810906\">\n\n\n\t<div id=\"col-1372262512\" class=\"col small-12 large-12\"  >\n\t\t\t\t<div class=\"col-inner\"  >\n\t\t\t\n\t\t\t\n\n            <div class=\"row\"><div class=\"large-12 col\">\n          <div style=\"background-color:#FFF;\" class=\"slider flipContainer slider-nav-circle slide box-shadow-2\"\n            data-flickity-options='{              \"cellAlign\": \"center\",              \"wrapAround\": true,              \"percentPosition\": true,              \"imagesLoaded\": true,              \"pageDots\": true,              \"contain\": true          }'>\n                        <div class=\"slide\" style=\"background-color:#FFF;\">  <div class=\"row row-collapse align-middle flip-slide\" style=\"width:100%\">\n        <div class=\"large-6 col flip-page-one\">\n        <div class=\"featured-product col-inner\">\n          <a href=\"https:\/\/antcube.shop\/sv\/produkt\/antcube-starter-set-l-20x20-wuste\/\">\n                <div class=\"product-image relative\">\n                   <div class=\"front-image\">\n                    <img loading=\"lazy\" decoding=\"async\" width=\"510\" height=\"510\" src=\"https:\/\/i0.wp.com\/antcube.shop\/wp-content\/uploads\/2023\/02\/Starter-Set-Wuste.jpg?fit=510%2C510&amp;ssl=1\" class=\"attachment-woocommerce_single size-woocommerce_single wp-post-image\" alt=\"Startpaket Desert\" srcset=\"https:\/\/i0.wp.com\/antcube.shop\/wp-content\/uploads\/2023\/02\/Starter-Set-Wuste.jpg?w=750&amp;ssl=1 750w, https:\/\/i0.wp.com\/antcube.shop\/wp-content\/uploads\/2023\/02\/Starter-Set-Wuste.jpg?resize=400%2C400&amp;ssl=1 400w, https:\/\/i0.wp.com\/antcube.shop\/wp-content\/uploads\/2023\/02\/Starter-Set-Wuste.jpg?resize=280%2C280&amp;ssl=1 280w, https:\/\/i0.wp.com\/antcube.shop\/wp-content\/uploads\/2023\/02\/Starter-Set-Wuste.jpg?resize=12%2C12&amp;ssl=1 12w, https:\/\/i0.wp.com\/antcube.shop\/wp-content\/uploads\/2023\/02\/Starter-Set-Wuste.jpg?resize=247%2C247&amp;ssl=1 247w, https:\/\/i0.wp.com\/antcube.shop\/wp-content\/uploads\/2023\/02\/Starter-Set-Wuste.jpg?resize=510%2C510&amp;ssl=1 510w, https:\/\/i0.wp.com\/antcube.shop\/wp-content\/uploads\/2023\/02\/Starter-Set-Wuste.jpg?resize=100%2C100&amp;ssl=1 100w\" sizes=\"auto, (max-width: 510px) 100vw, 510px\" \/>                  <\/div>\n                  \n<div class=\"badge-container absolute left top z-1\">\n\n<\/div>\n                <\/div>\n          <\/a>\n        <\/div>\n        <\/div>\n       <div class=\"large-6 col flip-page-two\">\n        <div class=\"product-info col-inner inner-padding\">\n              <h1 class=\"entry-title\"><a href=\"https:\/\/antcube.shop\/sv\/produkt\/antcube-starter-set-l-20x20-wuste\/\">ANTCUBE Starter Set L - 20\u00d720 - Desert<\/a><\/h1>\n              <div class=\"is-divider medium\"><\/div>\n              <div class=\"price-wrapper\">\n\t<p class=\"price product-page-price\">\n  <span class=\"woocommerce-Price-amount amount\"><bdi>169,90&nbsp;<span class=\"woocommerce-Price-currencySymbol\">\u20ac<\/span><\/bdi><\/span><\/p>\n<\/div>\n<div class=\"product-short-description\">\n\t<p>The set consists of 26 parts and is suitable for all ant species living in desert or Mediterranean regions.<br \/>\nStorlek: <span style=\"color: #0000ff;\"><strong>L<\/strong><\/span><\/p>\n<\/div>\n<div class=\"product_meta\">\n\n\t\n\n\t\n\t\t<span class=\"sku_wrapper\">Artikelnr: <span class=\"sku\">1005518<\/span><\/span>\n\n\t\n\t<span class=\"posted_in\">Kategorier: <a href=\"https:\/\/antcube.shop\/sv\/produkt-kategori\/startsatser\/\" rel=\"tag\">Startpaket<\/a>, <a href=\"https:\/\/antcube.shop\/sv\/produkt-kategori\/startsatser\/startuppsattningar-livsmiljo\/\" rel=\"tag\">Startpaket Habitat<\/a><\/span>\n\t\n\t\n<\/div>\n              <a href=\"https:\/\/antcube.shop\/sv\/produkt\/antcube-starter-set-l-20x20-wuste\/\" class=\"button\">L\u00e4s mer<\/a>\n         <\/div>\n        <\/div>\n<\/div>\n<\/div>\n                        <div class=\"slide\" style=\"background-color:#FFF;\">  <div class=\"row row-collapse align-middle flip-slide\" style=\"width:100%\">\n        <div class=\"large-6 col flip-page-one\">\n        <div class=\"featured-product col-inner\">\n          <a href=\"https:\/\/antcube.shop\/sv\/produkt\/antcube-starter-set-m-20x20-wuste\/\">\n                <div class=\"product-image relative\">\n                   <div class=\"front-image\">\n                    <img loading=\"lazy\" decoding=\"async\" width=\"510\" height=\"510\" src=\"https:\/\/i0.wp.com\/antcube.shop\/wp-content\/uploads\/2023\/02\/Starter-Set-Wuste.jpg?fit=510%2C510&amp;ssl=1\" class=\"attachment-woocommerce_single size-woocommerce_single wp-post-image\" alt=\"Startpaket Desert\" srcset=\"https:\/\/i0.wp.com\/antcube.shop\/wp-content\/uploads\/2023\/02\/Starter-Set-Wuste.jpg?w=750&amp;ssl=1 750w, https:\/\/i0.wp.com\/antcube.shop\/wp-content\/uploads\/2023\/02\/Starter-Set-Wuste.jpg?resize=400%2C400&amp;ssl=1 400w, https:\/\/i0.wp.com\/antcube.shop\/wp-content\/uploads\/2023\/02\/Starter-Set-Wuste.jpg?resize=280%2C280&amp;ssl=1 280w, https:\/\/i0.wp.com\/antcube.shop\/wp-content\/uploads\/2023\/02\/Starter-Set-Wuste.jpg?resize=12%2C12&amp;ssl=1 12w, https:\/\/i0.wp.com\/antcube.shop\/wp-content\/uploads\/2023\/02\/Starter-Set-Wuste.jpg?resize=247%2C247&amp;ssl=1 247w, https:\/\/i0.wp.com\/antcube.shop\/wp-content\/uploads\/2023\/02\/Starter-Set-Wuste.jpg?resize=510%2C510&amp;ssl=1 510w, https:\/\/i0.wp.com\/antcube.shop\/wp-content\/uploads\/2023\/02\/Starter-Set-Wuste.jpg?resize=100%2C100&amp;ssl=1 100w\" sizes=\"auto, (max-width: 510px) 100vw, 510px\" \/>                  <\/div>\n                  \n<div class=\"badge-container absolute left top z-1\">\n\n<\/div>\n                <\/div>\n          <\/a>\n        <\/div>\n        <\/div>\n       <div class=\"large-6 col flip-page-two\">\n        <div class=\"product-info col-inner inner-padding\">\n              <h1 class=\"entry-title\"><a href=\"https:\/\/antcube.shop\/sv\/produkt\/antcube-starter-set-m-20x20-wuste\/\">ANTCUBE Starter Set M - 20\u00d720 - Desert<\/a><\/h1>\n              <div class=\"is-divider medium\"><\/div>\n              <div class=\"price-wrapper\">\n\t<p class=\"price product-page-price price-not-in-stock\">\n  <span class=\"woocommerce-Price-amount amount\"><bdi>169,90&nbsp;<span class=\"woocommerce-Price-currencySymbol\">\u20ac<\/span><\/bdi><\/span><\/p>\n<\/div>\n<div class=\"product-short-description\">\n\t<p>The set consists of 26 parts and is suitable for all ant species living in desert or Mediterranean regions.<br \/>\nStorlek: <span style=\"color: #00a859;\"><strong>M<\/strong><\/span><\/p>\n<\/div>\n<div class=\"product_meta\">\n\n\t\n\n\t\n\t\t<span class=\"sku_wrapper\">Artikelnr: <span class=\"sku\">1005517<\/span><\/span>\n\n\t\n\t<span class=\"posted_in\">Kategorier: <a href=\"https:\/\/antcube.shop\/sv\/produkt-kategori\/startsatser\/\" rel=\"tag\">Startpaket<\/a>, <a href=\"https:\/\/antcube.shop\/sv\/produkt-kategori\/startsatser\/startuppsattningar-livsmiljo\/\" rel=\"tag\">Startpaket Habitat<\/a><\/span>\n\t\n\t\n<\/div>\n              <a href=\"https:\/\/antcube.shop\/sv\/produkt\/antcube-starter-set-m-20x20-wuste\/\" class=\"button\">L\u00e4s mer<\/a>\n         <\/div>\n        <\/div>\n<\/div>\n<\/div>\n                    <\/div>\n          <\/div><\/div>\n          \n\n\n\t\t<\/div>\n\t\t\t\t\t<\/div>\n\n\t\n\n<\/div>","protected":false},"excerpt":{"rendered":"","protected":false},"author":1,"featured_media":0,"parent":1331,"menu_order":0,"comment_status":"closed","ping_status":"closed","template":"","meta":{"_acf_changed":false,"content-type":"","_monsterinsights_skip_tracking":false,"_monsterinsights_sitenote_active":false,"_monsterinsights_sitenote_note":"","_monsterinsights_sitenote_category":0,"footnotes":""},"class_list":["post-1371","page","type-page","status-publish","hentry"],"acf":[],"aioseo_notices":[],"jetpack_sharing_enabled":true,"_links":{"self":[{"href":"https:\/\/antcube.shop\/sv\/wp-json\/wp\/v2\/pages\/1371","targetHints":{"allow":["GET"]}}],"collection":[{"href":"https:\/\/antcube.shop\/sv\/wp-json\/wp\/v2\/pages"}],"about":[{"href":"https:\/\/antcube.shop\/sv\/wp-json\/wp\/v2\/types\/page"}],"author":[{"embeddable":true,"href":"https:\/\/antcube.shop\/sv\/wp-json\/wp\/v2\/users\/1"}],"replies":[{"embeddable":true,"href":"https:\/\/antcube.shop\/sv\/wp-json\/wp\/v2\/comments?post=1371"}],"version-history":[{"count":10,"href":"https:\/\/antcube.shop\/sv\/wp-json\/wp\/v2\/pages\/1371\/revisions"}],"predecessor-version":[{"id":6857,"href":"https:\/\/antcube.shop\/sv\/wp-json\/wp\/v2\/pages\/1371\/revisions\/6857"}],"up":[{"embeddable":true,"href":"https:\/\/antcube.shop\/sv\/wp-json\/wp\/v2\/pages\/1331"}],"wp:attachment":[{"href":"https:\/\/antcube.shop\/sv\/wp-json\/wp\/v2\/media?parent=1371"}],"curies":[{"name":"wp","href":"https:\/\/api.w.org\/{rel}","templated":true}]}}