{"id":1135,"date":"2021-09-08T09:48:21","date_gmt":"2021-09-08T07:48:21","guid":{"rendered":"https:\/\/antcube.shop\/?page_id=1135"},"modified":"2024-10-24T14:32:46","modified_gmt":"2024-10-24T12:32:46","slug":"hallbarhet","status":"publish","type":"page","link":"https:\/\/antcube.shop\/sv\/om-oss\/hallbarhet\/","title":{"rendered":"H\u00e5llbarhet"},"content":{"rendered":"<div id=\"gap-1154506246\" class=\"gap-element clearfix\" style=\"display:block; height:auto;\">\n\t\t\n<style>\n#gap-1154506246 {\n  padding-top: 181px;\n}\n@media (min-width:850px) {\n  #gap-1154506246 {\n    padding-top: 75px;\n  }\n}\n<\/style>\n\t<\/div>\n\t\n\n\n  <div class=\"banner has-hover\" id=\"banner-1572689321\">\n          <div class=\"banner-inner fill\">\n        <div class=\"banner-bg fill\" >\n            <img data-recalc-dims=\"1\" loading=\"lazy\" decoding=\"async\" width=\"1020\" height=\"574\" src=\"https:\/\/i0.wp.com\/antcube.shop\/wp-content\/uploads\/2021\/08\/caspian-dahlstrom-xXbaTOP31M4-unsplash-scaled.jpg?resize=1020%2C574&#038;ssl=1\" class=\"bg attachment-original size-original\" alt=\"\" \/>                        <div class=\"overlay\"><\/div>            \n                    <\/div>\n\t\t\n        <div class=\"banner-layers container\">\n            <div class=\"fill banner-link\"><\/div>            \n\n   <div id=\"text-box-1846999571\" class=\"text-box banner-layer x50 md-x50 lg-x50 y50 md-y50 lg-y50 res-text\">\n                                <div class=\"text-box-content text dark\">\n              \n              <div class=\"text-inner text-center\">\n                  \n\n<h3 class=\"uppercase\"><strong>H\u00e5llbarhet<\/strong><\/h3>\n<p>\u00a0<\/p>\n\n              <\/div>\n           <\/div>\n                            \n<style>\n#text-box-1846999571 {\n  width: 60%;\n}\n#text-box-1846999571 .text-box-content {\n  font-size: 100%;\n}\n<\/style>\n    <\/div>\n \n\n        <\/div>\n      <\/div>\n\n            \n<style>\n#banner-1572689321 {\n  padding-top: 60%;\n}\n#banner-1572689321 .overlay {\n  background-color: rgba(0, 0, 0, 0);\n}\n#banner-1572689321 .banner-bg img {\n  object-position: 51% 51%;\n}\n@media (min-width:550px) {\n  #banner-1572689321 {\n    padding-top: 500px;\n  }\n}\n<\/style>\n  <\/div>\n\n\n\t<div id=\"gap-982736656\" class=\"gap-element clearfix\" style=\"display:block; height:auto;\">\n\t\t\n<style>\n#gap-982736656 {\n  padding-top: 40px;\n}\n<\/style>\n\t<\/div>\n\t\n\n<div class=\"row\"  id=\"row-640476399\">\n\n\n\t<div id=\"col-1016479185\" class=\"col medium-7 small-12 large-6\"  >\n\t\t\t\t<div class=\"col-inner\"  >\n\t\t\t\n\t\t\t\n\n\t<div id=\"text-3490478861\" class=\"text\">\n\t\t\n\n<h2>Hur vi arbetar f\u00f6r att bli mer milj\u00f6v\u00e4nliga<\/h2>\n<p align=\"CENTER\"><strong><span style=\"color: #ff0000;\">Vi har alla ett ansvar f\u00f6r v\u00e5r planet!<\/span><\/strong><\/p>\n<p>Detta var redan en tanke som v\u00e5r grundare hade n\u00e4r han startade ANTSTORE f\u00f6r 20 \u00e5r sedan. Att bevara naturen genom att anv\u00e4nda glas f\u00f6r myrsk\u00f6tsel i st\u00e4llet f\u00f6r akryluppst\u00e4llningar.<\/p>\n<p>Vi f\u00f6rst\u00e5r att jorden inte beh\u00f6ver oss, men vi beh\u00f6ver denna underbara planet. Vi \u00e4r tacksamma f\u00f6r all hj\u00e4lp med forskning och utveckling av milj\u00f6v\u00e4nliga och \u00e5tervinningsbara f\u00f6rpackningar, s\u00e5 att vi inte l\u00e4ngre kan \u00f6ka andelen polyetylenpartiklar i v\u00e5rt vatten.<\/p>\n<p>D\u00e4rf\u00f6r tar vi nu de f\u00f6rsta stegen f\u00f6r att anv\u00e4nda enbart milj\u00f6v\u00e4nliga f\u00f6rpackningar efter 2022. Vi vet att f\u00f6r\u00e4ndringen av v\u00e5ra f\u00f6rpackningar bara \u00e4r ett litet steg f\u00f6r ett f\u00f6retag att bli h\u00e5llbart, s\u00e5 vi arbetar ocks\u00e5 med digitalisering, optimering av transportv\u00e4gar och utbildning.<\/p>\n<p>Du kan st\u00f6dja oss genom att k\u00f6pa v\u00e5ra produkter. Hj\u00e4lp oss att uppfylla v\u00e5r plikt att bevara denna underbara gr\u00f6na planet med alla dess olika livsformer. Med ditt k\u00f6p driver du v\u00e5r forsknings- och utvecklingsavdelning att ta fram \u00e4nnu fler h\u00e5llbara l\u00f6sningar som gynnar oss alla.<\/p>\n<p>Dessutom planerar vi att samarbeta med en \"plant a tree foundation\" f\u00f6r att l\u00e5ta v\u00e5ra skogar b\u00f6rja v\u00e4xa igen. De \u00e4r n\u00e5gra av de viktigaste livsmilj\u00f6erna f\u00f6r myror ocks\u00e5! Vi kommer att h\u00e5lla dig uppdaterad med nyheter inom kort.<\/p>\n\t\t\n<style>\n#text-3490478861 {\n  text-align: center;\n}\n<\/style>\n\t<\/div>\n\t\n\n\t\t<\/div>\n\t\t\t\t\t<\/div>\n\n\t\n\n\t<div id=\"col-509183983\" class=\"col medium-5 small-12 large-6\"  >\n\t\t\t\t<div class=\"col-inner\"  >\n\t\t\t\n\t\t\t\n\n\t<div class=\"img has-hover x md-x lg-x y md-y lg-y\" id=\"image_1640625530\">\n\t\t\t\t\t\t\t\t<div class=\"img-inner dark\" >\n\t\t\t<img data-recalc-dims=\"1\" loading=\"lazy\" decoding=\"async\" width=\"1020\" height=\"681\" src=\"https:\/\/i0.wp.com\/antcube.shop\/wp-content\/uploads\/2021\/08\/mark-AddyORqTyCg-unsplash-scaled.jpg?resize=1020%2C681&#038;ssl=1\" class=\"attachment-original size-original\" alt=\"\" srcset=\"https:\/\/i0.wp.com\/antcube.shop\/wp-content\/uploads\/2021\/08\/mark-AddyORqTyCg-unsplash-scaled.jpg?w=2560&amp;ssl=1 2560w, https:\/\/i0.wp.com\/antcube.shop\/wp-content\/uploads\/2021\/08\/mark-AddyORqTyCg-unsplash-scaled.jpg?resize=510%2C341&amp;ssl=1 510w, https:\/\/i0.wp.com\/antcube.shop\/wp-content\/uploads\/2021\/08\/mark-AddyORqTyCg-unsplash-scaled.jpg?resize=599%2C400&amp;ssl=1 599w, https:\/\/i0.wp.com\/antcube.shop\/wp-content\/uploads\/2021\/08\/mark-AddyORqTyCg-unsplash-scaled.jpg?resize=1198%2C800&amp;ssl=1 1198w, https:\/\/i0.wp.com\/antcube.shop\/wp-content\/uploads\/2021\/08\/mark-AddyORqTyCg-unsplash-scaled.jpg?resize=768%2C513&amp;ssl=1 768w, https:\/\/i0.wp.com\/antcube.shop\/wp-content\/uploads\/2021\/08\/mark-AddyORqTyCg-unsplash-scaled.jpg?resize=1536%2C1026&amp;ssl=1 1536w, https:\/\/i0.wp.com\/antcube.shop\/wp-content\/uploads\/2021\/08\/mark-AddyORqTyCg-unsplash-scaled.jpg?resize=2048%2C1368&amp;ssl=1 2048w\" sizes=\"auto, (max-width: 1020px) 100vw, 1020px\" \/>\t\t\t\t\t\t\n\t\t\t\t\t<\/div>\n\t\t\t\t\t\t\t\t\n<style>\n#image_1640625530 {\n  width: 100%;\n}\n<\/style>\n\t<\/div>\n\t\n\n\n\t\t<\/div>\n\t\t\t\t\t<\/div>\n\n\t\n\n<\/div>","protected":false},"excerpt":{"rendered":"","protected":false},"author":1,"featured_media":0,"parent":104,"menu_order":0,"comment_status":"closed","ping_status":"closed","template":"","meta":{"_acf_changed":false,"content-type":"","_monsterinsights_skip_tracking":false,"_monsterinsights_sitenote_active":false,"_monsterinsights_sitenote_note":"","_monsterinsights_sitenote_category":0,"footnotes":""},"class_list":["post-1135","page","type-page","status-publish","hentry"],"acf":[],"aioseo_notices":[],"jetpack_sharing_enabled":true,"_links":{"self":[{"href":"https:\/\/antcube.shop\/sv\/wp-json\/wp\/v2\/pages\/1135","targetHints":{"allow":["GET"]}}],"collection":[{"href":"https:\/\/antcube.shop\/sv\/wp-json\/wp\/v2\/pages"}],"about":[{"href":"https:\/\/antcube.shop\/sv\/wp-json\/wp\/v2\/types\/page"}],"author":[{"embeddable":true,"href":"https:\/\/antcube.shop\/sv\/wp-json\/wp\/v2\/users\/1"}],"replies":[{"embeddable":true,"href":"https:\/\/antcube.shop\/sv\/wp-json\/wp\/v2\/comments?post=1135"}],"version-history":[{"count":10,"href":"https:\/\/antcube.shop\/sv\/wp-json\/wp\/v2\/pages\/1135\/revisions"}],"predecessor-version":[{"id":10349,"href":"https:\/\/antcube.shop\/sv\/wp-json\/wp\/v2\/pages\/1135\/revisions\/10349"}],"up":[{"embeddable":true,"href":"https:\/\/antcube.shop\/sv\/wp-json\/wp\/v2\/pages\/104"}],"wp:attachment":[{"href":"https:\/\/antcube.shop\/sv\/wp-json\/wp\/v2\/media?parent=1135"}],"curies":[{"name":"wp","href":"https:\/\/api.w.org\/{rel}","templated":true}]}}