{"id":10607,"date":"2024-11-29T12:11:26","date_gmt":"2024-11-29T11:11:26","guid":{"rendered":"https:\/\/antcube.shop\/?page_id=10607"},"modified":"2024-12-03T12:53:14","modified_gmt":"2024-12-03T11:53:14","slug":"riktlinjer-for-myrhallning","status":"publish","type":"page","link":"https:\/\/antcube.shop\/sv\/riktlinjer-for-myrhallning\/","title":{"rendered":"Riktlinjer f\u00f6r myrh\u00e5llning"},"content":{"rendered":"<div id=\"gap-221911799\" class=\"gap-element clearfix\" style=\"display:block; height:auto;\">\n\t\t\n<style>\n#gap-221911799 {\n  padding-top: 190px;\n}\n<\/style>\n\t<\/div>\n\t\n\n<div class=\"row\"  id=\"row-1904969387\">\n\n\n\t<div id=\"col-174674824\" class=\"col small-12 large-12\"  >\n\t\t\t\t<div class=\"col-inner\"  >\n\t\t\t\n\t\t\t\n\n<h1><b>Riktlinjer f\u00f6r att h\u00e5lla myror<\/b><\/h1>\n<h2><b>Viktig anm\u00e4rkning om arter och naturskydd<\/b><\/h2>\n<ul>\n<li style=\"font-weight: 400;\" aria-level=\"1\"><b>Risk f\u00f6r skador och sjukdomar:<\/b><span style=\"font-weight: 400;\"> Levande djur kan orsaka skador eller \u00f6verf\u00f6ra sjukdomar. S\u00e4rskilt allergiker b\u00f6r iaktta f\u00f6rsiktighet.<\/span><\/li>\n<li style=\"font-weight: 400;\" aria-level=\"1\"><b>Release f\u00f6rbjuden:<\/b><span style=\"font-weight: 400;\"> Myror f\u00e5r under inga omst\u00e4ndigheter s\u00e4ttas ut i naturen f\u00f6r att skydda inhemsk och utl\u00e4ndsk flora och fauna. Att sl\u00e4ppa ut myror utan officiellt tillst\u00e5nd \u00e4r ett straffbart brott enligt naturskyddslagstiftningen. Vi erbjuder oss att ta tillbaka gamla kolonier kostnadsfritt.<\/span><\/li>\n<li style=\"font-weight: 400;\" aria-level=\"1\"><b>Artbest\u00e4mning: <\/b><span style=\"font-weight: 400;\">Myrarterna \u00e4r identifierade s\u00e5 l\u00e5ngt vi k\u00e4nner till. I h\u00e4ndelse av senare \u00e4ndringar har du r\u00e4tt att returnera kolonin.<\/span><\/li>\n<\/ul>\n<h2><b>Avs\u00e4ndning av myror<\/b><\/h2>\n<ul>\n<li style=\"font-weight: 400;\" aria-level=\"1\"><b>Leveransomr\u00e5de: <\/b><span style=\"font-weight: 400;\">Levande djur transporteras endast inom EU. Regionala importbest\u00e4mmelser b\u00f6r erh\u00e5llas fr\u00e5n den lokala veterin\u00e4rmyndigheten.<\/span><\/li>\n<li style=\"font-weight: 400;\" aria-level=\"1\"><b>Temperaturer under avs\u00e4ndning:<\/b>\n<ul>\n<li style=\"font-weight: 400;\" aria-level=\"2\"><b>Temperatur nattetid:<\/b>\n<ul>\n<li style=\"font-weight: 400;\" aria-level=\"3\"><span style=\"font-weight: 400;\">Nord- och centraleuropeiska arter: <span data-text-color=\"alert\">&gt;0\u00b0C<\/span> (Express: <span data-text-color=\"alert\">&gt;-5\u00b0C<\/span> med isolering)<\/span><\/li>\n<li style=\"font-weight: 400;\" aria-level=\"3\"><span style=\"font-weight: 400;\">Sydeuropeiska arter: <span data-text-color=\"secondary\">&gt;+5\u00b0C<\/span> (Express: <span data-text-color=\"secondary\">&gt;0\u00b0C<\/span> med isolering)<\/span><\/li>\n<li style=\"font-weight: 400;\" aria-level=\"3\"><span style=\"font-weight: 400;\">Tropiska arter: <span data-text-color=\"secondary\">&gt;+10\u00b0C<\/span> (Express: <span data-text-color=\"secondary\">&gt;+5\u00b0C<\/span> med v\u00e4rmepaket)<\/span><\/li>\n<\/ul>\n<\/li>\n<li style=\"font-weight: 400;\" aria-level=\"2\"><b>Temperatur dagtid: <\/b><span style=\"font-weight: 400;\">Maximalt <span data-text-color=\"alert\">+30\u00b0C<\/span> f\u00f6r alla arter.<\/span><\/li>\n<\/ul>\n<\/li>\n<\/ul>\n<p><span style=\"font-weight: 400;\">De best\u00e4llda myrorna kommer inte att skickas utanf\u00f6r de angivna temperaturintervallen. De kommer att skickas s\u00e5 snart som m\u00f6jligt.<\/span><\/p>\n<p><span style=\"font-weight: 400;\">Du kommer att informeras separat via e-post.\u00a0<\/span><\/p>\n<h2><b>Myrvakt<\/b><\/h2>\n<ul>\n<li style=\"font-weight: 400;\" aria-level=\"1\"><span style=\"font-weight: 400;\">Detaljerad information om sk\u00f6tseln finns i produktbeskrivningarna f\u00f6r respektive art.<\/span><\/li>\n<\/ul>\n<h3><b>Problem med att h\u00e5lla myror<\/b><\/h3>\n<ol>\n<li><b> Myrd\u00f6dlighet - m\u00f6jliga orsaker<\/b><\/li>\n<\/ol>\n<ul>\n<li style=\"font-weight: 400;\" aria-level=\"1\"><b>Vattenkvalitet:<\/b>\n<ul>\n<li style=\"font-weight: 400;\" aria-level=\"2\"><span style=\"font-weight: 400;\">Kranvatten kan vara giftigt f\u00f6r myror p\u00e5 grund av klor eller koppar.<\/span><\/li>\n<li style=\"font-weight: 400;\" aria-level=\"2\"><b>Rekommendation: <\/b><span style=\"font-weight: 400;\">Anv\u00e4nd filtrerat vatten eller regnvatten, inte destillerat vatten.<\/span><\/li>\n<\/ul>\n<\/li>\n<li style=\"font-weight: 400;\" aria-level=\"1\"><b>Underlag:<\/b>\n<ul>\n<li style=\"font-weight: 400;\" aria-level=\"2\"><span style=\"font-weight: 400;\">F\u00e5gelsand inneh\u00e5ller desinfektionsmedel som kan skada myror.<\/span><\/li>\n<li style=\"font-weight: 400;\" aria-level=\"2\"><b>Rekommendation: <\/b><span style=\"font-weight: 400;\">Anv\u00e4nd v\u00e5ra f\u00e4rdiga <\/span><b>Golvbaser <\/b><span style=\"font-weight: 400;\">eller obehandlad kvartssand och tv\u00e4tta eller baka i f\u00f6rv\u00e4g.<\/span><\/li>\n<\/ul>\n<\/li>\n<li style=\"font-weight: 400;\" aria-level=\"1\"><b>V\u00e4xter:<\/b>\n<ul>\n<li style=\"font-weight: 400;\" aria-level=\"2\"><span style=\"font-weight: 400;\">Levande v\u00e4xter fr\u00e5n byggvaruhus eller tr\u00e4dg\u00e5rdscenter \u00e4r ofta behandlade med bek\u00e4mpningsmedel.<\/span><\/li>\n<li style=\"font-weight: 400;\" aria-level=\"2\"><b>Rekommendation: <\/b><span style=\"font-weight: 400;\">Anv\u00e4nd ekologiska v\u00e4xter eller v\u00e4xter fr\u00e5n specialiserade terrariebutiker.<\/span><\/li>\n<li style=\"font-weight: 400;\" aria-level=\"2\"><span style=\"font-weight: 400;\">Alternativt kan du ocks\u00e5 anv\u00e4nda v\u00e4xter som har f\u00f6rvarats i ditt hem i minst ett \u00e5r utan tillsats av bek\u00e4mpningsmedel eller g\u00f6dningsmedel.<\/span><\/li>\n<\/ul>\n<\/li>\n<li style=\"font-weight: 400;\" aria-level=\"1\"><b>Reng\u00f6ring:<\/b>\n<ul>\n<li style=\"font-weight: 400;\" aria-level=\"2\"><span style=\"font-weight: 400;\">Glasreng\u00f6ringsmedel och kemiska medel \u00e4r skadliga.<\/span><\/li>\n<li style=\"font-weight: 400;\" aria-level=\"2\"><b>Rekommendation: <\/b><span style=\"font-weight: 400;\">Anv\u00e4nd reng\u00f6ringsmedel med klart vatten eller organiskt reng\u00f6ringsmedel.<\/span><\/li>\n<\/ul>\n<\/li>\n<li style=\"font-weight: 400;\" aria-level=\"1\"><b>Konstruktion av formicarium:<\/b>\n<ul>\n<li style=\"font-weight: 400;\" aria-level=\"2\"><span style=\"font-weight: 400;\">Material med l\u00f6sningsmedel eller antibakteriellt silikon \u00e4r ol\u00e4mpliga.<\/span><\/li>\n<li style=\"font-weight: 400;\" aria-level=\"2\"><b>Rekommendation: <\/b><span style=\"font-weight: 400;\">Anv\u00e4nd l\u00f6sningsmedelsfria \u00e4mnen eller akvariesilikon.<\/span><\/li>\n<\/ul>\n<\/li>\n<li style=\"font-weight: 400;\" aria-level=\"1\"><b>Utfodring:<\/b>\n<ul>\n<li style=\"font-weight: 400;\" aria-level=\"2\"><span style=\"font-weight: 400;\">Konserveringsmedel och parasiter i livsmedelsdjur kan vara skadliga. Dessutom \u00e4r massuppf\u00f6dda livsmedelsdjur ofta angripna av kvalster, som kan skada myrorna.\u00a0<\/span><\/li>\n<li style=\"font-weight: 400;\" aria-level=\"2\"><b>Rekommendation: <\/b><span style=\"font-weight: 400;\">Anv\u00e4nd ekologisk mat eller insekter fr\u00e5n naturen, som samlats in p\u00e5 avst\u00e5nd fr\u00e5n v\u00e4gar och f\u00e4lt som kan vara f\u00f6rorenade med bek\u00e4mpningsmedel.<\/span><\/li>\n<\/ul>\n<\/li>\n<li style=\"font-weight: 400;\" aria-level=\"1\"><b>Temperatur:<\/b>\n<ul>\n<li style=\"font-weight: 400;\" aria-level=\"2\"><span style=\"font-weight: 400;\">Formicaria kan v\u00e4rmas upp avsev\u00e4rt p\u00e5 grund av direkt solljus.<\/span><\/li>\n<li style=\"font-weight: 400;\" aria-level=\"2\"><b>Rekommendation: <\/b><span style=\"font-weight: 400;\">Anv\u00e4nd en termometer med min\/max-funktion.<\/span><\/li>\n<\/ul>\n<\/li>\n<li style=\"font-weight: 400;\" aria-level=\"1\"><b>Vinterdvala:<\/b>\n<ul>\n<li style=\"font-weight: 400;\" aria-level=\"2\"><span style=\"font-weight: 400;\">Under vinterdvalan ska du se till att boet \u00e4r fuktigt f\u00f6r att undvika uttorkning.<\/span><\/li>\n<\/ul>\n<\/li>\n<\/ul>\n<ol start=\"2\">\n<li><b> drottningen l\u00e4gger inte \u00e4gg - m\u00f6jliga orsaker<\/b><\/li>\n<\/ol>\n<ul>\n<li style=\"font-weight: 400;\" aria-level=\"1\"><b>S\u00e4song: <\/b><span style=\"font-weight: 400;\">Europeiska arter l\u00e4gger inte \u00e4gg under h\u00f6st\/vinter<\/span><b>.<\/b><\/li>\n<li style=\"font-weight: 400;\" aria-level=\"1\"><b>Stress: <\/b><span style=\"font-weight: 400;\">Transport- eller bo-st\u00f6rningar kan g\u00f6ra drottningen orolig.<\/span><\/li>\n<li style=\"font-weight: 400;\" aria-level=\"1\"><b>Proteinbrist: <\/b><span style=\"font-weight: 400;\">Broddutveckling kr\u00e4ver proteinrik mat.<\/span><\/li>\n<li style=\"font-weight: 400;\" aria-level=\"1\"><b>Dolda \u00e4gg: <\/b><span style=\"font-weight: 400;\">\u00c4gg kan hittas i transportbeh\u00e5llaren eller i bomullsullen.<\/span><\/li>\n<li style=\"font-weight: 400;\" aria-level=\"1\"><b>Klimat: <\/b><span style=\"font-weight: 400;\">Optimala f\u00f6rh\u00e5llanden (substrat, m\u00f6rker, temperatur, luftfuktighet) \u00e4r avg\u00f6rande.<\/span><\/li>\n<li style=\"font-weight: 400;\" aria-level=\"1\"><b>Rekommendation: <\/b><span style=\"font-weight: 400;\">Nyb\u00f6rjare b\u00f6r v\u00e4lja arter f\u00f6r vilka det finns m\u00e5nga erfarenhetsrapporter.<\/span><\/li>\n<\/ul>\n<p><span style=\"font-weight: 400;\">Dessa riktlinjer ger grundl\u00e4ggande information om hur man h\u00e5ller myror p\u00e5 ett framg\u00e5ngsrikt s\u00e4tt. Om du har n\u00e5gra fr\u00e5gor eller problem rekommenderar vi att du kontaktar erfarna djurh\u00e5llare eller specialbutiker.<\/span><\/p>\n\n\t\t<\/div>\n\t\t\t\t\t<\/div>\n\n\t\n\n<\/div>","protected":false},"excerpt":{"rendered":"","protected":false},"author":1,"featured_media":0,"parent":0,"menu_order":0,"comment_status":"closed","ping_status":"closed","template":"","meta":{"_acf_changed":false,"content-type":"","_monsterinsights_skip_tracking":false,"_monsterinsights_sitenote_active":false,"_monsterinsights_sitenote_note":"","_monsterinsights_sitenote_category":0,"footnotes":""},"class_list":["post-10607","page","type-page","status-publish","hentry"],"acf":[],"aioseo_notices":[],"jetpack_sharing_enabled":true,"_links":{"self":[{"href":"https:\/\/antcube.shop\/sv\/wp-json\/wp\/v2\/pages\/10607","targetHints":{"allow":["GET"]}}],"collection":[{"href":"https:\/\/antcube.shop\/sv\/wp-json\/wp\/v2\/pages"}],"about":[{"href":"https:\/\/antcube.shop\/sv\/wp-json\/wp\/v2\/types\/page"}],"author":[{"embeddable":true,"href":"https:\/\/antcube.shop\/sv\/wp-json\/wp\/v2\/users\/1"}],"replies":[{"embeddable":true,"href":"https:\/\/antcube.shop\/sv\/wp-json\/wp\/v2\/comments?post=10607"}],"version-history":[{"count":5,"href":"https:\/\/antcube.shop\/sv\/wp-json\/wp\/v2\/pages\/10607\/revisions"}],"predecessor-version":[{"id":10717,"href":"https:\/\/antcube.shop\/sv\/wp-json\/wp\/v2\/pages\/10607\/revisions\/10717"}],"wp:attachment":[{"href":"https:\/\/antcube.shop\/sv\/wp-json\/wp\/v2\/media?parent=10607"}],"curies":[{"name":"wp","href":"https:\/\/api.w.org\/{rel}","templated":true}]}}