{"id":102,"date":"2013-08-11T19:22:53","date_gmt":"2013-08-11T19:22:53","guid":{"rendered":"http:\/\/localhost:8888\/test\/?page_id=532"},"modified":"2025-02-17T15:02:29","modified_gmt":"2025-02-17T14:02:29","slug":"kontakta","status":"publish","type":"page","link":"https:\/\/antcube.shop\/sv\/kontakta\/","title":{"rendered":"Kontakta"},"content":{"rendered":"<div id=\"gap-787499827\" class=\"gap-element clearfix\" style=\"display:block; height:auto;\">\n\t\t\n<style>\n#gap-787499827 {\n  padding-top: 30px;\n}\n<\/style>\n\t<\/div>\n\t\n\n<div class=\"row\"  id=\"row-1432677782\">\n\n\n\t<div id=\"col-1975527091\" class=\"col medium-6 large-6\"  >\n\t\t\t\t<div class=\"col-inner\"  >\n\t\t\t\n\t\t\t\n\n<div class=\"container section-title-container\" ><h3 class=\"section-title section-title-normal\"><b aria-hidden=\"true\"><\/b><span class=\"section-title-main\" >Vanliga fr\u00e5gor<\/span><b aria-hidden=\"true\"><\/b><\/h3><\/div>\n\n<p class=\"lead\">L\u00e4s v\u00e5r <a href=\"https:\/\/antcube.shop\/faq-shop\/\">VANLIGA FR\u00c5GOR<\/a> innan du skickar ett meddelande till oss.<\/p>\n<div class=\"accordion\">\n\n\t<div id=\"accordion-3233977124\" class=\"accordion-item\">\n\t\t<a id=\"accordion-3233977124-label\" class=\"accordion-title plain\" href=\"#accordion-item-you-do-not-know-what-ant-species-to-keep-or-which-formicarium-you-should-use?\" aria-expanded=\"false\" aria-controls=\"accordion-3233977124-content\">\n\t\t\t<button class=\"toggle\" aria-label=\"V\u00e4xel\"><i class=\"icon-angle-down\" aria-hidden=\"true\"><\/i><\/button>\n\t\t\t<span>Du vet inte vilka myrarter du ska h\u00e5lla eller vilket formicarium du ska anv\u00e4nda?<\/span>\n\t\t<\/a>\n\t\t<div id=\"accordion-3233977124-content\" class=\"accordion-inner\" aria-labelledby=\"accordion-3233977124-label\">\n\t\t\t\n\n<p>Prova v\u00e5r \"Ant Finder\" eller \"Formicarium Finder\" - v\u00e5r kundtj\u00e4nst online.<\/p>\n<p><a href=\"https:\/\/antcube.shop\/ant-finder\/\">Hitta din myrart<\/a><\/p>\n<p><a href=\"https:\/\/antcube.shop\/formicarium-finder\/\">Hitta ditt formicarium<\/a><\/p>\n\n\t\t<\/div>\n\t<\/div>\n\t\n\t<div id=\"accordion-2168464989\" class=\"accordion-item\">\n\t\t<a id=\"accordion-2168464989-label\" class=\"accordion-title plain\" href=\"#accordion-item-what-are-the-delivery-times-and-charges-for-orders-from-the-online-shop?\" aria-expanded=\"false\" aria-controls=\"accordion-2168464989-content\">\n\t\t\t<button class=\"toggle\" aria-label=\"V\u00e4xel\"><i class=\"icon-angle-down\" aria-hidden=\"true\"><\/i><\/button>\n\t\t\t<span>Vilka \u00e4r leveranstiderna och avgifterna f\u00f6r best\u00e4llningar fr\u00e5n webbutiken?<\/span>\n\t\t<\/a>\n\t\t<div id=\"accordion-2168464989-content\" class=\"accordion-inner\" aria-labelledby=\"accordion-2168464989-label\">\n\t\t\t\n\n<p>Du hittar information om ber\u00e4knad leveranstid h\u00e4r:<\/p>\n<p><a href=\"https:\/\/antcube.shop\/delivery-times\/\">Leveranstider<\/a><\/p>\n<p>Om du vill veta mer om ber\u00e4knade fraktkostnader och leveransbegr\u00e4nsningar kan du titta h\u00e4r:<\/p>\n<p><a href=\"https:\/\/antcube.shop\/shipping-costs-delivery-restrictions\/\">F\u00f6rs\u00e4ndelsekostnader\/ leveransbegr\u00e4nsningar<\/a><\/p>\n\n\t\t<\/div>\n\t<\/div>\n\t\n\t<div id=\"accordion-2974652798\" class=\"accordion-item\">\n\t\t<a id=\"accordion-2974652798-label\" class=\"accordion-title plain\" href=\"#accordion-item-you-have-questions-about-returns-or-refunds?\" aria-expanded=\"false\" aria-controls=\"accordion-2974652798-content\">\n\t\t\t<button class=\"toggle\" aria-label=\"V\u00e4xel\"><i class=\"icon-angle-down\" aria-hidden=\"true\"><\/i><\/button>\n\t\t\t<span>Har du fr\u00e5gor om returer eller \u00e5terbetalningar?<\/span>\n\t\t<\/a>\n\t\t<div id=\"accordion-2974652798-content\" class=\"accordion-inner\" aria-labelledby=\"accordion-2974652798-label\">\n\t\t\t\n\n<p><a href=\"https:\/\/antcube.shop\/refund-policy\/\">\u00c5terbetalningspolicy<\/a><\/p>\n<p><a href=\"https:\/\/antcube.shop\/terms-and-conditions\/\">Villkor och best\u00e4mmelser<\/a><\/p>\n\n\t\t<\/div>\n\t<\/div>\n\t\n\t<div id=\"accordion-135442112\" class=\"accordion-item\">\n\t\t<a id=\"accordion-135442112-label\" class=\"accordion-title plain\" href=\"#accordion-item-which-payment-methods-are-accepted-in-the-online-shop?\" aria-expanded=\"false\" aria-controls=\"accordion-135442112-content\">\n\t\t\t<button class=\"toggle\" aria-label=\"V\u00e4xel\"><i class=\"icon-angle-down\" aria-hidden=\"true\"><\/i><\/button>\n\t\t\t<span>Vilka betalningsmetoder accepteras i webbutiken?<\/span>\n\t\t<\/a>\n\t\t<div id=\"accordion-135442112-content\" class=\"accordion-inner\" aria-labelledby=\"accordion-135442112-label\">\n\t\t\t\n\n<p>Du hittar en \u00f6versikt \u00f6ver v\u00e5ra accepterade betalningsmetoder h\u00e4r:<\/p>\n<p><a href=\"https:\/\/antcube.shop\/payment-methods\/\">Betalningsmetoder<\/a><\/p>\n\n\t\t<\/div>\n\t<\/div>\n\t\n\t<div id=\"accordion-2935061804\" class=\"accordion-item\">\n\t\t<a id=\"accordion-2935061804-label\" class=\"accordion-title plain\" href=\"#accordion-item-you-are-looking-for-user-manuals-for-your-starter-set?\" aria-expanded=\"false\" aria-controls=\"accordion-2935061804-content\">\n\t\t\t<button class=\"toggle\" aria-label=\"V\u00e4xel\"><i class=\"icon-angle-down\" aria-hidden=\"true\"><\/i><\/button>\n\t\t\t<span>Du letar efter bruksanvisningar f\u00f6r din startupps\u00e4ttning?<\/span>\n\t\t<\/a>\n\t\t<div id=\"accordion-2935061804-content\" class=\"accordion-inner\" aria-labelledby=\"accordion-2935061804-label\">\n\t\t\t\n\n<p>Hitta PDF-manualer att skriva ut eller ladda ner h\u00e4r:<\/p>\n<p><a href=\"https:\/\/antcube.shop\/download\/\">Ladda ner<\/a><\/p>\n\n\t\t<\/div>\n\t<\/div>\n\t\n\t<div id=\"accordion-411362293\" class=\"accordion-item\">\n\t\t<a id=\"accordion-411362293-label\" class=\"accordion-title plain\" href=\"#accordion-item-you-need-more-information-about-certain-ant-species-or-ant-keeping-in-general?\" aria-expanded=\"false\" aria-controls=\"accordion-411362293-content\">\n\t\t\t<button class=\"toggle\" aria-label=\"V\u00e4xel\"><i class=\"icon-angle-down\" aria-hidden=\"true\"><\/i><\/button>\n\t\t\t<span>Beh\u00f6ver du mer information om vissa myrarter eller om myrh\u00e5llning i allm\u00e4nhet?<\/span>\n\t\t<\/a>\n\t\t<div id=\"accordion-411362293-content\" class=\"accordion-inner\" aria-labelledby=\"accordion-411362293-label\">\n\t\t\t\n\n<p>H\u00e4r hittar du vanliga fr\u00e5gor om myror och myrh\u00e5llning:<\/p>\n<p><a href=\"https:\/\/antcube.shop\/faq-ants\/\">Vanliga fr\u00e5gor om myror<\/a><\/p>\n<p><a href=\"https:\/\/antcube.shop\/catching-queen-ants\/\">Hur du f\u00e5ngar din myrdrottning<\/a><\/p>\n<p><a href=\"https:\/\/antcube.shop\/ant-species\/\">L\u00e4s mer om myror<\/a><\/p>\n<p><a href=\"https:\/\/antcube.shop\/social-media\/\">Titta p\u00e5 v\u00e5ra YouTube-kanaler, d\u00e4r kan du hitta anv\u00e4ndbara tips och information.<\/a><\/p>\n\n\t\t<\/div>\n\t<\/div>\n\t\n\t<div id=\"accordion-1481483885\" class=\"accordion-item\">\n\t\t<a id=\"accordion-1481483885-label\" class=\"accordion-title plain\" href=\"#accordion-item-you-have-questions-about-our-products?\" aria-expanded=\"false\" aria-controls=\"accordion-1481483885-content\">\n\t\t\t<button class=\"toggle\" aria-label=\"V\u00e4xel\"><i class=\"icon-angle-down\" aria-hidden=\"true\"><\/i><\/button>\n\t\t\t<span>Har du fr\u00e5gor om v\u00e5ra produkter?<\/span>\n\t\t<\/a>\n\t\t<div id=\"accordion-1481483885-content\" class=\"accordion-inner\" aria-labelledby=\"accordion-1481483885-label\">\n\t\t\t\n\n<p>Om du har fr\u00e5gor om v\u00e5ra produkter kan du f\u00f6rst ta en titt p\u00e5 respektive produktbeskrivning i v\u00e5r butik.<\/p>\n<p>Annars kan du hitta mer information h\u00e4r:<\/p>\n<p><a href=\"https:\/\/antcube.shop\/product-information\/\">Produktinformation<\/a><\/p>\n\n\t\t<\/div>\n\t<\/div>\n\t\n\n<\/div>\n\t<div id=\"gap-87813153\" class=\"gap-element clearfix\" style=\"display:block; height:auto;\">\n\t\t\n<style>\n#gap-87813153 {\n  padding-top: 60px;\n}\n<\/style>\n\t<\/div>\n\t\n\n\t<div class=\"img has-hover x md-x lg-x y md-y lg-y\" id=\"image_1268066227\">\n\t\t\t\t\t\t\t\t<div class=\"img-inner dark\" >\n\t\t\t<img data-recalc-dims=\"1\" loading=\"lazy\" decoding=\"async\" width=\"900\" height=\"900\" src=\"https:\/\/i0.wp.com\/antcube.shop\/wp-content\/uploads\/2021\/09\/Firmeneingang.jpg?resize=900%2C900&#038;ssl=1\" class=\"attachment-original size-original\" alt=\"ANTSTORE ing\u00e5ng\" srcset=\"https:\/\/i0.wp.com\/antcube.shop\/wp-content\/uploads\/2021\/09\/Firmeneingang.jpg?w=900&amp;ssl=1 900w, https:\/\/i0.wp.com\/antcube.shop\/wp-content\/uploads\/2021\/09\/Firmeneingang.jpg?resize=247%2C247&amp;ssl=1 247w, https:\/\/i0.wp.com\/antcube.shop\/wp-content\/uploads\/2021\/09\/Firmeneingang.jpg?resize=100%2C100&amp;ssl=1 100w, https:\/\/i0.wp.com\/antcube.shop\/wp-content\/uploads\/2021\/09\/Firmeneingang.jpg?resize=510%2C510&amp;ssl=1 510w, https:\/\/i0.wp.com\/antcube.shop\/wp-content\/uploads\/2021\/09\/Firmeneingang.jpg?resize=400%2C400&amp;ssl=1 400w, https:\/\/i0.wp.com\/antcube.shop\/wp-content\/uploads\/2021\/09\/Firmeneingang.jpg?resize=800%2C800&amp;ssl=1 800w, https:\/\/i0.wp.com\/antcube.shop\/wp-content\/uploads\/2021\/09\/Firmeneingang.jpg?resize=280%2C280&amp;ssl=1 280w, https:\/\/i0.wp.com\/antcube.shop\/wp-content\/uploads\/2021\/09\/Firmeneingang.jpg?resize=768%2C768&amp;ssl=1 768w\" sizes=\"auto, (max-width: 900px) 100vw, 900px\" \/>\t\t\t\t\t\t\n\t\t\t\t\t<\/div>\n\t\t\t\t\t\t\t\t\n<style>\n#image_1268066227 {\n  width: 100%;\n}\n<\/style>\n\t<\/div>\n\t\n\n\n\t\t<\/div>\n\t\t\t\t\t<\/div>\n\n\t\n\n\t<div id=\"col-1530958540\" class=\"col medium-6 large-6\"  >\n\t\t\t\t<div class=\"col-inner\"  >\n\t\t\t\n\t\t\t\n\n<div class=\"container section-title-container\" ><h3 class=\"section-title section-title-normal\"><b aria-hidden=\"true\"><\/b><span class=\"section-title-main\" >Kontakta oss<\/span><b aria-hidden=\"true\"><\/b><\/h3><\/div>\n\n<ul>\n<li><strong>E-post<\/strong>: contact@antcube.de<\/li>\n<li><strong>Telefon<\/strong>: <a href=\"tel:+49 30 439703870\">+49 30 439703870<\/a><\/li>\n<\/ul>\n<p><strong>Arbetstid <\/strong>(UTC\/GMT +1):<\/p>\n<ul>\n<li>Tisdag till fredag kl. 10.00-12.00 och kl. 13.00-18.00<\/li>\n<\/ul>\n<div class=\"container section-title-container\" ><h3 class=\"section-title section-title-normal\"><b aria-hidden=\"true\"><\/b><span class=\"section-title-main\" >Bes\u00f6k v\u00e5r butik<\/span><b aria-hidden=\"true\"><\/b><\/h3><\/div>\n\n<p><strong>Adress:<\/strong><\/p>\n<ul>\n<li>Gata: Selerweg 41<\/li>\n<li>Postnummer: D - 12169<\/li>\n<li>Stad: Berlin<\/li>\n<li>Land: Tyskland<\/li>\n<li>Distrikt: Steglitz-Zehlendorf<\/li>\n<\/ul>\n<p><strong>\u00d6ppettider<\/strong> (UTC\/GMT +1)<\/p>\n<ul>\n<li>Tisdag till fredag 13:00 - 18:00<\/li>\n<\/ul>\n<p><iframe loading=\"lazy\" style=\"border: 0;\" src=\"https:\/\/www.google.com\/maps\/embed?pb=!1m18!1m12!1m3!1d2431.3708399886823!2d13.335121715997175!3d52.454311048847416!2m3!1f0!2f0!3f0!3m2!1i1024!2i768!4f13.1!3m3!1m2!1s0x47a85a9242e5bc07%3A0xc44ee1d5a0728440!2sANTSTORE!5e0!3m2!1sde!2sde!4v1632470583913!5m2!1sde!2sde\" width=\"600\" height=\"450\" allowfullscreen=\"allowfullscreen\"><\/iframe><\/p>\n\n\t\t<\/div>\n\t\t\t\t\t<\/div>\n\n\t\n\n<\/div>","protected":false},"excerpt":{"rendered":"","protected":false},"author":1,"featured_media":27,"parent":0,"menu_order":0,"comment_status":"closed","ping_status":"closed","template":"page-blank.php","meta":{"_acf_changed":false,"content-type":"","_monsterinsights_skip_tracking":false,"_monsterinsights_sitenote_active":false,"_monsterinsights_sitenote_note":"","_monsterinsights_sitenote_category":0,"footnotes":""},"class_list":["post-102","page","type-page","status-publish","has-post-thumbnail","hentry"],"acf":[],"aioseo_notices":[],"jetpack_sharing_enabled":true,"_links":{"self":[{"href":"https:\/\/antcube.shop\/sv\/wp-json\/wp\/v2\/pages\/102","targetHints":{"allow":["GET"]}}],"collection":[{"href":"https:\/\/antcube.shop\/sv\/wp-json\/wp\/v2\/pages"}],"about":[{"href":"https:\/\/antcube.shop\/sv\/wp-json\/wp\/v2\/types\/page"}],"author":[{"embeddable":true,"href":"https:\/\/antcube.shop\/sv\/wp-json\/wp\/v2\/users\/1"}],"replies":[{"embeddable":true,"href":"https:\/\/antcube.shop\/sv\/wp-json\/wp\/v2\/comments?post=102"}],"version-history":[{"count":10,"href":"https:\/\/antcube.shop\/sv\/wp-json\/wp\/v2\/pages\/102\/revisions"}],"predecessor-version":[{"id":11083,"href":"https:\/\/antcube.shop\/sv\/wp-json\/wp\/v2\/pages\/102\/revisions\/11083"}],"wp:featuredmedia":[{"embeddable":true,"href":"https:\/\/antcube.shop\/sv\/wp-json\/wp\/v2\/media\/27"}],"wp:attachment":[{"href":"https:\/\/antcube.shop\/sv\/wp-json\/wp\/v2\/media?parent=102"}],"curies":[{"name":"wp","href":"https:\/\/api.w.org\/{rel}","templated":true}]}}