{"id":9887,"date":"2024-10-08T15:19:57","date_gmt":"2024-10-08T13:19:57","guid":{"rendered":"https:\/\/antcube.shop\/en\/product\/ameisenarena-rahmen-60x30-5cm\/"},"modified":"2026-04-08T09:49:16","modified_gmt":"2026-04-08T07:49:16","slug":"okvir-za-mravljisce-60x30-5cm","status":"publish","type":"product","link":"https:\/\/antcube.shop\/sl\/izdelek\/okvir-za-mravljisce-60x30-5cm\/","title":{"rendered":"Okvir za areno za mravlje 60\u00d730 - 5cm"},"content":{"rendered":"<p><strong>Dimenzije (Dx\u0160xV):<\/strong> 60x30x0,4 cm<br \/>\n\u0161irina 5 cm<\/p>\n<p><span data-text-color=\"alert\"><strong>POZOR: Primerno samo za na\u0161e pokrove za steklo in mre\u017eo 60\u00d730!<\/strong><\/span><\/p>\n<p><strong>Material:<\/strong> Plavajo\u010de steklo<\/p>\n<p><strong>Barva:<\/strong> kristalno \u010dista \/ prozorna<\/p>\n<p><strong>Vsebina:<\/strong><br \/>\n1x okvir za mravlji\u0161\u010de<\/p>\n<p><strong>Opis:<\/strong><br \/>\nStekleni okvir za mravlji\u0161\u010de kot za\u0161\u010dita pred pobegom<\/p>\n<p><strong>Uporaba:<\/strong><br \/>\nOkvir za mravlji\u0161\u010de je okvir iz stekla, ki se postavi na vrh mravlji\u0161\u010da in se na spodnji strani za\u0161\u010diti pred pobegom (z oljem, prahom ali barvo), da se mravljam prepre\u010di vdor.<\/p>\n<p><strong>Opomba:<\/strong><br \/>\nKer je izdelek narejen iz stekla in je zato krhek, je treba z njim ravnati zelo previdno. Steklo je rezano po velikosti v skladu z DIN 1249 z dovoljenim odstopanjem +\/- 1 mm. Za izjemno majhne vrste mravelj je nujna dodatna za\u0161\u010dita pred razbitjem.<\/p>","protected":false},"excerpt":{"rendered":"<p>Dimenzije (Dx\u0160xV): 60x30x0,4 cm \u0161irina 5 cm POZOR: Primerno samo za na\u0161e pokrove za steklo in mre\u017eo 60\u00d730! Material: Material: plavajo\u010de steklo Barva: kristalno \u010dista \/ prozorna Vsebina: Okvir za mravlji\u0161\u010de Opis: 1 x okvir za mravlji\u0161\u010de: Stekleni okvir za mravlji\u0161\u010de kot za\u0161\u010dita pred pobegom: Okvir za mravlji\u0161\u010de je okvir iz stekla, ki se namesti na vrh mravlji\u0161\u010da, da se izogne pobegu.","protected":false},"featured_media":10125,"comment_status":"open","ping_status":"closed","template":"","meta":{"_acf_changed":false,"content-type":"","_monsterinsights_skip_tracking":false,"_monsterinsights_sitenote_active":false,"_monsterinsights_sitenote_note":"","_monsterinsights_sitenote_category":0},"product_brand":[484],"product_cat":[91,93],"product_tag":[],"class_list":{"0":"post-9887","1":"product","2":"type-product","3":"status-publish","4":"has-post-thumbnail","6":"product_brand-antcube","7":"product_cat-formicarium-modules","8":"product_cat-arena-frame","10":"first","11":"instock","12":"taxable","13":"shipping-taxable","14":"purchasable","15":"product-type-simple"},"acf":[],"aioseo_notices":[],"jetpack_sharing_enabled":true,"_links":{"self":[{"href":"https:\/\/antcube.shop\/sl\/wp-json\/wp\/v2\/product\/9887","targetHints":{"allow":["GET"]}}],"collection":[{"href":"https:\/\/antcube.shop\/sl\/wp-json\/wp\/v2\/product"}],"about":[{"href":"https:\/\/antcube.shop\/sl\/wp-json\/wp\/v2\/types\/product"}],"replies":[{"embeddable":true,"href":"https:\/\/antcube.shop\/sl\/wp-json\/wp\/v2\/comments?post=9887"}],"wp:featuredmedia":[{"embeddable":true,"href":"https:\/\/antcube.shop\/sl\/wp-json\/wp\/v2\/media\/10125"}],"wp:attachment":[{"href":"https:\/\/antcube.shop\/sl\/wp-json\/wp\/v2\/media?parent=9887"}],"wp:term":[{"taxonomy":"product_brand","embeddable":true,"href":"https:\/\/antcube.shop\/sl\/wp-json\/wp\/v2\/product_brand?post=9887"},{"taxonomy":"product_cat","embeddable":true,"href":"https:\/\/antcube.shop\/sl\/wp-json\/wp\/v2\/product_cat?post=9887"},{"taxonomy":"product_tag","embeddable":true,"href":"https:\/\/antcube.shop\/sl\/wp-json\/wp\/v2\/product_tag?post=9887"}],"curies":[{"name":"wp","href":"https:\/\/api.w.org\/{rel}","templated":true}]}}