{"id":9884,"date":"2024-10-08T15:18:28","date_gmt":"2024-10-08T13:18:28","guid":{"rendered":"https:\/\/antcube.shop\/en\/product\/abdeckung-hybrid-60x30\/"},"modified":"2026-04-02T12:12:13","modified_gmt":"2026-04-02T10:12:13","slug":"hibridni-pokrov-60x30","status":"publish","type":"product","link":"https:\/\/antcube.shop\/sl\/izdelek\/hibridni-pokrov-60x30\/","title":{"rendered":"Hibridni pokrov 60\u00d730"},"content":{"rendered":"<p>Steklo, varno za mravlje in drozofile, + pokrov iz mre\u017eice iz nerjave\u010dega jekla. Skozi drobno mre\u017eo iz nerjavnega jekla ne morejo prodreti niti najmanj\u0161e \u017eivalske vrste in celo mravlje, ki re\u017eejo liste, je ne morejo prerezati.<\/p>\n<p><strong>Dimenzije (Dx\u0160xV):<\/strong> 60x30x0,4 cm<br \/>\n<strong>Povezave:<\/strong> 3x 50 mm luknja<br \/>\n11,7x 47,5 cm obmo\u010dje prezra\u010devanja<\/p>\n<p><strong>Material:<\/strong> float steklo, re\u0161etka iz nerjave\u010dega jekla<\/p>\n<p><strong>Barva:<\/strong> kristalno \u010dista \/ prozorna<\/p>\n<p><strong>Vsebina:<\/strong><br \/>\n1x hibridna prevleka 60\u00d730<br \/>\n1x pritrdilne to\u010dke \u00e0 4 kosi.<\/p>\n<p><strong>Opis:<\/strong><br \/>\nStekleni pokrov za mravlji\u0161\u010de kot za\u0161\u010dita pred pobegom<\/p>\n<p><strong>Uporaba:<\/strong><br \/>\nStekleno pokrivalo za mravlji\u0161\u010de se namesti na mravlji\u0161\u010de in se uporablja tudi za uravnavanje klime.<br \/>\nV 50-milimetrske odprtine je mogo\u010de vstaviti razli\u010dne module za nadzor klime, npr. prezra\u010devalne re\u0161etke, razsvetljavo ali vla\u017eenje zraka.<br \/>\nDa bi prepre\u010dili pobeg mravelj skozi odprtine, je treba na spodnjo stran okrog odprtin nanesti za\u0161\u010dito za pobeg (olje, pra\u0161ek ali lak).<\/p>\n<p><strong>Opomba:<\/strong><br \/>\nKer je izdelek narejen iz stekla in je zato krhek, je treba z njim ravnati zelo previdno.<\/p>","protected":false},"excerpt":{"rendered":"<p>Steklo, varno za mravlje in drozofile, + pokrov iz mre\u017eice iz nerjave\u010dega jekla. Skozi drobno mre\u017eo iz nerjavnega jekla ne morejo prodreti niti najmanj\u0161e \u017eivalske vrste in celo mravlje, ki re\u017eejo liste, je ne morejo prerezati. Dimenzije (Dx\u0160xV): 30x30x0,4 cm Priklju\u010dki: Material: float steklo, re\u0161etka iz nerjave\u010dega jekla Barva: kristalno \u010dista \/ prozorna [...]","protected":false},"featured_media":9891,"comment_status":"open","ping_status":"closed","template":"","meta":{"_acf_changed":false,"content-type":"","_monsterinsights_skip_tracking":false,"_monsterinsights_sitenote_active":false,"_monsterinsights_sitenote_note":"","_monsterinsights_sitenote_category":0},"product_brand":[484],"product_cat":[257,91,92],"product_tag":[],"class_list":{"0":"post-9884","1":"product","2":"type-product","3":"status-publish","4":"has-post-thumbnail","6":"product_brand-antcube","7":"product_cat-new-innovatve-products","8":"product_cat-formicarium-modules","9":"product_cat-arena-cover","11":"first","12":"instock","13":"taxable","14":"shipping-taxable","15":"purchasable","16":"product-type-simple"},"acf":[],"aioseo_notices":[],"jetpack_sharing_enabled":true,"_links":{"self":[{"href":"https:\/\/antcube.shop\/sl\/wp-json\/wp\/v2\/product\/9884","targetHints":{"allow":["GET"]}}],"collection":[{"href":"https:\/\/antcube.shop\/sl\/wp-json\/wp\/v2\/product"}],"about":[{"href":"https:\/\/antcube.shop\/sl\/wp-json\/wp\/v2\/types\/product"}],"replies":[{"embeddable":true,"href":"https:\/\/antcube.shop\/sl\/wp-json\/wp\/v2\/comments?post=9884"}],"wp:featuredmedia":[{"embeddable":true,"href":"https:\/\/antcube.shop\/sl\/wp-json\/wp\/v2\/media\/9891"}],"wp:attachment":[{"href":"https:\/\/antcube.shop\/sl\/wp-json\/wp\/v2\/media?parent=9884"}],"wp:term":[{"taxonomy":"product_brand","embeddable":true,"href":"https:\/\/antcube.shop\/sl\/wp-json\/wp\/v2\/product_brand?post=9884"},{"taxonomy":"product_cat","embeddable":true,"href":"https:\/\/antcube.shop\/sl\/wp-json\/wp\/v2\/product_cat?post=9884"},{"taxonomy":"product_tag","embeddable":true,"href":"https:\/\/antcube.shop\/sl\/wp-json\/wp\/v2\/product_tag?post=9884"}],"curies":[{"name":"wp","href":"https:\/\/api.w.org\/{rel}","templated":true}]}}