{"id":9881,"date":"2024-10-08T15:16:54","date_gmt":"2024-10-08T13:16:54","guid":{"rendered":"https:\/\/antcube.shop\/en\/product\/abdeckung-edelstahlgitter-20x20\/"},"modified":"2026-03-23T15:57:00","modified_gmt":"2026-03-23T14:57:00","slug":"pokrov-mreze-iz-nerjavecega-jekla-20x20","status":"publish","type":"product","link":"https:\/\/antcube.shop\/sl\/izdelek\/pokrov-mreze-iz-nerjavecega-jekla-20x20\/","title":{"rendered":"Pokrov mre\u017ee iz nerjave\u010dega jekla 20\u00d720"},"content":{"rendered":"<p>Steklo, varno za mravlje in drozofile, + pokrov iz mre\u017eice iz nerjave\u010dega jekla. Skozi drobno mre\u017eo iz nerjavnega jekla ne morejo prodreti niti najmanj\u0161e \u017eivalske vrste in celo mravlje, ki re\u017eejo liste, je ne morejo prerezati.<\/p>\n<p><strong>Dimenzije (Dx\u0160xV):<\/strong> 20x20x0,4 cm<br \/>\n11,7 \u00d7 11,7 cm obmo\u010dje prezra\u010devanja<\/p>\n<p><strong>Material:<\/strong> float steklo, mre\u017ea iz nerjave\u010dega jekla<\/p>\n<p><strong>Barva:<\/strong> kristalno \u010dista \/ prozorna<\/p>\n<p><strong>Vsebina:<\/strong><br \/>\n1x pokrov re\u0161etke iz nerjave\u010dega jekla 20\u00d720<br \/>\n1x pritrdilne to\u010dke \u00e0 4 kosi.<\/p>\n<p><strong>Opis:<\/strong><br \/>\nStekleni pokrov za mravlji\u0161\u010de kot za\u0161\u010dita pred pobegom<\/p>\n<p><strong>Uporaba:<\/strong><br \/>\nPrevleka za mravlji\u0161\u010de se namesti na mravlji\u0161\u010de in slu\u017ei tudi za uravnavanje podnebja.<\/p>\n<p><strong>Opomba:<\/strong><br \/>\nKer je izdelek narejen iz stekla in je zato krhek, je treba z njim ravnati zelo previdno.<\/p>","protected":false},"excerpt":{"rendered":"<p>Steklo, varno za mravlje in drozofile, + pokrov iz mre\u017eice iz nerjave\u010dega jekla. Skozi drobno mre\u017eo iz nerjavnega jekla ne morejo prodreti niti najmanj\u0161e \u017eivalske vrste in celo mravlje, ki re\u017eejo liste, je ne morejo prerezati. Dimenzije (Dx\u0160xV): 60x30x0,4 cm 17,5x47,5 cm prezra\u010devalna povr\u0161ina Material: float steklo, mre\u017ea iz nerjavnega jekla Barva: kristalno \u010dista \/ prozorna Vsebina: Sestavni del: 1x pokrov iz nerjave\u010dega jekla, re\u0161etka","protected":false},"featured_media":9889,"comment_status":"open","ping_status":"closed","template":"","meta":{"_acf_changed":false,"content-type":"","_monsterinsights_skip_tracking":false,"_monsterinsights_sitenote_active":false,"_monsterinsights_sitenote_note":"","_monsterinsights_sitenote_category":0},"product_brand":[484],"product_cat":[257,91,92],"product_tag":[],"class_list":{"0":"post-9881","1":"product","2":"type-product","3":"status-publish","4":"has-post-thumbnail","6":"product_brand-antcube","7":"product_cat-new-innovatve-products","8":"product_cat-formicarium-modules","9":"product_cat-arena-cover","11":"first","12":"instock","13":"taxable","14":"shipping-taxable","15":"purchasable","16":"product-type-simple"},"acf":[],"aioseo_notices":[],"jetpack_sharing_enabled":true,"_links":{"self":[{"href":"https:\/\/antcube.shop\/sl\/wp-json\/wp\/v2\/product\/9881","targetHints":{"allow":["GET"]}}],"collection":[{"href":"https:\/\/antcube.shop\/sl\/wp-json\/wp\/v2\/product"}],"about":[{"href":"https:\/\/antcube.shop\/sl\/wp-json\/wp\/v2\/types\/product"}],"replies":[{"embeddable":true,"href":"https:\/\/antcube.shop\/sl\/wp-json\/wp\/v2\/comments?post=9881"}],"wp:featuredmedia":[{"embeddable":true,"href":"https:\/\/antcube.shop\/sl\/wp-json\/wp\/v2\/media\/9889"}],"wp:attachment":[{"href":"https:\/\/antcube.shop\/sl\/wp-json\/wp\/v2\/media?parent=9881"}],"wp:term":[{"taxonomy":"product_brand","embeddable":true,"href":"https:\/\/antcube.shop\/sl\/wp-json\/wp\/v2\/product_brand?post=9881"},{"taxonomy":"product_cat","embeddable":true,"href":"https:\/\/antcube.shop\/sl\/wp-json\/wp\/v2\/product_cat?post=9881"},{"taxonomy":"product_tag","embeddable":true,"href":"https:\/\/antcube.shop\/sl\/wp-json\/wp\/v2\/product_tag?post=9881"}],"curies":[{"name":"wp","href":"https:\/\/api.w.org\/{rel}","templated":true}]}}