{"id":9878,"date":"2024-10-08T15:14:01","date_gmt":"2024-10-08T13:14:01","guid":{"rendered":"https:\/\/antcube.shop\/en\/product\/plantcube-vivarium-panorama\/"},"modified":"2026-03-19T14:16:40","modified_gmt":"2026-03-19T13:16:40","slug":"plantcube-vivarij-panorama-paket","status":"publish","type":"product","link":"https:\/\/antcube.shop\/sl\/izdelek\/plantcube-vivarij-panorama-paket\/","title":{"rendered":"PLANTCUBE - Vivarij 60x30x30 Panorama Bundle"},"content":{"rendered":"<p><span data-text-color=\"alert\"><strong>Dostava je mogo\u010da samo preko GO! znotraj Nem\u010dije ali preko palete znotraj Evrope (brez otokov)<\/strong><\/span><\/p>\n<h1><strong>PRIDOBITE KO\u0160\u010cEK NARAVE ZA SVOJ DOM<\/strong><\/h1>\n<p><strong>Vsebina:<\/strong><br \/>\n1x Vivarij PLANTCUBE 60x30x30 Panorama<br \/>\n1x hibridni pokrov 60\u00d730 (3x luknja 50 mm)<br \/>\n1x blazinica 60\u00d730<br \/>\n5x Grid insert acrylic &#8211; 50 mm with sealing ring<br \/>\n2x \u010depi za 10 mm luknjo<br \/>\n1x pritrdilne plo\u0161\u010dice za pokrov (4 kosi)<\/p>\n<p>Steklena kocka rezervoarja 30x30x30 cm z 2x stransko 50 mm luknjo in 2x stransko 10 mm luknjo<br \/>\nOdprtina 50 mm (sredi\u0161\u010dna to\u010dka) je na vi\u0161ini 15 cm. Spodnji rob luknje je ~12,5 cm.<\/p>\n<p><strong>Dimenzije:<\/strong> 600 x 300 x 300 mm; debelina stekla 4 mm<\/p>\n<p><strong>Material:<\/strong> float steklo<\/p>\n<p><strong>Stranske odprtine:<\/strong><br \/>\n2x luknja 50 mm<br \/>\n2x luknja 10 mm<\/p>\n<p>Z na\u0161imi vivariji PLANTCUBE lahko oblikujete lastno \u017eivo umetnino za svojo dnevno sobo. V PLANTCUBE lahko gojite tudi majhne \u017eivali, zato va\u0161a ustvarjalnost ni omejena.<\/p>\n<h2><strong>PLANTCUBE prilagodite svojim potrebam ali potrebam svojih rastlin in \u017eivali:<\/strong><\/h2>\n<p>Dve 10 mm luknjici na strani, ki sta na vi\u0161ini 2 cm (na sredini) od dna, sta namenjeni odvajanju odve\u010dne vode. Za odvajanje vode lahko na primer uporabite na\u0161o prozorno cev 10\/06 mm. Dve 50 mm luknji lahko zaprete s prilo\u017eenimi \u010depi ali pa slu\u017eita kot dodatno prezra\u010devanje, \u010de sta opremljeni z mre\u017eastimi vlo\u017eki. Tu lahko prek akrilne cevi celo pove\u017eete dve nastavitvi. \u010ce imate v vivariju \u017eivali, se lahko prosto gibljejo iz ene v drugo postavitev.<\/p>\n<p>Z na\u0161imi ustreznimi okvirji, mre\u017enimi vlo\u017eki ali \u010depi, svetilkami in klimatskimi napravami je mogo\u010de pokrov vivarija prilagoditi. Na\u0161e pokrove lahko prek dveh 50-milimetrskih lukenj opremite s \u010depi ali mre\u017eastimi vlo\u017eki, da dose\u017eete \u017eeleno vla\u017enost ali mo\u010dnej\u0161e prezra\u010devanje. Poleg tega lahko v 50-milimetrski odprtini neposredno vtaknemo tudi vti\u010dnice za svetilke, ventilatorje ali meglenke.<\/p>\n<p>Na\u0161i okvirji so potrebni le pri gojenju mravelj. Dodatno zavarujejo vivarij (\u010de je prevle\u010den s sredstvom za prepre\u010devanje pobega), da \u017eivali ne pobegnejo, predvsem pa poenostavijo vzdr\u017eevanje v odprtem vivariju. Poleg tega lahko pri uporabi okvirja pokrov po \u017eelji odstranite.<\/p>\n<h2><strong>Kako spremeniti svoj PLANTCUBE v bioaktivni ekosistem?:<\/strong><\/h2>\n<h3><strong>Ustvarite drena\u017eni sloj:<\/strong><\/h3>\n<p>Za podporo rastlinam morate v vivariju najprej zgraditi drena\u017eno plast. Priporo\u010damo vam, da uporabite 2-3 cm glinenih zrnc (4-8 mm), saj so lahka. Preden jih vstavite, jih obvezno operite pod teko\u010do vodo, da odstranite prah.<\/p>\n<p>Na glinene granule lahko polo\u017eite drena\u017eno tkanino, da lo\u010dite drena\u017eo od podlage.<\/p>\n<h3><strong>Katere rastline in zemljo uporabiti:<\/strong><\/h3>\n<p>Vse to je odvisno od vrste ekosistema, ki ga \u017eelite ustvariti. \u010ce \u017eelite zgraditi pu\u0161\u010davski ali precej suh vivarij, boste potrebovali rastline, ki dobro uspevajo v tak\u0161nem podnebju, in ustrezno zemljo, v kateri rade rastejo. Za tropske vivarije je seveda enako. Poskusite uporabiti rastline iz podobnih regij in\/ali podnebja, da bodo vse dobro uspele v isti vrsti tal in podnebja. Dobra trgovina z rastlinami bi morala vedno imeti informacije o ustreznem podnebju in tleh za rastline, ki jih prodaja.<\/p>\n<p><strong>Pomembno:<\/strong> \u010ce \u017eelite imeti rastline in \u017eivali skupaj, nikoli ne smete uporabljati rastlin, za katere ne veste, ali so bile v stiku z gnojili ali pesticidi. Uporabljajte le rastline iz trgovin s terariji ali podobnih trgovin, za katere je zagotovljeno, da so popolnoma brez pesticidov in gnojil. Ti lahko sicer povzro\u010dijo smrt \u017eivali.<\/p>\n<h3><strong>Uvedite \"\u010distilno ekipo\", ki bo poskrbela za bioaktivnost va\u0161ega vivarija<\/strong><\/h3>\n<p><strong>Kaj je bioaktivno?<\/strong> Kaj je bioaktivno? To je najbli\u017eje samopreskrbni nastavitvi. Gre za dodajanje ustrezne me\u0161anice zemlje in organskega materiala, da se lahko tvori mikroflora, ter potrebne mikro favne, da se v va\u0161em vivariju ustvari krog hranil.<\/p>\n<p>Na\u0161 nasvet: Vedno dodajte majhne \u017eivali, kot so \u0161kr\u017eatki in izopodi. Ti niso le dober \"neskon\u010den\" vir hrane, \u010de \u017eelite v svojem vivariju gojiti druge \u017eivali. Zlasti se hranijo s plesnimi, ki lahko nastanejo zaradi visoke vlage, in bogatijo zemljo s hranilnimi snovmi, kar omogo\u010da zdravo rast rastlin.<\/p>\n<p>V zemljo dodajte nekaj oglja, ki pomaga mikrobom pri naseljevanju. Mah in plutovinasto lubje ali beli gnili les poleg listja niso le naravnega videza v va\u0161i postavitvi, ampak tudi hranijo va\u0161o \"\u010distilno ekipo\", jim nudijo skrivali\u0161\u010da in mesta za razmno\u017eevanje ter se zlahka razgradijo v hranila za va\u0161e rastline.<\/p>\n<h3><strong>V naravi je vse v ravnovesju<\/strong><\/h3>\n<p>Vendar pa ni priporo\u010dljivo uporabljati dolo\u010denih vrst izopodov, ne da bi jim dodali kaj, kar jih lovi, saj populacija izopodov brez plenilcev, kot so na primer mravlje, rada uide izpod nadzora in rastline v va\u0161em vivariju hitro postanejo neza\u017eelen vir hrane. V naravi je vse v ravnovesju.<\/p>\n<p><strong>Dodatne informacije:<\/strong><br \/>\nSteklo je bru\u0161eno v skladu z DIN 1249 s toleranco +\/- 1 mm. Za izjemno majhne vrste mravelj je nujna dodatna za\u0161\u010dita pred prelomom.<\/p>\n<div class=\"row\"  id=\"row-437190064\">\n\n\t<div id=\"col-1910506176\" class=\"col small-12 large-12\"  >\n\t\t\t\t<div class=\"col-inner\"  >\n\t\t\t\n\t\t\t\n\t<div id=\"text-1011747681\" class=\"text\">\n\t\t\n<h2>Spodaj najdete nekaj trgovin, ki jih lahko priporo\u010dimo, in dodatne informacije o tem, kako ustvariti edinstven in bioaktiven PLANTCUBE:<\/h2>\n\t\t\n<style>\n#text-1011747681 {\n  font-size: 1rem;\n  text-align: center;\n}\n<\/style>\n\t<\/div>\n\t\n\t<div id=\"gap-681586609\" class=\"gap-element clearfix\" style=\"display:block; height:auto;\">\n\t\t\n<style>\n#gap-681586609 {\n  padding-top: 40px;\n}\n<\/style>\n\t<\/div>\n\t\n\t\t<\/div>\n\t\t\t\t\n<style>\n#col-1910506176 > .col-inner {\n  padding: 30px 0px 0px 0px;\n}\n<\/style>\n\t<\/div>\n\n\t\n\n\t<div id=\"col-661259304\" class=\"col medium-6 small-12 large-6\"  >\n\t\t\t\t<div class=\"col-inner\"  >\n\t\t\t\n\t\t\t\n\n\t<section class=\"section\" id=\"section_1561710428\">\n\t\t<div class=\"section-bg fill\" >\n\t\t\t<img data-recalc-dims=\"1\" loading=\"lazy\" decoding=\"async\" width=\"1020\" height=\"574\" src=\"https:\/\/i0.wp.com\/antcube.shop\/wp-content\/uploads\/2024\/10\/2560x1440_youtube-Banner-2.png?resize=1020%2C574&#038;ssl=1\" class=\"bg attachment- size-\" alt=\"\" \/>\t\t\t\t\t\t\n\t\t\t\n\n\t\t<\/div>\n\n\t\t\n\n\t\t<div class=\"section-content relative\">\n\t\t\t\n<div class=\"row align-center\"  id=\"row-1548045294\">\n\n\t<div id=\"col-311749356\" class=\"col medium-10 small-12 large-10\"  >\n\t\t\t\t<div class=\"col-inner text-center\"  >\n\t\t\t\n\t\t\t\n<h2 class=\"uppercase\">Vodnik korak za korakom na na\u0161em blogu<\/h2>\n<a href=\"https:\/\/antcube.shop\/en\/2024\/10\/22\/how-to-create-your-bioactive-vivarium\/\" class=\"button primary\" >\n\t\t<span>BLOG<\/span>\n\t<\/a>\n\n\t\t<\/div>\n\t\t\t\t\n<style>\n#col-311749356 > .col-inner {\n  margin: -150px 0px 0px 0px;\n}\n@media (min-width:550px) {\n  #col-311749356 > .col-inner {\n    margin: -200px 0px 0px 0px;\n  }\n}\n<\/style>\n\t<\/div>\n\n\t\n<\/div>\n\t\t<\/div>\n\n\t\t\n<style>\n#section_1561710428 {\n  padding-top: 60px;\n  padding-bottom: 60px;\n  min-height: 300px;\n  background-color: rgb(255,255,255);\n}\n#section_1561710428 .section-bg img {\n  object-position: 50% 0%;\n}\n<\/style>\n\t<\/section>\n\t\n\t\t<\/div>\n\t\t\t\t\t<\/div>\n\n\t\n\n\t<div id=\"col-822696775\" class=\"col medium-6 small-12 large-6\"  >\n\t\t\t\t<div class=\"col-inner\"  >\n\t\t\t\n\t\t\t\n\n\t<section class=\"section\" id=\"section_170189894\">\n\t\t<div class=\"section-bg fill\" >\n\t\t\t<img data-recalc-dims=\"1\" loading=\"lazy\" decoding=\"async\" width=\"1020\" height=\"680\" src=\"https:\/\/i0.wp.com\/antcube.shop\/wp-content\/uploads\/2024\/10\/Collage_FULL-HD_-2-scaled.jpg?resize=1020%2C680&#038;ssl=1\" class=\"bg attachment-original size-original\" alt=\"\" \/>\t\t\t\t\t\t\n\t\t\t\n\n\t\t<\/div>\n\n\t\t\n\n\t\t<div class=\"section-content relative\">\n\t\t\t\n<div class=\"row align-center\"  id=\"row-1824371938\">\n\n\t<div id=\"col-1954921878\" class=\"col medium-10 small-12 large-10\"  >\n\t\t\t\t<div class=\"col-inner text-center\"  >\n\t\t\t\n\t\t\t\n<h2 class=\"uppercase\">Dodatne informacije o plantcube<\/h2>\n<a href=\"https:\/\/antcube.shop\/en\/plantcube\/\" class=\"button primary\" >\n\t\t<span>plantcube<\/span>\n\t<\/a>\n\n\t\t<\/div>\n\t\t\t\t\n<style>\n#col-1954921878 > .col-inner {\n  margin: -150px 0px 0px 0px;\n}\n@media (min-width:550px) {\n  #col-1954921878 > .col-inner {\n    margin: -200px 0px 0px 0px;\n  }\n}\n<\/style>\n\t<\/div>\n\n\t\n<\/div>\n\t\t<\/div>\n\n\t\t\n<style>\n#section_170189894 {\n  padding-top: 60px;\n  padding-bottom: 60px;\n  min-height: 300px;\n}\n#section_170189894 .section-bg img {\n  object-position: 51% 0%;\n}\n<\/style>\n\t<\/section>\n\t\n\t\t<\/div>\n\t\t\t\t\t<\/div>\n\n\t\n<\/div>","protected":false},"excerpt":{"rendered":"<p>Ta paket je sestavljen iz 13 delov<\/p>","protected":false},"featured_media":9930,"comment_status":"open","ping_status":"closed","template":"","meta":{"_acf_changed":false,"content-type":"","_monsterinsights_skip_tracking":false,"_monsterinsights_sitenote_active":false,"_monsterinsights_sitenote_note":"","_monsterinsights_sitenote_category":0},"product_brand":[483],"product_cat":[257,341],"product_tag":[],"class_list":{"0":"post-9878","1":"product","2":"type-product","3":"status-publish","4":"has-post-thumbnail","6":"product_brand-plantcube","7":"product_cat-new-innovatve-products","8":"product_cat-vivariums","10":"first","11":"instock","12":"taxable","13":"shipping-taxable","14":"purchasable","15":"product-type-simple"},"acf":[],"aioseo_notices":[],"jetpack_sharing_enabled":true,"_links":{"self":[{"href":"https:\/\/antcube.shop\/sl\/wp-json\/wp\/v2\/product\/9878","targetHints":{"allow":["GET"]}}],"collection":[{"href":"https:\/\/antcube.shop\/sl\/wp-json\/wp\/v2\/product"}],"about":[{"href":"https:\/\/antcube.shop\/sl\/wp-json\/wp\/v2\/types\/product"}],"replies":[{"embeddable":true,"href":"https:\/\/antcube.shop\/sl\/wp-json\/wp\/v2\/comments?post=9878"}],"wp:featuredmedia":[{"embeddable":true,"href":"https:\/\/antcube.shop\/sl\/wp-json\/wp\/v2\/media\/9930"}],"wp:attachment":[{"href":"https:\/\/antcube.shop\/sl\/wp-json\/wp\/v2\/media?parent=9878"}],"wp:term":[{"taxonomy":"product_brand","embeddable":true,"href":"https:\/\/antcube.shop\/sl\/wp-json\/wp\/v2\/product_brand?post=9878"},{"taxonomy":"product_cat","embeddable":true,"href":"https:\/\/antcube.shop\/sl\/wp-json\/wp\/v2\/product_cat?post=9878"},{"taxonomy":"product_tag","embeddable":true,"href":"https:\/\/antcube.shop\/sl\/wp-json\/wp\/v2\/product_tag?post=9878"}],"curies":[{"name":"wp","href":"https:\/\/api.w.org\/{rel}","templated":true}]}}