{"id":9349,"date":"2024-09-17T16:27:32","date_gmt":"2024-09-17T14:27:32","guid":{"rendered":"https:\/\/antcube.shop\/en\/product\/antcube-popcorn-nest-60x30-l\/"},"modified":"2026-03-02T09:48:53","modified_gmt":"2026-03-02T08:48:53","slug":"gnezdo-za-popcorn-60x30-l","status":"publish","type":"product","link":"https:\/\/antcube.shop\/sl\/izdelek\/gnezdo-za-popcorn-60x30-l\/","title":{"rendered":"ANTCUBE - Gnezdo za popcorn 60\u00d730 - L"},"content":{"rendered":"<p><strong>Dimenzije:<\/strong> 583x237x19 mm<\/p>\n<p><strong>Material:<\/strong> Popkorn, stisnjen s saharozo in beljakovinami<\/p>\n<p><strong>Prilega se samo v<\/strong> na\u0161a velikost L mravlji\u0161\u010da<\/p>\n<p><strong>Opis:<\/strong> To gnezdo iz popkorna z monta\u017enimi prehodi in komorami je kot nala\u0161\u010d za mravlje vrste Messor, pa tudi za druge vrste mravelj, ki zbirajo zrnje. Ima luknjo za dostop do gnezda. Gnezdo iz popkorna vpija vlago in se lahko zaradi tega skr\u010di, zato<strong> mora biti vedno suha.<\/strong> Messor barbarus zelo dobro sprejema na\u0161e gnezdo ANTCUBE iz popkorna kot hranilnico. S\u010dasoma za\u010dnejo mravlje \u0161iriti gnezdo iz popkorna in se prebijajo skozi gnezditveni material.<\/p>\n<p>Gnezdo iz popkorna lahko uporabljate le za vrste mravelj, ki potrebujejo zelo malo ali ni\u010d vlage v obmo\u010dju gnezda.<\/p>","protected":false},"excerpt":{"rendered":"<p><strong>Velikost: L<\/strong><\/p>","protected":false},"featured_media":9449,"comment_status":"open","ping_status":"closed","template":"","meta":{"_acf_changed":false,"content-type":"","_monsterinsights_skip_tracking":false,"_monsterinsights_sitenote_active":false,"_monsterinsights_sitenote_note":"","_monsterinsights_sitenote_category":0},"product_brand":[484],"product_cat":[257,344,87],"product_tag":[],"class_list":{"0":"post-9349","1":"product","2":"type-product","3":"status-publish","4":"has-post-thumbnail","6":"product_brand-antcube","7":"product_cat-new-innovatve-products","8":"product_cat-popcorn","9":"product_cat-nest-insets","11":"first","12":"instock","13":"taxable","14":"shipping-taxable","15":"purchasable","16":"product-type-simple"},"acf":[],"aioseo_notices":[],"jetpack_sharing_enabled":true,"_links":{"self":[{"href":"https:\/\/antcube.shop\/sl\/wp-json\/wp\/v2\/product\/9349","targetHints":{"allow":["GET"]}}],"collection":[{"href":"https:\/\/antcube.shop\/sl\/wp-json\/wp\/v2\/product"}],"about":[{"href":"https:\/\/antcube.shop\/sl\/wp-json\/wp\/v2\/types\/product"}],"replies":[{"embeddable":true,"href":"https:\/\/antcube.shop\/sl\/wp-json\/wp\/v2\/comments?post=9349"}],"wp:featuredmedia":[{"embeddable":true,"href":"https:\/\/antcube.shop\/sl\/wp-json\/wp\/v2\/media\/9449"}],"wp:attachment":[{"href":"https:\/\/antcube.shop\/sl\/wp-json\/wp\/v2\/media?parent=9349"}],"wp:term":[{"taxonomy":"product_brand","embeddable":true,"href":"https:\/\/antcube.shop\/sl\/wp-json\/wp\/v2\/product_brand?post=9349"},{"taxonomy":"product_cat","embeddable":true,"href":"https:\/\/antcube.shop\/sl\/wp-json\/wp\/v2\/product_cat?post=9349"},{"taxonomy":"product_tag","embeddable":true,"href":"https:\/\/antcube.shop\/sl\/wp-json\/wp\/v2\/product_tag?post=9349"}],"curies":[{"name":"wp","href":"https:\/\/api.w.org\/{rel}","templated":true}]}}