{"id":9345,"date":"2024-09-17T16:25:36","date_gmt":"2024-09-17T14:25:36","guid":{"rendered":"https:\/\/antcube.shop\/en\/product\/ameisenarena-rahmen-30x15\/"},"modified":"2026-03-16T10:36:55","modified_gmt":"2026-03-16T09:36:55","slug":"okvir-za-mravljisce-30x15","status":"publish","type":"product","link":"https:\/\/antcube.shop\/sl\/izdelek\/okvir-za-mravljisce-30x15\/","title":{"rendered":"Okvir arene za mravlje 30\u00d715"},"content":{"rendered":"<p><strong>Dimenzije (Dx\u0160xV):<\/strong> 30x15x0,4 cm<\/p>\n<p><strong>Material:<\/strong> float steklo<\/p>\n<p><strong>Barva:<\/strong> kristalno \u010dista \/ prozorna<\/p>\n<p><strong>Vsebina:<\/strong><br \/>\n1x okvir za mravlji\u0161\u010de<\/p>\n<p><strong>Opis:<\/strong><br \/>\nStekleni okvir za mravlji\u0161\u010de kot za\u0161\u010dita pred pobegom. Primerno za na\u0161e stenske mravlji\u0161\u010da.<\/p>\n<p><strong>Uporaba:<\/strong><br \/>\nOkvir za mravlji\u0161\u010de je okvir iz stekla, ki se postavi na vrh mravlji\u0161\u010da, na spodnji strani pa je opremljen z za\u0161\u010dito za pobeg (olje, pra\u0161ek ali lak), ki prepre\u010duje mravljam, da bi se iz njega izmuznile.<\/p>\n<p><strong>Opomba:<\/strong><br \/>\nKer je izdelek narejen iz stekla in je zato krhek, je treba z njim ravnati zelo previdno. Steklo je rezano po velikosti v skladu z DIN 1249 z dovoljenim odstopanjem +\/- 1 mm. Za izjemno majhne vrste mravelj je nujna dodatna za\u0161\u010dita pred razbitjem.<\/p>","protected":false},"excerpt":{"rendered":"<p>Dimenzije (Dx\u0160xV): 30x15x0,4 cm Material: float steklo Barva: kristalno \u010dista \/ prozorna Vsebina: Vsebuje: 1x okvir za mravlji\u0161\u010de Opis: Stekleni okvir za mravlji\u0161\u010de kot za\u0161\u010dita pred pobegom. Primeren za na\u0161e stenske arene za mravlje. Primeren za uporabo: Okvir za mravlji\u0161\u010de je okvir iz stekla, ki se namesti na vrh mravlji\u0161\u010da in zagotavlja","protected":false},"featured_media":9466,"comment_status":"open","ping_status":"closed","template":"","meta":{"_acf_changed":false,"content-type":"","_monsterinsights_skip_tracking":false,"_monsterinsights_sitenote_active":false,"_monsterinsights_sitenote_note":"","_monsterinsights_sitenote_category":0},"product_brand":[484],"product_cat":[91,93],"product_tag":[],"class_list":{"0":"post-9345","1":"product","2":"type-product","3":"status-publish","4":"has-post-thumbnail","6":"product_brand-antcube","7":"product_cat-formicarium-modules","8":"product_cat-arena-frame","10":"first","11":"instock","12":"taxable","13":"shipping-taxable","14":"purchasable","15":"product-type-simple"},"acf":[],"aioseo_notices":[],"jetpack_sharing_enabled":true,"_links":{"self":[{"href":"https:\/\/antcube.shop\/sl\/wp-json\/wp\/v2\/product\/9345","targetHints":{"allow":["GET"]}}],"collection":[{"href":"https:\/\/antcube.shop\/sl\/wp-json\/wp\/v2\/product"}],"about":[{"href":"https:\/\/antcube.shop\/sl\/wp-json\/wp\/v2\/types\/product"}],"replies":[{"embeddable":true,"href":"https:\/\/antcube.shop\/sl\/wp-json\/wp\/v2\/comments?post=9345"}],"wp:featuredmedia":[{"embeddable":true,"href":"https:\/\/antcube.shop\/sl\/wp-json\/wp\/v2\/media\/9466"}],"wp:attachment":[{"href":"https:\/\/antcube.shop\/sl\/wp-json\/wp\/v2\/media?parent=9345"}],"wp:term":[{"taxonomy":"product_brand","embeddable":true,"href":"https:\/\/antcube.shop\/sl\/wp-json\/wp\/v2\/product_brand?post=9345"},{"taxonomy":"product_cat","embeddable":true,"href":"https:\/\/antcube.shop\/sl\/wp-json\/wp\/v2\/product_cat?post=9345"},{"taxonomy":"product_tag","embeddable":true,"href":"https:\/\/antcube.shop\/sl\/wp-json\/wp\/v2\/product_tag?post=9345"}],"curies":[{"name":"wp","href":"https:\/\/api.w.org\/{rel}","templated":true}]}}