{"id":9340,"date":"2024-09-17T16:22:38","date_gmt":"2024-09-17T14:22:38","guid":{"rendered":"https:\/\/antcube.shop\/en\/product\/lupendose-3fach-30mm\/"},"modified":"2026-02-21T17:49:10","modified_gmt":"2026-02-21T16:49:10","slug":"povecevalna-skatla-3x-30mm","status":"publish","type":"product","link":"https:\/\/antcube.shop\/sl\/izdelek\/povecevalna-skatla-3x-30mm\/","title":{"rendered":"Pove\u010devalna \u0161katlica - 3x - 30 mm"},"content":{"rendered":"<p><strong>Dimenzije:<\/strong> 27 x 27 x 29 mm zunaj<br \/>\n<strong>Opis:<\/strong> 3-kratna pove\u010dava. Idealno za opazovanje \u017eivih mravelj, saj \u017eivali ne morejo pobegniti iz posode.<\/p>","protected":false},"excerpt":{"rendered":"<p>Dimenzije: Opis: 27 x 27 x 29 mm zunanja stran: Pove\u010dava 3x. Idealna za opazovanje \u017eivih mravelj, saj \u017eivali ne morejo pobegniti iz posode.<\/p>","protected":false},"featured_media":9788,"comment_status":"open","ping_status":"closed","template":"","meta":{"_acf_changed":false,"content-type":"","_monsterinsights_skip_tracking":false,"_monsterinsights_sitenote_active":false,"_monsterinsights_sitenote_note":"","_monsterinsights_sitenote_category":0},"product_brand":[],"product_cat":[237],"product_tag":[],"class_list":{"0":"post-9340","1":"product","2":"type-product","3":"status-publish","4":"has-post-thumbnail","6":"product_cat-tools","8":"first","9":"outofstock","10":"taxable","11":"shipping-taxable","12":"purchasable","13":"product-type-simple"},"acf":[],"aioseo_notices":[],"jetpack_sharing_enabled":true,"_links":{"self":[{"href":"https:\/\/antcube.shop\/sl\/wp-json\/wp\/v2\/product\/9340","targetHints":{"allow":["GET"]}}],"collection":[{"href":"https:\/\/antcube.shop\/sl\/wp-json\/wp\/v2\/product"}],"about":[{"href":"https:\/\/antcube.shop\/sl\/wp-json\/wp\/v2\/types\/product"}],"replies":[{"embeddable":true,"href":"https:\/\/antcube.shop\/sl\/wp-json\/wp\/v2\/comments?post=9340"}],"wp:featuredmedia":[{"embeddable":true,"href":"https:\/\/antcube.shop\/sl\/wp-json\/wp\/v2\/media\/9788"}],"wp:attachment":[{"href":"https:\/\/antcube.shop\/sl\/wp-json\/wp\/v2\/media?parent=9340"}],"wp:term":[{"taxonomy":"product_brand","embeddable":true,"href":"https:\/\/antcube.shop\/sl\/wp-json\/wp\/v2\/product_brand?post=9340"},{"taxonomy":"product_cat","embeddable":true,"href":"https:\/\/antcube.shop\/sl\/wp-json\/wp\/v2\/product_cat?post=9340"},{"taxonomy":"product_tag","embeddable":true,"href":"https:\/\/antcube.shop\/sl\/wp-json\/wp\/v2\/product_tag?post=9340"}],"curies":[{"name":"wp","href":"https:\/\/api.w.org\/{rel}","templated":true}]}}