{"id":9330,"date":"2024-09-17T16:18:59","date_gmt":"2024-09-17T14:18:59","guid":{"rendered":"https:\/\/antcube.shop\/en\/product\/alpha-ants-mini-scheibenmagnet-eckig\/"},"modified":"2026-03-31T18:19:04","modified_gmt":"2026-03-31T16:19:04","slug":"alpha-ants-mini-scheibenmagnet-eckig","status":"publish","type":"product","link":"https:\/\/antcube.shop\/sl\/izdelek\/alpha-ants-mini-scheibenmagnet-eckig\/","title":{"rendered":"Alpha Ants mini magnet z diskom - kvadratni"},"content":{"rendered":"<p><strong>Opis:<\/strong> Poznate te\u017eavo: va\u0161e mravlje so spet razmetale stekla v gnezdu ali jih zasule s peskom? S tem majhnim magnetom z mini diskom lahko o\u010distite prehode in komore v akvariju.<\/p>\n<p>To so izjemno mo\u010dni kakovostni magneti. Z vodilnim magnetom lahko premikate majhen magnet za \u010di\u0161\u010denje po formikariju in \u010distite umazana stekla od znotraj.<\/p>\n<p><strong>Opomba:<\/strong> Ne dovolite, da bi magneti tr\u010dili (udarjali), saj so krhki.<\/p>\n<p><strong>Vsebina:<\/strong> 2 izjemno mo\u010dna diskasta magneta (10x10x4 mm in 3x2x2 mm)<\/p>","protected":false},"excerpt":{"rendered":"<p>Opis: Ali poznate te\u017eavo: va\u0161e mravlje so ponovno naredile nered na steklih v gnezdu ali jih zasule s peskom? S tem majhnim mini magnetom z diskom lahko o\u010distite prehode in komore v akvariju. To so izjemno mo\u010dni kakovostni magneti. Za premikanje lahko uporabite vodilni magnet","protected":false},"featured_media":9804,"comment_status":"open","ping_status":"closed","template":"","meta":{"_acf_changed":false,"content-type":"","_monsterinsights_skip_tracking":false,"_monsterinsights_sitenote_active":false,"_monsterinsights_sitenote_note":"","_monsterinsights_sitenote_category":0},"product_brand":[],"product_cat":[237],"product_tag":[],"class_list":{"0":"post-9330","1":"product","2":"type-product","3":"status-publish","4":"has-post-thumbnail","6":"product_cat-tools","8":"first","9":"instock","10":"taxable","11":"shipping-taxable","12":"purchasable","13":"product-type-simple"},"acf":[],"aioseo_notices":[],"jetpack_sharing_enabled":true,"_links":{"self":[{"href":"https:\/\/antcube.shop\/sl\/wp-json\/wp\/v2\/product\/9330","targetHints":{"allow":["GET"]}}],"collection":[{"href":"https:\/\/antcube.shop\/sl\/wp-json\/wp\/v2\/product"}],"about":[{"href":"https:\/\/antcube.shop\/sl\/wp-json\/wp\/v2\/types\/product"}],"replies":[{"embeddable":true,"href":"https:\/\/antcube.shop\/sl\/wp-json\/wp\/v2\/comments?post=9330"}],"wp:featuredmedia":[{"embeddable":true,"href":"https:\/\/antcube.shop\/sl\/wp-json\/wp\/v2\/media\/9804"}],"wp:attachment":[{"href":"https:\/\/antcube.shop\/sl\/wp-json\/wp\/v2\/media?parent=9330"}],"wp:term":[{"taxonomy":"product_brand","embeddable":true,"href":"https:\/\/antcube.shop\/sl\/wp-json\/wp\/v2\/product_brand?post=9330"},{"taxonomy":"product_cat","embeddable":true,"href":"https:\/\/antcube.shop\/sl\/wp-json\/wp\/v2\/product_cat?post=9330"},{"taxonomy":"product_tag","embeddable":true,"href":"https:\/\/antcube.shop\/sl\/wp-json\/wp\/v2\/product_tag?post=9330"}],"curies":[{"name":"wp","href":"https:\/\/api.w.org\/{rel}","templated":true}]}}