{"id":9323,"date":"2024-09-17T16:16:22","date_gmt":"2024-09-17T14:16:22","guid":{"rendered":"https:\/\/antcube.shop\/en\/product\/greifzange-60-cm\/"},"modified":"2026-04-09T09:58:37","modified_gmt":"2026-04-09T07:58:37","slug":"oprijemalo-60-cm","status":"publish","type":"product","link":"https:\/\/antcube.shop\/sl\/izdelek\/oprijemalo-60-cm\/","title":{"rendered":"Prijemalo 60 cm"},"content":{"rendered":"<p><strong>Dol\u017eina:<\/strong> 60 cm<\/p>\n<p><strong>Opis:<\/strong> S to prijemalno roko lahko delate na obmo\u010djih, ki so za roke nedostopna, in odstranjujete dele iz cevi ali cevovodov. Premer sprednjega dela 10,5 mm. Prilega se luknji velikosti 11 mm. Razpon prijemal je 20 mm.<\/p>\n<p><strong>Opomba:<\/strong><br \/>\n\u010ce se v kle\u0161\u010de zataknejo deli telesa, obstaja nevarnost po\u0161kodb.<\/p>","protected":false},"excerpt":{"rendered":"<p>Dol\u017eina: 60 cm Opis: S to prijemalno roko je mogo\u010de delovati na obmo\u010djih, ki so nedostopna za roke, in odstranjevati dele iz cevi ali cevovodov. Premer sprednjega dela 10,5 mm. Prilega se luknji 11 mm. Razpon prijemal je 20 mm. Opomba: Obstaja nevarnost po\u0161kodb, \u010de se deli telesa","protected":false},"featured_media":9580,"comment_status":"open","ping_status":"closed","template":"","meta":{"_acf_changed":false,"content-type":"","_monsterinsights_skip_tracking":false,"_monsterinsights_sitenote_active":false,"_monsterinsights_sitenote_note":"","_monsterinsights_sitenote_category":0},"product_brand":[],"product_cat":[237],"product_tag":[],"class_list":{"0":"post-9323","1":"product","2":"type-product","3":"status-publish","4":"has-post-thumbnail","6":"product_cat-tools","8":"first","9":"instock","10":"taxable","11":"shipping-taxable","12":"purchasable","13":"product-type-simple"},"acf":[],"aioseo_notices":[],"jetpack_sharing_enabled":true,"_links":{"self":[{"href":"https:\/\/antcube.shop\/sl\/wp-json\/wp\/v2\/product\/9323","targetHints":{"allow":["GET"]}}],"collection":[{"href":"https:\/\/antcube.shop\/sl\/wp-json\/wp\/v2\/product"}],"about":[{"href":"https:\/\/antcube.shop\/sl\/wp-json\/wp\/v2\/types\/product"}],"replies":[{"embeddable":true,"href":"https:\/\/antcube.shop\/sl\/wp-json\/wp\/v2\/comments?post=9323"}],"wp:featuredmedia":[{"embeddable":true,"href":"https:\/\/antcube.shop\/sl\/wp-json\/wp\/v2\/media\/9580"}],"wp:attachment":[{"href":"https:\/\/antcube.shop\/sl\/wp-json\/wp\/v2\/media?parent=9323"}],"wp:term":[{"taxonomy":"product_brand","embeddable":true,"href":"https:\/\/antcube.shop\/sl\/wp-json\/wp\/v2\/product_brand?post=9323"},{"taxonomy":"product_cat","embeddable":true,"href":"https:\/\/antcube.shop\/sl\/wp-json\/wp\/v2\/product_cat?post=9323"},{"taxonomy":"product_tag","embeddable":true,"href":"https:\/\/antcube.shop\/sl\/wp-json\/wp\/v2\/product_tag?post=9323"}],"curies":[{"name":"wp","href":"https:\/\/api.w.org\/{rel}","templated":true}]}}