{"id":9321,"date":"2024-09-17T16:15:23","date_gmt":"2024-09-17T14:15:23","guid":{"rendered":"https:\/\/antcube.shop\/en\/product\/formicarienunterlage-60x30cm\/"},"modified":"2026-04-29T09:59:06","modified_gmt":"2026-04-29T07:59:06","slug":"blazinica-za-formikarij-60x30cm","status":"publish","type":"product","link":"https:\/\/antcube.shop\/sl\/izdelek\/blazinica-za-formikarij-60x30cm\/","title":{"rendered":"Podloga za formikarij - 60x30cm"},"content":{"rendered":"<p><strong>Dimenzije:<\/strong> 600 x 300 x 4 mm<\/p>\n<p><strong>Material:<\/strong> PE pena<\/p>\n<p><strong>Barva:<\/strong> siva<\/p>\n<p><strong>Vsebina:<\/strong> 1 kos.<\/p>\n<p><strong>Opis:<\/strong><br \/>\nPodloga za formikarij je izdelana iz mehke pene.<br \/>\nFormikarij in pohi\u0161tvo, na katerem je formikarij, \u0161\u010diti pred praskami.<br \/>\nPodloga slu\u017ei tudi kot toplotna izolacija, ki izravnava najmanj\u0161e neravnine in \u0161\u010diti pred vibracijami.<\/p>","protected":false},"excerpt":{"rendered":"<p>Dimenzije: 600 x 300 x 4 mm Material: PE pena Barva: siva Vsebina: Vsebina: 1 kos. Opis: Podloga za formikarij je izdelana iz mehke pene. \u0160\u010diti formikarij in pohi\u0161tvo, na katerem formikarij stoji, pred praskami. Podloga slu\u017ei tudi kot toplotna izolacija, ki izravna najmanj\u0161e neravnine, poleg tega pa je primerna tudi za [...]","protected":false},"featured_media":9584,"comment_status":"open","ping_status":"closed","template":"","meta":{"_acf_changed":false,"content-type":"","_monsterinsights_skip_tracking":false,"_monsterinsights_sitenote_active":false,"_monsterinsights_sitenote_note":"","_monsterinsights_sitenote_category":0},"product_brand":[484],"product_cat":[119,239],"product_tag":[],"class_list":{"0":"post-9321","1":"product","2":"type-product","3":"status-publish","4":"has-post-thumbnail","6":"product_brand-antcube","7":"product_cat-formicarium-components","8":"product_cat-useful-additions","10":"first","11":"instock","12":"taxable","13":"shipping-taxable","14":"purchasable","15":"product-type-simple"},"acf":[],"aioseo_notices":[],"jetpack_sharing_enabled":true,"_links":{"self":[{"href":"https:\/\/antcube.shop\/sl\/wp-json\/wp\/v2\/product\/9321","targetHints":{"allow":["GET"]}}],"collection":[{"href":"https:\/\/antcube.shop\/sl\/wp-json\/wp\/v2\/product"}],"about":[{"href":"https:\/\/antcube.shop\/sl\/wp-json\/wp\/v2\/types\/product"}],"replies":[{"embeddable":true,"href":"https:\/\/antcube.shop\/sl\/wp-json\/wp\/v2\/comments?post=9321"}],"wp:featuredmedia":[{"embeddable":true,"href":"https:\/\/antcube.shop\/sl\/wp-json\/wp\/v2\/media\/9584"}],"wp:attachment":[{"href":"https:\/\/antcube.shop\/sl\/wp-json\/wp\/v2\/media?parent=9321"}],"wp:term":[{"taxonomy":"product_brand","embeddable":true,"href":"https:\/\/antcube.shop\/sl\/wp-json\/wp\/v2\/product_brand?post=9321"},{"taxonomy":"product_cat","embeddable":true,"href":"https:\/\/antcube.shop\/sl\/wp-json\/wp\/v2\/product_cat?post=9321"},{"taxonomy":"product_tag","embeddable":true,"href":"https:\/\/antcube.shop\/sl\/wp-json\/wp\/v2\/product_tag?post=9321"}],"curies":[{"name":"wp","href":"https:\/\/api.w.org\/{rel}","templated":true}]}}