{"id":9319,"date":"2024-09-17T16:14:42","date_gmt":"2024-09-17T14:14:42","guid":{"rendered":"https:\/\/antcube.shop\/en\/product\/antcube-rote-folie-60x30-filter\/"},"modified":"2026-04-23T16:34:22","modified_gmt":"2026-04-23T14:34:22","slug":"filter-antcube-rote-folie-60x30","status":"publish","type":"product","link":"https:\/\/antcube.shop\/sl\/izdelek\/filter-antcube-rote-folie-60x30\/","title":{"rendered":"ANTCUBE - Rde\u010da folija 60\u00d730 - Filter"},"content":{"rendered":"<p><strong>Dimenzije:<\/strong> 59x24cm<\/p>\n<p><strong>Material:<\/strong> PVC<\/p>\n<p><strong>Opis:<\/strong> Rde\u010da prozorna folija je uporabljena, da mravljam daje ob\u010dutek podzemlja. Zato priporo\u010damo, da ta izdelek vsaj delno uporabite na obmo\u010dju gnezda. Kljub temu je mravlje v gnezdu \u0161e vedno mogo\u010de zlahka opaziti. Natan\u010dno izrezana po velikosti za ANTCUBE \"Mravlji\u0161\u010de 60x30cm S\/M\/L - pokon\u010dno\".<\/p>\n<p>Ta filtrirna folija ima bolj\u0161i u\u010dinek svetlobnega filtra kot obi\u010dajna pokrivna folija. Odporna na temperaturo do 180 \u00b0C<\/p>\n<p>Filtrirna folija se z rahlim in enakomernim pritiskom sama prilepi na obmo\u010dje kmetije ali gnezda. Za pritrditev je primeren tudi prozoren lepilni trak. Preprosto ga pritrdite z dvema majhnima trakovoma v zgornjih vogalih, da lahko folijo pozneje dvignete za bolj\u0161i pogled v obmo\u010dje gnezda.<\/p>","protected":false},"excerpt":{"rendered":"<p>Dimenzije: 59x24cm Material: PVC Opis: Rde\u010da prozorna folija je uporabljena, da daje mravljam ob\u010dutek podzemlja. Zato priporo\u010damo, da se ta izdelek vsaj delno uporabi na obmo\u010dju gnezda. Kljub temu je mravlje v gnezdu \u0161e vedno mogo\u010de zlahka opaziti. Natan\u010dno izrezana po velikosti za ANTCUBE \"Mravlji\u0161\u010de 60x30cm S\/M\/L - pokon\u010dno\". Ta","protected":false},"featured_media":9826,"comment_status":"open","ping_status":"closed","template":"","meta":{"_acf_changed":false,"content-type":"","_monsterinsights_skip_tracking":false,"_monsterinsights_sitenote_active":false,"_monsterinsights_sitenote_note":"","_monsterinsights_sitenote_category":0},"product_brand":[],"product_cat":[119,239],"product_tag":[],"class_list":{"0":"post-9319","1":"product","2":"type-product","3":"status-publish","4":"has-post-thumbnail","6":"product_cat-formicarium-components","7":"product_cat-useful-additions","9":"first","10":"instock","11":"taxable","12":"shipping-taxable","13":"purchasable","14":"product-type-simple"},"acf":[],"aioseo_notices":[],"jetpack_sharing_enabled":true,"_links":{"self":[{"href":"https:\/\/antcube.shop\/sl\/wp-json\/wp\/v2\/product\/9319","targetHints":{"allow":["GET"]}}],"collection":[{"href":"https:\/\/antcube.shop\/sl\/wp-json\/wp\/v2\/product"}],"about":[{"href":"https:\/\/antcube.shop\/sl\/wp-json\/wp\/v2\/types\/product"}],"replies":[{"embeddable":true,"href":"https:\/\/antcube.shop\/sl\/wp-json\/wp\/v2\/comments?post=9319"}],"wp:featuredmedia":[{"embeddable":true,"href":"https:\/\/antcube.shop\/sl\/wp-json\/wp\/v2\/media\/9826"}],"wp:attachment":[{"href":"https:\/\/antcube.shop\/sl\/wp-json\/wp\/v2\/media?parent=9319"}],"wp:term":[{"taxonomy":"product_brand","embeddable":true,"href":"https:\/\/antcube.shop\/sl\/wp-json\/wp\/v2\/product_brand?post=9319"},{"taxonomy":"product_cat","embeddable":true,"href":"https:\/\/antcube.shop\/sl\/wp-json\/wp\/v2\/product_cat?post=9319"},{"taxonomy":"product_tag","embeddable":true,"href":"https:\/\/antcube.shop\/sl\/wp-json\/wp\/v2\/product_tag?post=9319"}],"curies":[{"name":"wp","href":"https:\/\/api.w.org\/{rel}","templated":true}]}}