{"id":9318,"date":"2024-09-17T16:14:20","date_gmt":"2024-09-17T14:14:20","guid":{"rendered":"https:\/\/antcube.shop\/en\/product\/antcube-rote-folie-20x10-filter\/"},"modified":"2026-04-02T09:54:33","modified_gmt":"2026-04-02T07:54:33","slug":"antcube-rdeca-folija-20x10-filter","status":"publish","type":"product","link":"https:\/\/antcube.shop\/sl\/izdelek\/antcube-rdeca-folija-20x10-filter\/","title":{"rendered":"ANTCUBE - Rde\u010da folija 20\u00d710 - Filter"},"content":{"rendered":"<p><strong>Dimenzije:<\/strong> 19x6cm<\/p>\n<p><strong>Material:<\/strong> PVC<\/p>\n<p><strong>Opis:<\/strong> Rde\u010da prozorna folija je uporabljena, da mravljam daje ob\u010dutek podzemlja. Zato priporo\u010damo, da ta izdelek vsaj delno uporabite na obmo\u010dju gnezda. Kljub temu je mravlje v gnezdu \u0161e vedno mogo\u010de zlahka opaziti. Natan\u010dno izrezana po velikosti za ANTCUBE \"Mravlji\u0161\u010de 60x30cm S\/M\/L - pokon\u010dno\".<\/p>\n<p>Ta filtrirna folija ima bolj\u0161i u\u010dinek svetlobnega filtra kot obi\u010dajna pokrivna folija. Odporna na temperaturo do 180 \u00b0C<\/p>\n<p>Filtrirna folija se z rahlim in enakomernim pritiskom sama prilepi na obmo\u010dje kmetije ali gnezda. Za pritrditev je primeren tudi prozoren lepilni trak. Preprosto ga pritrdite z dvema majhnima trakovoma v zgornjih vogalih, da lahko folijo pozneje dvignete za bolj\u0161i pogled v obmo\u010dje gnezda.<\/p>","protected":false},"excerpt":{"rendered":"<p>Dimenzije: Material: 19x6cm: PVC Opis: Material: 19x6x6x6x6x6x6 cm: Rde\u010da prozorna folija je uporabljena, da daje mravljam ob\u010dutek podzemlja. Zato priporo\u010damo, da se ta izdelek vsaj delno uporabi na obmo\u010dju gnezda. Kljub temu je mravlje v gnezdu \u0161e vedno mogo\u010de zlahka opaziti. Natan\u010dno izrezana, da ustreza ANTCUBE \"Farma za mravlje 20x10cm S\/M\/L - pokon\u010dna\". Ta filter","protected":false},"featured_media":9826,"comment_status":"open","ping_status":"closed","template":"","meta":{"_acf_changed":false,"content-type":"","_monsterinsights_skip_tracking":false,"_monsterinsights_sitenote_active":false,"_monsterinsights_sitenote_note":"","_monsterinsights_sitenote_category":0},"product_brand":[484],"product_cat":[119,239],"product_tag":[],"class_list":{"0":"post-9318","1":"product","2":"type-product","3":"status-publish","4":"has-post-thumbnail","6":"product_brand-antcube","7":"product_cat-formicarium-components","8":"product_cat-useful-additions","10":"first","11":"instock","12":"taxable","13":"shipping-taxable","14":"purchasable","15":"product-type-simple"},"acf":[],"aioseo_notices":[],"jetpack_sharing_enabled":true,"_links":{"self":[{"href":"https:\/\/antcube.shop\/sl\/wp-json\/wp\/v2\/product\/9318","targetHints":{"allow":["GET"]}}],"collection":[{"href":"https:\/\/antcube.shop\/sl\/wp-json\/wp\/v2\/product"}],"about":[{"href":"https:\/\/antcube.shop\/sl\/wp-json\/wp\/v2\/types\/product"}],"replies":[{"embeddable":true,"href":"https:\/\/antcube.shop\/sl\/wp-json\/wp\/v2\/comments?post=9318"}],"wp:featuredmedia":[{"embeddable":true,"href":"https:\/\/antcube.shop\/sl\/wp-json\/wp\/v2\/media\/9826"}],"wp:attachment":[{"href":"https:\/\/antcube.shop\/sl\/wp-json\/wp\/v2\/media?parent=9318"}],"wp:term":[{"taxonomy":"product_brand","embeddable":true,"href":"https:\/\/antcube.shop\/sl\/wp-json\/wp\/v2\/product_brand?post=9318"},{"taxonomy":"product_cat","embeddable":true,"href":"https:\/\/antcube.shop\/sl\/wp-json\/wp\/v2\/product_cat?post=9318"},{"taxonomy":"product_tag","embeddable":true,"href":"https:\/\/antcube.shop\/sl\/wp-json\/wp\/v2\/product_tag?post=9318"}],"curies":[{"name":"wp","href":"https:\/\/api.w.org\/{rel}","templated":true}]}}