{"id":9317,"date":"2024-09-17T16:13:59","date_gmt":"2024-09-17T14:13:59","guid":{"rendered":"https:\/\/antcube.shop\/en\/product\/ameisen-ausbruchsschutz-set\/"},"modified":"2026-04-05T12:30:32","modified_gmt":"2026-04-05T10:30:32","slug":"komplet-za-zascito-pred-izbruhi-mravelj","status":"publish","type":"product","link":"https:\/\/antcube.shop\/sl\/izdelek\/komplet-za-zascito-pred-izbruhi-mravelj\/","title":{"rendered":"Komplet za za\u0161\u010dito pred izbruhom mravelj"},"content":{"rendered":"<p><strong>Vsebina:<\/strong><br \/>\n1x olje za za\u0161\u010dito pred izbruhi mravelj 10ml (na osnovi petrolejskega olja)<br \/>\n1x pra\u0161ek za za\u0161\u010dito pred izbruhi mr\u010desa 10ml (na osnovi talka)<br \/>\n1x lak za za\u0161\u010dito pred izbruhi 10ml (na osnovi PTFE)<br \/>\n3x poseben penast \u010dopi\u010d za nana\u0161anje materiala za za\u0161\u010dito pred izbruhi<br \/>\n3x me\u0161alna posoda za doziranje ali me\u0161anje.<\/p>\n<p><strong>Opis:<\/strong> Pripravili smo majhen nabor naju\u010dinkovitej\u0161ih materialov za za\u0161\u010dito pred izbruhi, da lahko preizkusite, katera za\u0161\u010dita pred izbruhi je najprimernej\u0161a za va\u0161o kolonijo.<\/p>\n<p><a href=\"https:\/\/www.antstore.net\/shop\/images\/documents\/ant%20escape%20protection%20lacquer%20EN.pdf\">Varnostni list za barvo za za\u0161\u010dito pred izbruhom mravelj (angle\u0161\u010dina), (PDF 0,2 MB)<\/a><br \/>\n(Vsebuje: varnostna navodila)<\/p>\n<p><a href=\"https:\/\/www.antstore.net\/shop\/images\/documents\/ant_escape_protection_oil_en.pdf\">Varnostni list za olje za za\u0161\u010dito pred izbruhi mravelj (v angle\u0161\u010dini) , (PDF 0,1 MB)<\/a><br \/>\n(Vsebuje: varnostna navodila)<\/p>","protected":false},"excerpt":{"rendered":"<p>Vsebina: 1x olje za za\u0161\u010dito pred izbruhi mravelj 10ml (na osnovi petrolejskega olja) 1x pra\u0161ek za za\u0161\u010dito pred izbruhi mravelj 10ml (na osnovi talka) 1x lak za za\u0161\u010dito pred izbruhi mravelj 10ml (na osnovi PTFE) 3x poseben penast \u010dopi\u010d za nana\u0161anje materiala za za\u0161\u010dito pred izbruhi 3x posoda za me\u0161anje za doziranje ali me\u0161anje. Opis: Pripravili smo majhen komplet naju\u010dinkovitej\u0161ih sredstev za za\u0161\u010dito pred izbruhi","protected":false},"featured_media":9591,"comment_status":"open","ping_status":"closed","template":"","meta":{"_acf_changed":false,"content-type":"","_monsterinsights_skip_tracking":false,"_monsterinsights_sitenote_active":false,"_monsterinsights_sitenote_note":"","_monsterinsights_sitenote_category":0},"product_brand":[484],"product_cat":[237],"product_tag":[],"class_list":{"0":"post-9317","1":"product","2":"type-product","3":"status-publish","4":"has-post-thumbnail","6":"product_brand-antcube","7":"product_cat-tools","9":"first","10":"instock","11":"taxable","12":"shipping-taxable","13":"purchasable","14":"product-type-simple"},"acf":[],"aioseo_notices":[],"jetpack_sharing_enabled":true,"_links":{"self":[{"href":"https:\/\/antcube.shop\/sl\/wp-json\/wp\/v2\/product\/9317","targetHints":{"allow":["GET"]}}],"collection":[{"href":"https:\/\/antcube.shop\/sl\/wp-json\/wp\/v2\/product"}],"about":[{"href":"https:\/\/antcube.shop\/sl\/wp-json\/wp\/v2\/types\/product"}],"replies":[{"embeddable":true,"href":"https:\/\/antcube.shop\/sl\/wp-json\/wp\/v2\/comments?post=9317"}],"wp:featuredmedia":[{"embeddable":true,"href":"https:\/\/antcube.shop\/sl\/wp-json\/wp\/v2\/media\/9591"}],"wp:attachment":[{"href":"https:\/\/antcube.shop\/sl\/wp-json\/wp\/v2\/media?parent=9317"}],"wp:term":[{"taxonomy":"product_brand","embeddable":true,"href":"https:\/\/antcube.shop\/sl\/wp-json\/wp\/v2\/product_brand?post=9317"},{"taxonomy":"product_cat","embeddable":true,"href":"https:\/\/antcube.shop\/sl\/wp-json\/wp\/v2\/product_cat?post=9317"},{"taxonomy":"product_tag","embeddable":true,"href":"https:\/\/antcube.shop\/sl\/wp-json\/wp\/v2\/product_tag?post=9317"}],"curies":[{"name":"wp","href":"https:\/\/api.w.org\/{rel}","templated":true}]}}