{"id":9316,"date":"2024-09-17T16:13:38","date_gmt":"2024-09-17T14:13:38","guid":{"rendered":"https:\/\/antcube.shop\/en\/product\/ameisen-ausbruchsschutz-lack-10ml\/"},"modified":"2026-04-17T03:08:06","modified_gmt":"2026-04-17T01:08:06","slug":"ameisen-ausbruchsschutz-pomanjkanje-10ml","status":"publish","type":"product","link":"https:\/\/antcube.shop\/sl\/izdelek\/ameisen-ausbruchsschutz-pomanjkanje-10ml\/","title":{"rendered":"Lak za za\u0161\u010dito pred izbruhom mravelj 10ml"},"content":{"rendered":"<p><strong>Vsebina:<\/strong> 10 ml (dovolj nerazred\u010denega za pribli\u017eno 10 metrov 20 mm \u0161irokega traku)<\/p>\n<p><strong>Barva:<\/strong> mle\u010dno bela<\/p>\n<p><strong>Material:<\/strong> Na osnovi PTFE<\/p>\n<p><strong>Opis:<\/strong> Lak je idealna za\u0161\u010dita pred izbruhi za mravlje; vrsta plastike, ki se pogosto uporablja tudi kot lepilo - tudi znanstvenika H\u00f6lldobler in Wilson jo priporo\u010data kot za\u0161\u010dito pred izbruhi v mravlji\u0161\u010dih. Mravlje se na naneseni foliji ne oprimejo in zdrsnejo. Premaz je dolgotrajen, zato ga ni treba obnavljati tako pogosto kot druge alternative.<\/p>\n<p><strong>Prednost:<\/strong><br \/>\n- \u010ce je naneseno \u010disto, obnova ni potrebna.<br \/>\n- Idealno za steklene povr\u0161ine.<\/p>\n<p><strong>Slabost:<\/strong><br \/>\n- Ni primerno za formikarije z visoko vla\u017enostjo, saj je lak vodotopen.<br \/>\n- Lak ni tako primeren za plasti\u010dne povr\u0161ine, saj se te same ma\u017eejo.<br \/>\n- Nana\u0161anje je treba predhodno vaditi, saj \"lakirana\" povr\u0161ina ne sme postati hrapava ali opraskana.<\/p>\n<p><strong>Uporaba:<\/strong> Pred uporabo dobro pretresite. Lak se lahko uporablja v dobavljeni obliki ali razred\u010den z vodo v razmerju najve\u010d 1:10. Lak lahko nanesete s \u010dopi\u010dem ali ga preprosto previdno kanete na obdelane povr\u0161ine. Film mora biti na robu pribli\u017eno trikrat \u0161ir\u0161i od dol\u017eine mravelj. To najla\u017eje storite tako, da obmo\u010dje zakrijete z lepilnim trakom in barvo nanesete tako, da le\u017eite na strani rezervoarja. \u010cas su\u0161enja na posamezno stran je pribli\u017eno 45 minut, vendar se lahko nekoliko razlikuje glede na debelino nanosa.<\/p>\n<p><strong>Pomembno opozorilo:<\/strong> Izogibajte se stiku z o\u010dmi. V primeru stika z o\u010dmi jih takoj sperite z veliko vode in se posvetujte z zdravnikom. Med uporabo ne kadite. Uporabljajte samo v dobro prezra\u010denih prostorih. Hraniti izven dosega otrok! Barva lahko pri temperaturah pod ni\u010dlo nepovratno spremeni svojo konsistenco. Zato po\u0161iljamo le pri temperaturah nad 0 \u00b0C!<\/p>\n<p><a href=\"https:\/\/www.antstore.net\/shop\/images\/documents\/ant%20escape%20protection%20lacquer%20EN.pdf\">Varnostni list za barvo za za\u0161\u010dito pred izbruhi mravelj (angle\u0161\u010dina) , (PDF 0,2 MB)<\/a><br \/>\n(Vsebuje: varnostna navodila)<\/p>\n<p>&nbsp;<\/p>","protected":false},"excerpt":{"rendered":"<p>Vsebina: Barva: mle\u010dno bela: Na osnovi PTFE Opis: Vrsta plastike, ki se pogosto uporablja tudi kot lepilo - tudi znanstvenika H\u00f6lldobler in Wilson sta jo priporo\u010dila kot za\u0161\u010dito pred izpadom pri mravljah","protected":false},"featured_media":9592,"comment_status":"open","ping_status":"closed","template":"","meta":{"_acf_changed":false,"content-type":"","_monsterinsights_skip_tracking":false,"_monsterinsights_sitenote_active":false,"_monsterinsights_sitenote_note":"","_monsterinsights_sitenote_category":0},"product_brand":[484],"product_cat":[237],"product_tag":[],"class_list":{"0":"post-9316","1":"product","2":"type-product","3":"status-publish","4":"has-post-thumbnail","6":"product_brand-antcube","7":"product_cat-tools","9":"first","10":"instock","11":"taxable","12":"shipping-taxable","13":"purchasable","14":"product-type-simple"},"acf":[],"aioseo_notices":[],"jetpack_sharing_enabled":true,"_links":{"self":[{"href":"https:\/\/antcube.shop\/sl\/wp-json\/wp\/v2\/product\/9316","targetHints":{"allow":["GET"]}}],"collection":[{"href":"https:\/\/antcube.shop\/sl\/wp-json\/wp\/v2\/product"}],"about":[{"href":"https:\/\/antcube.shop\/sl\/wp-json\/wp\/v2\/types\/product"}],"replies":[{"embeddable":true,"href":"https:\/\/antcube.shop\/sl\/wp-json\/wp\/v2\/comments?post=9316"}],"wp:featuredmedia":[{"embeddable":true,"href":"https:\/\/antcube.shop\/sl\/wp-json\/wp\/v2\/media\/9592"}],"wp:attachment":[{"href":"https:\/\/antcube.shop\/sl\/wp-json\/wp\/v2\/media?parent=9316"}],"wp:term":[{"taxonomy":"product_brand","embeddable":true,"href":"https:\/\/antcube.shop\/sl\/wp-json\/wp\/v2\/product_brand?post=9316"},{"taxonomy":"product_cat","embeddable":true,"href":"https:\/\/antcube.shop\/sl\/wp-json\/wp\/v2\/product_cat?post=9316"},{"taxonomy":"product_tag","embeddable":true,"href":"https:\/\/antcube.shop\/sl\/wp-json\/wp\/v2\/product_tag?post=9316"}],"curies":[{"name":"wp","href":"https:\/\/api.w.org\/{rel}","templated":true}]}}