{"id":9315,"date":"2024-09-17T16:13:12","date_gmt":"2024-09-17T14:13:12","guid":{"rendered":"https:\/\/antcube.shop\/en\/product\/ameisen-ausbruchsschutz-pulver-10ml\/"},"modified":"2026-04-29T09:58:20","modified_gmt":"2026-04-29T07:58:20","slug":"prasek-za-zascito-pred-pobegom-mravelj-10ml","status":"publish","type":"product","link":"https:\/\/antcube.shop\/sl\/izdelek\/prasek-za-zascito-pred-pobegom-mravelj-10ml\/","title":{"rendered":"Pra\u0161ek za za\u0161\u010dito pred pobegom mravelj 10ml"},"content":{"rendered":"<p><strong>Vsebina:<\/strong> 8 g\/10 ml (dovolj za pribli\u017eno en meter 2 cm \u0161irokega traku)<\/p>\n<p><strong>Barva:<\/strong> bela, mat<\/p>\n<p><strong>Material:<\/strong> na osnovi talka<\/p>\n<p><strong>Opis:<\/strong> Pra\u0161ek prepre\u010duje razra\u0161\u010danje mravelj tako, da pra\u0161ek zme\u0161ate z vodo in ga s \u010dopi\u010dem nanesete pribli\u017eno 1 cm pod notranjim robom formikarija. Voda izhlapi, ostane pa tanka plast talka.<\/p>\n<p><strong>Prednost:<\/strong> zelo u\u010dinkovit, dolgotrajen<\/p>\n<p><strong>Slabost:<\/strong> \u010ce formikarij pretresete, se lahko plast prahu odstrani. V primerjavi z oljem za za\u0161\u010dito pred izbruhi ali lakom je potrebna razmeroma velika koli\u010dina.<\/p>\n<p><strong>Uporaba:<\/strong> Folijo nanesite na rob, ki je pribli\u017eno trikrat \u0161ir\u0161i od dol\u017eine mravelj.<\/p>","protected":false},"excerpt":{"rendered":"<p>Vsebina: Barva: bela, matirana Material: na osnovi talka Opis: Na osnovi talka: Pra\u0161ek prepre\u010duje razra\u0161\u010danje mravelj tako, da pra\u0161ek zme\u0161ate z vodo in ga s \u010dopi\u010dem nanesete pribli\u017eno 1 cm pod notranjim robom formikarija. Voda izhlapi in nastane tanka plast","protected":false},"featured_media":9596,"comment_status":"open","ping_status":"closed","template":"","meta":{"_acf_changed":false,"content-type":"","_monsterinsights_skip_tracking":false,"_monsterinsights_sitenote_active":false,"_monsterinsights_sitenote_note":"","_monsterinsights_sitenote_category":0},"product_brand":[],"product_cat":[237],"product_tag":[],"class_list":{"0":"post-9315","1":"product","2":"type-product","3":"status-publish","4":"has-post-thumbnail","6":"product_cat-tools","8":"first","9":"instock","10":"taxable","11":"shipping-taxable","12":"purchasable","13":"product-type-simple"},"acf":[],"aioseo_notices":[],"jetpack_sharing_enabled":true,"_links":{"self":[{"href":"https:\/\/antcube.shop\/sl\/wp-json\/wp\/v2\/product\/9315","targetHints":{"allow":["GET"]}}],"collection":[{"href":"https:\/\/antcube.shop\/sl\/wp-json\/wp\/v2\/product"}],"about":[{"href":"https:\/\/antcube.shop\/sl\/wp-json\/wp\/v2\/types\/product"}],"replies":[{"embeddable":true,"href":"https:\/\/antcube.shop\/sl\/wp-json\/wp\/v2\/comments?post=9315"}],"wp:featuredmedia":[{"embeddable":true,"href":"https:\/\/antcube.shop\/sl\/wp-json\/wp\/v2\/media\/9596"}],"wp:attachment":[{"href":"https:\/\/antcube.shop\/sl\/wp-json\/wp\/v2\/media?parent=9315"}],"wp:term":[{"taxonomy":"product_brand","embeddable":true,"href":"https:\/\/antcube.shop\/sl\/wp-json\/wp\/v2\/product_brand?post=9315"},{"taxonomy":"product_cat","embeddable":true,"href":"https:\/\/antcube.shop\/sl\/wp-json\/wp\/v2\/product_cat?post=9315"},{"taxonomy":"product_tag","embeddable":true,"href":"https:\/\/antcube.shop\/sl\/wp-json\/wp\/v2\/product_tag?post=9315"}],"curies":[{"name":"wp","href":"https:\/\/api.w.org\/{rel}","templated":true}]}}