{"id":9314,"date":"2024-09-17T16:12:51","date_gmt":"2024-09-17T14:12:51","guid":{"rendered":"https:\/\/antcube.shop\/en\/product\/gitterkappe-fein-fur-gittereinsatz-acryl-50mm\/"},"modified":"2026-02-23T10:53:58","modified_gmt":"2026-02-23T09:53:58","slug":"fini-pokrovcek-resetke-za-akrilni-vlozek-resetke-50-mm","status":"publish","type":"product","link":"https:\/\/antcube.shop\/sl\/izdelek\/fini-pokrovcek-resetke-za-akrilni-vlozek-resetke-50-mm\/","title":{"rendered":"Droben pokrov\u010dek re\u0161etke - za akrilni vlo\u017eek re\u0161etke 50 mm"},"content":{"rendered":"<p><strong>Koli\u010dina:<\/strong> 1 kos<\/p>\n<p><strong>Dimenzije:<\/strong> 51x12 mm<\/p>\n<p><strong>Barva:<\/strong> prozorno<\/p>\n<p><strong>Material:<\/strong> plastika<\/p>\n<p><strong>Opis:<\/strong> Ta pokrov\u010dek z zelo drobno mre\u017eico (0,2-0,3 mm) za \"Mre\u017eni vlo\u017eek akril 50 mm - prozoren\" in \"Mravlji\u0161\u010de - ventilator\" prepre\u010duje, da bi majhne mravlje u\u0161le skozi \u0161iroke prezra\u010devalne re\u017ee mre\u017enega vlo\u017eka. Pokrov\u010dek se pritrdi na vlo\u017eek od spodaj.<\/p>\n<p><strong>Opomba:<\/strong> Upo\u0161tevajte, da lahko ta element uporabljate samo v povezavi z njim: \"005044 Mre\u017eni vlo\u017eek iz akrila 50 mm - prozoren\" ali \"Ant arena fan\"!<\/p>","protected":false},"excerpt":{"rendered":"<p>Koli\u010dina: Dimenzije: 1 kos: Barva: prozorna Material: plastika Opis: Ta pokrov\u010dek z zelo fino mre\u017eico (0,2-0,3 mm) za \"Mre\u017eni vlo\u017eek akril 50 mm - prozoren\" in \"Mravlji\u0161\u010de - ventilator\" prepre\u010duje, da bi majhne mravlje u\u0161le skozi \u0161iroke prezra\u010devalne re\u017ee mre\u017enega vlo\u017eka. Pokrov\u010dek se pritrdi na vlo\u017eek iz","protected":false},"featured_media":9832,"comment_status":"open","ping_status":"closed","template":"","meta":{"_acf_changed":false,"content-type":"","_monsterinsights_skip_tracking":false,"_monsterinsights_sitenote_active":false,"_monsterinsights_sitenote_note":"","_monsterinsights_sitenote_category":0},"product_brand":[485],"product_cat":[119,238],"product_tag":[],"class_list":{"0":"post-9314","1":"product","2":"type-product","3":"status-publish","4":"has-post-thumbnail","6":"product_brand-antstore","7":"product_cat-formicarium-components","8":"product_cat-grid-caps-plugs-and-inserts","10":"first","11":"instock","12":"taxable","13":"shipping-taxable","14":"purchasable","15":"product-type-simple"},"acf":[],"aioseo_notices":[],"jetpack_sharing_enabled":true,"_links":{"self":[{"href":"https:\/\/antcube.shop\/sl\/wp-json\/wp\/v2\/product\/9314","targetHints":{"allow":["GET"]}}],"collection":[{"href":"https:\/\/antcube.shop\/sl\/wp-json\/wp\/v2\/product"}],"about":[{"href":"https:\/\/antcube.shop\/sl\/wp-json\/wp\/v2\/types\/product"}],"replies":[{"embeddable":true,"href":"https:\/\/antcube.shop\/sl\/wp-json\/wp\/v2\/comments?post=9314"}],"wp:featuredmedia":[{"embeddable":true,"href":"https:\/\/antcube.shop\/sl\/wp-json\/wp\/v2\/media\/9832"}],"wp:attachment":[{"href":"https:\/\/antcube.shop\/sl\/wp-json\/wp\/v2\/media?parent=9314"}],"wp:term":[{"taxonomy":"product_brand","embeddable":true,"href":"https:\/\/antcube.shop\/sl\/wp-json\/wp\/v2\/product_brand?post=9314"},{"taxonomy":"product_cat","embeddable":true,"href":"https:\/\/antcube.shop\/sl\/wp-json\/wp\/v2\/product_cat?post=9314"},{"taxonomy":"product_tag","embeddable":true,"href":"https:\/\/antcube.shop\/sl\/wp-json\/wp\/v2\/product_tag?post=9314"}],"curies":[{"name":"wp","href":"https:\/\/api.w.org\/{rel}","templated":true}]}}