{"id":9310,"date":"2024-09-17T16:11:08","date_gmt":"2024-09-17T14:11:08","guid":{"rendered":"https:\/\/antcube.shop\/en\/product\/gitterkappe-32mm-edelstahl\/"},"modified":"2026-03-23T10:48:04","modified_gmt":"2026-03-23T09:48:04","slug":"mrezasti-pokrovcek-32-mm-iz-nerjavecega-jekla","status":"publish","type":"product","link":"https:\/\/antcube.shop\/sl\/izdelek\/mrezasti-pokrovcek-32-mm-iz-nerjavecega-jekla\/","title":{"rendered":"Mre\u017eni pokrov\u010dek - 32 mm - Iz nerjave\u010dega jekla"},"content":{"rendered":"<p><strong>Koli\u010dina:<\/strong> 1 kos<\/p>\n<p><strong>Dimenzije:<\/strong> 32 mm (notranji premer), 40 \u00d7 8 mm (zunanje mere)<\/p>\n<p><strong>Barva:<\/strong> prozorno<\/p>\n<p><strong>Material:<\/strong> nerjave\u010de jeklo, akrilno steklo<\/p>\n<p><strong>Opis:<\/strong><br \/>\nTa mre\u017eni pokrov\u010dek z zelo fino mre\u017eico iz nerjavnega jekla (0,2 mm) se lahko pritrdi na vti\u010dnico, cev ali konec cevi in zagotavlja dobro prezra\u010devanje formikarija, ne da bi mravlje lahko pobegnile. Mre\u017ea iz nerjavnega jekla in okvir iz akrilnega stekla sta prozorna.<\/p>\n<p><strong>Opomba:<\/strong> Primerno tudi za zelo grizljajo\u010de vrste, kot so mravlje listavci!<\/p>","protected":false},"excerpt":{"rendered":"<p>Koli\u010dina: Dimenzije: 1 kos: Barva: prozorna Material: nerjavno jeklo, akrilno steklo Opis: 40 mm (notranji premer), 50x8 mm (zunanje dimenzije): Ta mre\u017easti pokrov\u010dek z zelo fino mre\u017eico iz nerjavnega jekla (0,2 mm) se lahko pritrdi na vti\u010dnico, cev ali konec cevi in zagotavlja dobro prezra\u010devanje formikarija, ne da bi mravlje lahko pobegnile. Obe re\u0161etki sta iz nerjave\u010dega jekla.","protected":false},"featured_media":9840,"comment_status":"open","ping_status":"closed","template":"","meta":{"_acf_changed":false,"content-type":"","_monsterinsights_skip_tracking":false,"_monsterinsights_sitenote_active":false,"_monsterinsights_sitenote_note":"","_monsterinsights_sitenote_category":0},"product_brand":[485],"product_cat":[119,238],"product_tag":[],"class_list":{"0":"post-9310","1":"product","2":"type-product","3":"status-publish","4":"has-post-thumbnail","6":"product_brand-antstore","7":"product_cat-formicarium-components","8":"product_cat-grid-caps-plugs-and-inserts","10":"first","11":"instock","12":"taxable","13":"shipping-taxable","14":"purchasable","15":"product-type-simple"},"acf":[],"aioseo_notices":[],"jetpack_sharing_enabled":true,"_links":{"self":[{"href":"https:\/\/antcube.shop\/sl\/wp-json\/wp\/v2\/product\/9310","targetHints":{"allow":["GET"]}}],"collection":[{"href":"https:\/\/antcube.shop\/sl\/wp-json\/wp\/v2\/product"}],"about":[{"href":"https:\/\/antcube.shop\/sl\/wp-json\/wp\/v2\/types\/product"}],"replies":[{"embeddable":true,"href":"https:\/\/antcube.shop\/sl\/wp-json\/wp\/v2\/comments?post=9310"}],"wp:featuredmedia":[{"embeddable":true,"href":"https:\/\/antcube.shop\/sl\/wp-json\/wp\/v2\/media\/9840"}],"wp:attachment":[{"href":"https:\/\/antcube.shop\/sl\/wp-json\/wp\/v2\/media?parent=9310"}],"wp:term":[{"taxonomy":"product_brand","embeddable":true,"href":"https:\/\/antcube.shop\/sl\/wp-json\/wp\/v2\/product_brand?post=9310"},{"taxonomy":"product_cat","embeddable":true,"href":"https:\/\/antcube.shop\/sl\/wp-json\/wp\/v2\/product_cat?post=9310"},{"taxonomy":"product_tag","embeddable":true,"href":"https:\/\/antcube.shop\/sl\/wp-json\/wp\/v2\/product_tag?post=9310"}],"curies":[{"name":"wp","href":"https:\/\/api.w.org\/{rel}","templated":true}]}}