{"id":9292,"date":"2024-09-17T15:59:51","date_gmt":"2024-09-17T13:59:51","guid":{"rendered":"https:\/\/antcube.shop\/en\/product\/pilz-von-atta-cephalotes\/"},"modified":"2026-03-11T14:16:11","modified_gmt":"2026-03-11T13:16:11","slug":"gliva-atta-cephalotes","status":"publish","type":"product","link":"https:\/\/antcube.shop\/sl\/izdelek\/gliva-atta-cephalotes\/","title":{"rendered":"Gliva Atta cephalotes"},"content":{"rendered":"<p><span data-text-color=\"alert\"><strong>Dostava je mogo\u010da samo v Nem\u010diji!<\/strong><\/span><\/p>\n<p><strong>Koli\u010dina:<\/strong> (komplet)<br \/>\n1x transportna cev<br \/>\n1x zama\u0161ek, ki prepu\u0161\u010da zrak<br \/>\n1x sve\u017ea goba vsaj 1 cm\u00b3<\/p>\n<p><strong>Opis:<\/strong> Ponujamo nadomestno gobo za nujne primere, ko goba listnatih mravelj upade ali odmre zaradi neustrezne temperature, vlage ali drugih razlogov.<br \/>\nZa ponovni zagon kolonije z 11-25 \u017eivalmi zadostuje enota 1 cm\u00b3.<br \/>\nDobavljena goba lahko vsebuje majhne gobarje (mini delavce).<br \/>\nTi majhni mini delavci niso te\u017eava za obstoje\u010do kolonijo, saj skrbijo le za gobe.<\/p>\n<p><strong>Uporaba:<\/strong><br \/>\nGobe = za vrste mravelj, ki se prehranjujejo z gobami<br \/>\nTo je popolna hrana (enkratno krmljenje)<br \/>\nPrevozno posodo je treba odpreti in jo postaviti poleg kolonije mravelj. \u017divali bodo nato same odnesle ko\u0161\u010dke gobe.<\/p>\n<p><strong>Shranjevanje:<\/strong> 25 \u00b0C in vla\u017enost 90%<\/p>\n<p><strong>Vsebuje:<\/strong><br \/>\nsve\u017ee in izvirne ko\u0161\u010dke gob imenovanih vrst mravelj.<\/p>\n<p><strong>Opomba:<\/strong><br \/>\nZa dodatne informacije glejte navodilo za uporabo.<\/p>\n<p>Informacijska telefonska \u0161tevilka +49 30 439703870<\/p>\n<p><strong>Pristojni veterinarski in \u017eivilski in\u0161pektorat:<\/strong><br \/>\nVeterinarski urad Steglitz<br \/>\nK\u00f6nigin-Luise-Str. 92<br \/>\n14195 Berlin<\/p>","protected":false},"excerpt":{"rendered":"<p>Popolna krma<\/p>","protected":false},"featured_media":9777,"comment_status":"open","ping_status":"closed","template":"","meta":{"_acf_changed":false,"content-type":"","_monsterinsights_skip_tracking":false,"_monsterinsights_sitenote_active":false,"_monsterinsights_sitenote_note":"","_monsterinsights_sitenote_category":0},"product_brand":[],"product_cat":[115,116],"product_tag":[],"class_list":{"0":"post-9292","1":"product","2":"type-product","3":"status-publish","4":"has-post-thumbnail","6":"product_cat-food-and-feeding","7":"product_cat-food","9":"first","10":"instock","11":"taxable","12":"shipping-taxable","13":"purchasable","14":"product-type-simple"},"acf":[],"aioseo_notices":[],"jetpack_sharing_enabled":true,"_links":{"self":[{"href":"https:\/\/antcube.shop\/sl\/wp-json\/wp\/v2\/product\/9292","targetHints":{"allow":["GET"]}}],"collection":[{"href":"https:\/\/antcube.shop\/sl\/wp-json\/wp\/v2\/product"}],"about":[{"href":"https:\/\/antcube.shop\/sl\/wp-json\/wp\/v2\/types\/product"}],"replies":[{"embeddable":true,"href":"https:\/\/antcube.shop\/sl\/wp-json\/wp\/v2\/comments?post=9292"}],"wp:featuredmedia":[{"embeddable":true,"href":"https:\/\/antcube.shop\/sl\/wp-json\/wp\/v2\/media\/9777"}],"wp:attachment":[{"href":"https:\/\/antcube.shop\/sl\/wp-json\/wp\/v2\/media?parent=9292"}],"wp:term":[{"taxonomy":"product_brand","embeddable":true,"href":"https:\/\/antcube.shop\/sl\/wp-json\/wp\/v2\/product_brand?post=9292"},{"taxonomy":"product_cat","embeddable":true,"href":"https:\/\/antcube.shop\/sl\/wp-json\/wp\/v2\/product_cat?post=9292"},{"taxonomy":"product_tag","embeddable":true,"href":"https:\/\/antcube.shop\/sl\/wp-json\/wp\/v2\/product_tag?post=9292"}],"curies":[{"name":"wp","href":"https:\/\/api.w.org\/{rel}","templated":true}]}}