{"id":9291,"date":"2024-09-17T15:59:27","date_gmt":"2024-09-17T13:59:27","guid":{"rendered":"https:\/\/antcube.shop\/en\/product\/brombeerblatter-100g-frisch\/"},"modified":"2026-04-24T14:29:11","modified_gmt":"2026-04-24T12:29:11","slug":"brombeerblatter-100g-frisch","status":"publish","type":"product","link":"https:\/\/antcube.shop\/sl\/izdelek\/brombeerblatter-100g-frisch\/","title":{"rendered":"Listi robid 100 g - sve\u017ei"},"content":{"rendered":"<p><strong>Vsebina:<\/strong> 100 g sve\u017eih listov robid<\/p>\n<p><strong>Opis:<\/strong> Listi robid kot goji\u0161\u010de za vrste mravelj, ki gojijo glive.<\/p>\n<p><strong>Uporaba:<\/strong><br \/>\nListi robid = za vrste mravelj, ki gojijo glive<br \/>\nTo je \"popolna krma\" (enkratna krma) in se uporablja le kot goji\u0161\u010de za glive.<br \/>\nListe, ki jih \u017eelite hraniti, preprosto polo\u017eite v hranilno komoro.<\/p>\n<p>Shranjevanje: 5-8 \u00b0C \/ 60-90% vla\u017enost. (lahko tudi v vazi z vodo)<\/p>\n<p><strong>Vsebuje:<\/strong><br \/>\n100% sve\u017ei listi robide<\/p>\n<p><strong>Opomba:<\/strong><br \/>\nZa dodatne informacije glejte navodilo za uporabo.<\/p>\n<p>Informacijska telefonska \u0161tevilka +49 30 439703870<\/p>\n<p>Pristojni veterinarski in \u017eivilski in\u0161pektorat:<br \/>\nVeterinarski urad Steglitz<br \/>\nK\u00f6nigin-Luise-Str. 92<br \/>\n14195 Berlin<\/p>","protected":false},"excerpt":{"rendered":"<p>Vsebina: 100 g sve\u017eih listov robid Opis: Listi robide so goji\u0161\u010de za glive, ki gojijo mravlje. Uporaba: listi robid = za vrste mravelj, ki gojijo glive To je \"popolna krma\" (enkratna krma) in se uporablja le kot goji\u0161\u010de za glive. Preprosto polo\u017eite liste, ki jih \u017eelite nahraniti, v krmilno komoro. Shranjevanje: 5-8\u00b0C","protected":false},"featured_media":9603,"comment_status":"open","ping_status":"closed","template":"","meta":{"_acf_changed":false,"content-type":"","_monsterinsights_skip_tracking":false,"_monsterinsights_sitenote_active":false,"_monsterinsights_sitenote_note":"","_monsterinsights_sitenote_category":0},"product_brand":[],"product_cat":[115,116],"product_tag":[],"class_list":{"0":"post-9291","1":"product","2":"type-product","3":"status-publish","4":"has-post-thumbnail","6":"product_cat-food-and-feeding","7":"product_cat-food","9":"first","10":"onbackorder","11":"taxable","12":"shipping-taxable","13":"purchasable","14":"product-type-simple"},"acf":[],"aioseo_notices":[],"jetpack_sharing_enabled":true,"_links":{"self":[{"href":"https:\/\/antcube.shop\/sl\/wp-json\/wp\/v2\/product\/9291","targetHints":{"allow":["GET"]}}],"collection":[{"href":"https:\/\/antcube.shop\/sl\/wp-json\/wp\/v2\/product"}],"about":[{"href":"https:\/\/antcube.shop\/sl\/wp-json\/wp\/v2\/types\/product"}],"replies":[{"embeddable":true,"href":"https:\/\/antcube.shop\/sl\/wp-json\/wp\/v2\/comments?post=9291"}],"wp:featuredmedia":[{"embeddable":true,"href":"https:\/\/antcube.shop\/sl\/wp-json\/wp\/v2\/media\/9603"}],"wp:attachment":[{"href":"https:\/\/antcube.shop\/sl\/wp-json\/wp\/v2\/media?parent=9291"}],"wp:term":[{"taxonomy":"product_brand","embeddable":true,"href":"https:\/\/antcube.shop\/sl\/wp-json\/wp\/v2\/product_brand?post=9291"},{"taxonomy":"product_cat","embeddable":true,"href":"https:\/\/antcube.shop\/sl\/wp-json\/wp\/v2\/product_cat?post=9291"},{"taxonomy":"product_tag","embeddable":true,"href":"https:\/\/antcube.shop\/sl\/wp-json\/wp\/v2\/product_tag?post=9291"}],"curies":[{"name":"wp","href":"https:\/\/api.w.org\/{rel}","templated":true}]}}