{"id":9271,"date":"2024-09-17T14:58:23","date_gmt":"2024-09-17T12:58:23","guid":{"rendered":"https:\/\/antcube.shop\/en\/product\/mini-thermo-hygrometer-analog-display-magnet\/"},"modified":"2026-04-02T09:54:43","modified_gmt":"2026-04-02T07:54:43","slug":"mini-termo-higrometer-analogni-prikazovalnik-magnet","status":"publish","type":"product","link":"https:\/\/antcube.shop\/sl\/izdelek\/mini-termo-higrometer-analogni-prikazovalnik-magnet\/","title":{"rendered":"Mini termo- higrometer analogni - prikazovalnik - magnet"},"content":{"rendered":"<p><strong>Dimenzije:<\/strong> 75 mm x 60 mm, globina 8 mm<\/p>\n<p><strong>Material:<\/strong> kovina \/ akrilno steklo<\/p>\n<p><strong>Barva:<\/strong> kovina, srebrna \/ prozorna<\/p>\n<p><strong>Vsebina:<\/strong> 1x mini termometer analogni kovinski - 25 mm, 1x mini higrometer analogni kovinski - 25 mm, 1x dr\u017ealo iz akrilnega stekla z izrezi za merilne instrumente in tremi magneti - 75x60 mm, 1x plo\u0161\u010da iz akrilnega stekla z magneti za pritrditev zaslona - 75x20 mm,<\/p>\n<p><strong>Opis:<\/strong><br \/>\nKomplet sestavljata analogni termometer in higrometer iz kovine (25 mm), ki sta vstavljena v plo\u0161\u010do iz akrilnega stekla (75x6 mm). Zaslon je pritrjen z majhno plo\u0161\u010dico z magneti, ki je pritrjena na drugo stran plo\u0161\u010de. Tako je mogo\u010de lokacijo prikazovalnika vrednosti prilagoditi individualnim zahtevam. V primerjavi z lepilnimi plo\u0161\u010dicami je zaradi magnetov mogo\u010de polo\u017eaj prikazovalnika spreminjati tako pogosto, kot je potrebno.<\/p>\n<p><strong>Opomba:<\/strong><br \/>\nMerilni instrumenti na zadnji strani morajo ostati prosti, sicer lahko pride do napak pri meritvah.<\/p>\n<p>Zaradi proizvodnega procesa se na magnetnih delih lahko pojavijo manj\u0161e do srednje velike razpoke.<\/p>\n<p>Natan\u010dnost: +\/- 2\u00b0C , +\/- 4\u00b0F<br \/>\nNatan\u010dnost: +\/- 5%<\/p>","protected":false},"excerpt":{"rendered":"<p>Komplet termometra in higrometra iz kovine (25 mm), vstavljenega v plo\u0161\u010do iz akrilnega stekla (75x45 mm)<\/p>","protected":false},"featured_media":9740,"comment_status":"open","ping_status":"closed","template":"","meta":{"_acf_changed":false,"content-type":"","_monsterinsights_skip_tracking":false,"_monsterinsights_sitenote_active":false,"_monsterinsights_sitenote_note":"","_monsterinsights_sitenote_category":0},"product_brand":[],"product_cat":[359,119],"product_tag":[],"class_list":{"0":"post-9271","1":"product","2":"type-product","3":"status-publish","4":"has-post-thumbnail","6":"product_cat-light-heat-humidity","7":"product_cat-formicarium-components","9":"first","10":"instock","11":"taxable","12":"shipping-taxable","13":"purchasable","14":"product-type-simple"},"acf":[],"aioseo_notices":[],"jetpack_sharing_enabled":true,"_links":{"self":[{"href":"https:\/\/antcube.shop\/sl\/wp-json\/wp\/v2\/product\/9271","targetHints":{"allow":["GET"]}}],"collection":[{"href":"https:\/\/antcube.shop\/sl\/wp-json\/wp\/v2\/product"}],"about":[{"href":"https:\/\/antcube.shop\/sl\/wp-json\/wp\/v2\/types\/product"}],"replies":[{"embeddable":true,"href":"https:\/\/antcube.shop\/sl\/wp-json\/wp\/v2\/comments?post=9271"}],"wp:featuredmedia":[{"embeddable":true,"href":"https:\/\/antcube.shop\/sl\/wp-json\/wp\/v2\/media\/9740"}],"wp:attachment":[{"href":"https:\/\/antcube.shop\/sl\/wp-json\/wp\/v2\/media?parent=9271"}],"wp:term":[{"taxonomy":"product_brand","embeddable":true,"href":"https:\/\/antcube.shop\/sl\/wp-json\/wp\/v2\/product_brand?post=9271"},{"taxonomy":"product_cat","embeddable":true,"href":"https:\/\/antcube.shop\/sl\/wp-json\/wp\/v2\/product_cat?post=9271"},{"taxonomy":"product_tag","embeddable":true,"href":"https:\/\/antcube.shop\/sl\/wp-json\/wp\/v2\/product_tag?post=9271"}],"curies":[{"name":"wp","href":"https:\/\/api.w.org\/{rel}","templated":true}]}}