{"id":9269,"date":"2024-09-17T14:52:27","date_gmt":"2024-09-17T12:52:27","guid":{"rendered":"https:\/\/antcube.shop\/en\/product\/heat-pack-stoffbeutel-72-std\/"},"modified":"2026-04-08T10:01:07","modified_gmt":"2026-04-08T08:01:07","slug":"toplotni-paket-tkanina-vrecko-72-ur","status":"publish","type":"product","link":"https:\/\/antcube.shop\/sl\/izdelek\/toplotni-paket-tkanina-vrecko-72-ur\/","title":{"rendered":"Toplotni paket - Tekstilna vre\u010dka - 72 ur."},"content":{"rendered":"<p><strong>Dimenzije:<\/strong> 15,5 x 11,5 cm<\/p>\n<p>Trajanje ogrevanja ( h ): ~ 72<\/p>\n<p>Temperatura (najve\u010dja \/ srednja): 52 \u00b0C \/ 46 \u00b0C<\/p>\n<p><strong>Opis:<\/strong> Ta HeatPack je grelnik z aktivnim ogljem in se aktivira v stiku z zrakom. Paket HeatPack preprosto odstranite iz embala\u017ee, pustite, da se na kratko aktivira v okolju brez zmrzali, in ga polo\u017eite v ustrezno transportno \u0161katlo (npr. \u0161katlo iz polistirena). Toplota se za\u010dne spro\u0161\u010dati po nekaj minutah in traja do 72 ur.<\/p>\n<p>Uporabi se lahko samo enkrat!<\/p>\n<p><strong>Sestavine:<\/strong> \u017eelezo, voda, celuloza, aktivno oglje, vermikulit, sol<\/p>","protected":false},"excerpt":{"rendered":"<p>Toplotna mo\u010d za 72 ur.<\/p>","protected":false},"featured_media":9735,"comment_status":"open","ping_status":"closed","template":"","meta":{"_acf_changed":false,"content-type":"","_monsterinsights_skip_tracking":false,"_monsterinsights_sitenote_active":false,"_monsterinsights_sitenote_note":"","_monsterinsights_sitenote_category":0},"product_brand":[],"product_cat":[237],"product_tag":[],"class_list":{"0":"post-9269","1":"product","2":"type-product","3":"status-publish","4":"has-post-thumbnail","6":"product_cat-tools","8":"first","9":"instock","10":"taxable","11":"shipping-taxable","12":"purchasable","13":"product-type-simple"},"acf":[],"aioseo_notices":[],"jetpack_sharing_enabled":true,"_links":{"self":[{"href":"https:\/\/antcube.shop\/sl\/wp-json\/wp\/v2\/product\/9269","targetHints":{"allow":["GET"]}}],"collection":[{"href":"https:\/\/antcube.shop\/sl\/wp-json\/wp\/v2\/product"}],"about":[{"href":"https:\/\/antcube.shop\/sl\/wp-json\/wp\/v2\/types\/product"}],"replies":[{"embeddable":true,"href":"https:\/\/antcube.shop\/sl\/wp-json\/wp\/v2\/comments?post=9269"}],"wp:featuredmedia":[{"embeddable":true,"href":"https:\/\/antcube.shop\/sl\/wp-json\/wp\/v2\/media\/9735"}],"wp:attachment":[{"href":"https:\/\/antcube.shop\/sl\/wp-json\/wp\/v2\/media?parent=9269"}],"wp:term":[{"taxonomy":"product_brand","embeddable":true,"href":"https:\/\/antcube.shop\/sl\/wp-json\/wp\/v2\/product_brand?post=9269"},{"taxonomy":"product_cat","embeddable":true,"href":"https:\/\/antcube.shop\/sl\/wp-json\/wp\/v2\/product_cat?post=9269"},{"taxonomy":"product_tag","embeddable":true,"href":"https:\/\/antcube.shop\/sl\/wp-json\/wp\/v2\/product_tag?post=9269"}],"curies":[{"name":"wp","href":"https:\/\/api.w.org\/{rel}","templated":true}]}}