{"id":9257,"date":"2024-09-17T14:47:24","date_gmt":"2024-09-17T12:47:24","guid":{"rendered":"https:\/\/antcube.shop\/en\/product\/fotoruckwand-wuste-60x30-quer\/"},"modified":"2026-04-02T09:54:19","modified_gmt":"2026-04-02T07:54:19","slug":"fotografija-hrbtna-stena-puscava-60x30-pokrajina","status":"publish","type":"product","link":"https:\/\/antcube.shop\/sl\/izdelek\/fotografija-hrbtna-stena-puscava-60x30-pokrajina\/","title":{"rendered":"Foto hrbtna stena - Pu\u0161\u010dava - 60\u00d730 - pokrajina"},"content":{"rendered":"<p><strong>Dimenzije:<\/strong> 60&#215;30<\/p>\n<p><strong>Material:<\/strong> Sijajni papir iz folije<\/p>\n<p><strong>Vsebina:<\/strong> 1x fotografsko ozadje<\/p>\n<p><strong>Opis:<\/strong> Ta fotografska podlaga je nalepljena na zunanjo stran zadnje strani formikarija, da se ustvari vtis okolja, ki ustreza naravnemu habitatu mravelj.<\/p>","protected":false},"excerpt":{"rendered":"<p>Material: sijajen papir iz folije<\/p>","protected":false},"featured_media":9707,"comment_status":"open","ping_status":"closed","template":"","meta":{"_acf_changed":false,"content-type":"","_monsterinsights_skip_tracking":false,"_monsterinsights_sitenote_active":false,"_monsterinsights_sitenote_note":"","_monsterinsights_sitenote_category":0},"product_brand":[],"product_cat":[97,104],"product_tag":[],"class_list":{"0":"post-9257","1":"product","2":"type-product","3":"status-publish","4":"has-post-thumbnail","6":"product_cat-photo-backwalls","7":"product_cat-desert-photo-backwall","9":"first","10":"instock","11":"taxable","12":"shipping-taxable","13":"purchasable","14":"product-type-simple"},"acf":[],"aioseo_notices":[],"jetpack_sharing_enabled":true,"_links":{"self":[{"href":"https:\/\/antcube.shop\/sl\/wp-json\/wp\/v2\/product\/9257","targetHints":{"allow":["GET"]}}],"collection":[{"href":"https:\/\/antcube.shop\/sl\/wp-json\/wp\/v2\/product"}],"about":[{"href":"https:\/\/antcube.shop\/sl\/wp-json\/wp\/v2\/types\/product"}],"replies":[{"embeddable":true,"href":"https:\/\/antcube.shop\/sl\/wp-json\/wp\/v2\/comments?post=9257"}],"wp:featuredmedia":[{"embeddable":true,"href":"https:\/\/antcube.shop\/sl\/wp-json\/wp\/v2\/media\/9707"}],"wp:attachment":[{"href":"https:\/\/antcube.shop\/sl\/wp-json\/wp\/v2\/media?parent=9257"}],"wp:term":[{"taxonomy":"product_brand","embeddable":true,"href":"https:\/\/antcube.shop\/sl\/wp-json\/wp\/v2\/product_brand?post=9257"},{"taxonomy":"product_cat","embeddable":true,"href":"https:\/\/antcube.shop\/sl\/wp-json\/wp\/v2\/product_cat?post=9257"},{"taxonomy":"product_tag","embeddable":true,"href":"https:\/\/antcube.shop\/sl\/wp-json\/wp\/v2\/product_tag?post=9257"}],"curies":[{"name":"wp","href":"https:\/\/api.w.org\/{rel}","templated":true}]}}