{"id":9250,"date":"2024-09-17T14:44:16","date_gmt":"2024-09-17T12:44:16","guid":{"rendered":"https:\/\/antcube.shop\/en\/product\/antcube-korknest-60x30-stehend\/"},"modified":"2026-03-10T17:53:31","modified_gmt":"2026-03-10T16:53:31","slug":"plutovinasto-gnezdo-iz-antcube-60x30-v-pokoncnem-polozaju","status":"publish","type":"product","link":"https:\/\/antcube.shop\/sl\/izdelek\/plutovinasto-gnezdo-iz-antcube-60x30-v-pokoncnem-polozaju\/","title":{"rendered":"ANTCUBE - plutovinasto gnezdo 60\u00d730 - pokon\u010dno"},"content":{"rendered":"<p><strong>Dimenzije:<\/strong> 583 x 240 x 20 mm<\/p>\n<p><strong>Material:<\/strong> Pluta (fino)<\/p>\n<p>Primerno le za na\u0161e mravlji\u0161\u010da velikosti <span style=\"font-size: 10.5pt; font-family: Arial; color: #0000ff; background-color: transparent; font-weight: bold; font-style: normal; font-variant: normal; text-decoration: none; vertical-align: baseline;\">L<\/span><\/p>\n<p><strong>Opis:<\/strong> To plutovinasto gnezdo s pripravljenimi prehodi in komorami je primerno za razli\u010dne vrste mravelj, zlasti za vrste, ki gnezdijo v (odmrlem) lesu. Ima izvrtano luknjo za dostop do gnezda.<br \/>\nPluta je kemi\u010dno nevtralna. Njena struktura ni le neprepustna za teko\u010dine, ampak tudi ne povzro\u010da kemi\u010dnih reakcij in se zato ne po\u0161koduje. Vendar pa lahko prevelika koli\u010dina vlage dolgoro\u010dno povzro\u010di gnitje in zmanj\u0161a \u017eivljenjsko dobo gnezda. Kljub temu je pluta zelo odporna proti gnitju, oku\u017ebi z glivami in plesnimi. To je posledica njene povr\u0161ine in strukture, ki ne zagotavljata dobrega goji\u0161\u010da za naselitev glivic. Vendar pa lahko ostanki hrane in \u017eivalski iztrebki ter druge organske snovi spodbujajo rast plesni.<\/p>\n<p>Zato priporo\u010damo, da v plutovini hranite predvsem vrste iz suhih obmo\u010dij. Vrste iz vla\u017enih obmo\u010dij lahko \u0161e vedno hranite v tem kompletu, saj gnitje za ve\u010dino vrst ni te\u017eava. \u0160tevilne mravlje iz severne Evrope, kot sta Camponotus herculeanus ali Formica fusca, \u017eivijo tudi v gnilem ali razpadajo\u010dem lesu.<\/p>","protected":false},"excerpt":{"rendered":"<p><strong>Velikost:<\/strong> 583 x 240 x 20 mm<\/p>","protected":false},"featured_media":9688,"comment_status":"open","ping_status":"closed","template":"","meta":{"_acf_changed":false,"content-type":"","_monsterinsights_skip_tracking":false,"_monsterinsights_sitenote_active":false,"_monsterinsights_sitenote_note":"","_monsterinsights_sitenote_category":0},"product_brand":[],"product_cat":[87,89],"product_tag":[],"class_list":{"0":"post-9250","1":"product","2":"type-product","3":"status-publish","4":"has-post-thumbnail","6":"product_cat-nest-insets","7":"product_cat-cork","9":"first","10":"instock","11":"taxable","12":"shipping-taxable","13":"purchasable","14":"product-type-simple"},"acf":[],"aioseo_notices":[],"jetpack_sharing_enabled":true,"_links":{"self":[{"href":"https:\/\/antcube.shop\/sl\/wp-json\/wp\/v2\/product\/9250","targetHints":{"allow":["GET"]}}],"collection":[{"href":"https:\/\/antcube.shop\/sl\/wp-json\/wp\/v2\/product"}],"about":[{"href":"https:\/\/antcube.shop\/sl\/wp-json\/wp\/v2\/types\/product"}],"replies":[{"embeddable":true,"href":"https:\/\/antcube.shop\/sl\/wp-json\/wp\/v2\/comments?post=9250"}],"wp:featuredmedia":[{"embeddable":true,"href":"https:\/\/antcube.shop\/sl\/wp-json\/wp\/v2\/media\/9688"}],"wp:attachment":[{"href":"https:\/\/antcube.shop\/sl\/wp-json\/wp\/v2\/media?parent=9250"}],"wp:term":[{"taxonomy":"product_brand","embeddable":true,"href":"https:\/\/antcube.shop\/sl\/wp-json\/wp\/v2\/product_brand?post=9250"},{"taxonomy":"product_cat","embeddable":true,"href":"https:\/\/antcube.shop\/sl\/wp-json\/wp\/v2\/product_cat?post=9250"},{"taxonomy":"product_tag","embeddable":true,"href":"https:\/\/antcube.shop\/sl\/wp-json\/wp\/v2\/product_tag?post=9250"}],"curies":[{"name":"wp","href":"https:\/\/api.w.org\/{rel}","templated":true}]}}