{"id":9248,"date":"2024-09-17T14:43:20","date_gmt":"2024-09-17T12:43:20","guid":{"rendered":"https:\/\/antcube.shop\/en\/product\/antcube-box-10x10-gipsnest-beige\/"},"modified":"2026-01-12T12:38:20","modified_gmt":"2026-01-12T11:38:20","slug":"skatla-za-mravlje-10x10-gnezdo-iz-mavca-bez-barve","status":"publish","type":"product","link":"https:\/\/antcube.shop\/sl\/izdelek\/skatla-za-mravlje-10x10-gnezdo-iz-mavca-bez-barve\/","title":{"rendered":"ANTCUBE - \u0160katla 10\u00d710 - gnezdo iz mavca be\u017e barve"},"content":{"rendered":"<p><strong>Dimenzije:<\/strong><br \/>\n100x100x100 mm<\/p>\n<p><strong>Material:<\/strong><br \/>\nPMMA, PS, mavec<\/p>\n<p><strong>Barva:<\/strong> prozoren, be\u017e<\/p>\n<p><strong>Vsebina:<\/strong><br \/>\n1x \u0161katla 100x100x100mm<br \/>\n1x vstavljiv okvir<br \/>\n1x vstavljiv pokrov s 50 mm luknjo<br \/>\n1x mav\u010dni vlo\u017eek za gnezdo<br \/>\n2x formikarijski \u010depi 27 mm<br \/>\n1x mre\u017eni vlo\u017eek - 50 mm - nerjave\u010de jeklo<\/p>\n<p><strong>Opis:<\/strong><br \/>\nTa posoda je opremljena z okvirjem in pokrovom, ki ju je mogo\u010de vstaviti, ima pa tudi dve 27-milimetrski odprtini za prihodnje raz\u0161iritve. Pokrov ima 50-milimetrsko odprtino, v katero se lahko vstavijo mre\u017eni vlo\u017eki, vti\u010dnice za ventilatorje ali svetilke. Ta prakti\u010dna in za vzdr\u017eevanje enostavna arena z vgrajenim gnezdom iz mavca je primerna za temeljne kolonije, ki rade gradijo gnezda v zemlji ali med kamni.<\/p>","protected":false},"excerpt":{"rendered":"<p><strong>Velikost:<\/strong> 10x10x10 cm<\/p>","protected":false},"featured_media":9559,"comment_status":"open","ping_status":"closed","template":"","meta":{"_acf_changed":false,"content-type":"","_monsterinsights_skip_tracking":false,"_monsterinsights_sitenote_active":false,"_monsterinsights_sitenote_note":"","_monsterinsights_sitenote_category":0},"product_brand":[],"product_cat":[80,90],"product_tag":[],"class_list":{"0":"post-9248","1":"product","2":"type-product","3":"status-publish","4":"has-post-thumbnail","6":"product_cat-antfarms","7":"product_cat-gypsum","9":"first","10":"instock","11":"taxable","12":"shipping-taxable","13":"purchasable","14":"product-type-simple"},"acf":[],"aioseo_notices":[],"jetpack_sharing_enabled":true,"_links":{"self":[{"href":"https:\/\/antcube.shop\/sl\/wp-json\/wp\/v2\/product\/9248","targetHints":{"allow":["GET"]}}],"collection":[{"href":"https:\/\/antcube.shop\/sl\/wp-json\/wp\/v2\/product"}],"about":[{"href":"https:\/\/antcube.shop\/sl\/wp-json\/wp\/v2\/types\/product"}],"replies":[{"embeddable":true,"href":"https:\/\/antcube.shop\/sl\/wp-json\/wp\/v2\/comments?post=9248"}],"wp:featuredmedia":[{"embeddable":true,"href":"https:\/\/antcube.shop\/sl\/wp-json\/wp\/v2\/media\/9559"}],"wp:attachment":[{"href":"https:\/\/antcube.shop\/sl\/wp-json\/wp\/v2\/media?parent=9248"}],"wp:term":[{"taxonomy":"product_brand","embeddable":true,"href":"https:\/\/antcube.shop\/sl\/wp-json\/wp\/v2\/product_brand?post=9248"},{"taxonomy":"product_cat","embeddable":true,"href":"https:\/\/antcube.shop\/sl\/wp-json\/wp\/v2\/product_cat?post=9248"},{"taxonomy":"product_tag","embeddable":true,"href":"https:\/\/antcube.shop\/sl\/wp-json\/wp\/v2\/product_tag?post=9248"}],"curies":[{"name":"wp","href":"https:\/\/api.w.org\/{rel}","templated":true}]}}