{"id":9247,"date":"2024-09-17T14:42:38","date_gmt":"2024-09-17T12:42:38","guid":{"rendered":"https:\/\/antcube.shop\/en\/product\/antcube-gipsnest-30x30-liegend\/"},"modified":"2026-03-19T18:11:44","modified_gmt":"2026-03-19T17:11:44","slug":"antcube-gipsnest-30x30-liegend","status":"publish","type":"product","link":"https:\/\/antcube.shop\/sl\/izdelek\/antcube-gipsnest-30x30-liegend\/","title":{"rendered":"ANTCUBE - gnezdo iz mavca 30\u00d730 - vodoravno"},"content":{"rendered":"<p><span data-text-color=\"alert\"><strong>Dostava je mogo\u010da samo preko GO! znotraj Nem\u010dije ali preko palete znotraj Evrope (brez otokov)<\/strong><\/span><\/p>\n<p><strong>Dimenzije:<\/strong><br \/>\nGnezdo iz mavca: 290 x 290 x 50 mm<br \/>\nStekleni pokrov: 279 x 279 x 4 mm<\/p>\n<p><strong>Material:<\/strong> Omet<\/p>\n<p><strong>Vsebina:<\/strong><br \/>\n1x gnezdo za omet 30\u00d730 z dvema priklju\u010dnima vti\u010dnicama L 14\/16\/18\/20 x 20 mm<\/p>\n<ul>\n<li>Cev 14\/10 je trdno vstavljena v 14-milimetrsko vti\u010dnico<\/li>\n<li>Cev 20\/16 je trdno pritrjena na prvi 16-milimetrski korak.<\/li>\n<li>Cev 22\/18 je trdno pritrjena na drugo 20 mm stopnico<\/li>\n<li>Cev 24\/20 je ohlapno pritrjena na drugi 20 mm korak<\/li>\n<\/ul>\n<p>1x stekleni pokrov s 50 mm luknjo<br \/>\n1x akrilni obro\u010d 50 mm za 27 mm luknjo<br \/>\n1x podstavek za formikarij 30\u00d730<br \/>\n2x mre\u017easti pokrov\u010dek - 16 mm - nerjave\u010de jeklo<br \/>\n1x mre\u017eni vlo\u017eek - 27 mm - nerjave\u010de jeklo<\/p>\n<p><strong>Opis:<\/strong> Na\u0161e mav\u010dno gnezdo z vnaprej pripravljenimi prehodi in komorami je primerno za \u0161tevilne vrste mravelj, zlasti za vrste, ki gradijo gnezda na zelo pe\u0161\u010denih ali kamnitih tleh. Ima luknjo za dostop do gnezda. Mavec ima lastnost, da vpija vodo, tako da se v njem shranjuje dolo\u010dena koli\u010dina vlage. Kljub temu se gipsovo gnezdo ne sme uporabljati trajno vla\u017eno, saj lahko sicer nastane plesen (zaradi ostankov hrane ali izlo\u010dkov mravelj). Zato je treba v njem po mo\u017enosti gojiti vrste iz precej suhih obmo\u010dij. To so na primer vrste iz sredozemskih ali pu\u0161\u010davskih obmo\u010dij.<\/p>\n<p><strong>Opomba:<\/strong> Zaradi svoje zasnove niso primerne za zelo majhne vrste (npr. vrste Pheidole, vrste Temnothorax), vrzeli so lahko 0,3-0,5 mm.<\/p>\n<p><strong>Opomba o priklju\u010dnih vti\u010dnicah<\/strong><br \/>\nPri name\u0161\u010danju ali odstranjevanju cevi upo\u0161tevajte naslednje:<br \/>\n\u010ce se cev zelo te\u017eko prilega priklju\u010dni vti\u010dnici, vti\u010dnico rahlo natrite s kapljico na\u0161ega olja ali pra\u0161ka proti razbijanju. Nato je treba cev potisniti na vti\u010dnico z vrtenjem ali vija\u010denjem, ne da bi vti\u010dnico obremenjevali z gibi navzgor in navzdol. Enako velja za odstranjevanje cevi iz priklju\u010dne vti\u010dnice na kmetiji. Ne potegnite je preprosto s sebe!<\/p>","protected":false},"excerpt":{"rendered":"<p>Dostava je mogo\u010da samo prek GO! znotraj Nem\u010dije ali prek palete znotraj Evrope (brez otokov) Dimenzije: Stekleni pokrov: 279 x 279 x 4 mm Material: Vsebina: mavec: 1x gnezdo za omet 30x30 z dvema priklju\u010dnima vti\u010dnicama L 14\/16\/18\/20 x 20mm 14\/10 cev se trdno vstavi v 14mm vti\u010dnico","protected":false},"featured_media":9683,"comment_status":"open","ping_status":"closed","template":"","meta":{"_acf_changed":false,"content-type":"","_monsterinsights_skip_tracking":false,"_monsterinsights_sitenote_active":false,"_monsterinsights_sitenote_note":"","_monsterinsights_sitenote_category":0},"product_brand":[],"product_cat":[80,83],"product_tag":[],"class_list":{"0":"post-9247","1":"product","2":"type-product","3":"status-publish","4":"has-post-thumbnail","6":"product_cat-antfarms","7":"product_cat-antfarms-l","9":"first","10":"instock","11":"taxable","12":"shipping-taxable","13":"purchasable","14":"product-type-simple"},"acf":[],"aioseo_notices":[],"jetpack_sharing_enabled":true,"_links":{"self":[{"href":"https:\/\/antcube.shop\/sl\/wp-json\/wp\/v2\/product\/9247","targetHints":{"allow":["GET"]}}],"collection":[{"href":"https:\/\/antcube.shop\/sl\/wp-json\/wp\/v2\/product"}],"about":[{"href":"https:\/\/antcube.shop\/sl\/wp-json\/wp\/v2\/types\/product"}],"replies":[{"embeddable":true,"href":"https:\/\/antcube.shop\/sl\/wp-json\/wp\/v2\/comments?post=9247"}],"wp:featuredmedia":[{"embeddable":true,"href":"https:\/\/antcube.shop\/sl\/wp-json\/wp\/v2\/media\/9683"}],"wp:attachment":[{"href":"https:\/\/antcube.shop\/sl\/wp-json\/wp\/v2\/media?parent=9247"}],"wp:term":[{"taxonomy":"product_brand","embeddable":true,"href":"https:\/\/antcube.shop\/sl\/wp-json\/wp\/v2\/product_brand?post=9247"},{"taxonomy":"product_cat","embeddable":true,"href":"https:\/\/antcube.shop\/sl\/wp-json\/wp\/v2\/product_cat?post=9247"},{"taxonomy":"product_tag","embeddable":true,"href":"https:\/\/antcube.shop\/sl\/wp-json\/wp\/v2\/product_tag?post=9247"}],"curies":[{"name":"wp","href":"https:\/\/api.w.org\/{rel}","templated":true}]}}