{"id":9246,"date":"2024-09-17T14:41:57","date_gmt":"2024-09-17T12:41:57","guid":{"rendered":"https:\/\/antcube.shop\/en\/product\/antcube-gipsnest-60x30-stehend\/"},"modified":"2026-03-03T21:23:18","modified_gmt":"2026-03-03T20:23:18","slug":"gnezdo-iz-mavca-antcube-60x30-pokoncno","status":"publish","type":"product","link":"https:\/\/antcube.shop\/sl\/izdelek\/gnezdo-iz-mavca-antcube-60x30-pokoncno\/","title":{"rendered":"ANTCUBE - gnezdo iz mavca 60\u00d730 - pokon\u010dno"},"content":{"rendered":"<p><span data-text-color=\"alert\"><strong>Dostava je mogo\u010da samo preko GO! znotraj Nem\u010dije ali preko palete znotraj Evrope (brez otokov)<\/strong><\/span><\/p>\n<p><strong>Dimenzije:<\/strong> 582 x 239 x 45,5 mm<\/p>\n<p><strong>Material:<\/strong> omet<\/p>\n<p>Primerno le za na\u0161e mravlji\u0161\u010da velikosti <span style=\"font-size: 10.5pt; font-family: Arial; color: #ff0000; background-color: transparent; font-weight: bold; font-style: normal; font-variant: normal; text-decoration: none; vertical-align: baseline;\">XL<\/span><\/p>\n<p><strong>Opis:<\/strong> Na\u0161e mav\u010dno gnezdo z vnaprej pripravljenimi prehodi in komorami je primerno za \u0161tevilne vrste mravelj, zlasti za vrste, ki gradijo gnezda na zelo pe\u0161\u010denih ali kamnitih tleh. Ima luknjo za dostop do gnezda. Mavec ima lastnost, da vpija vodo, tako da se v njem shranjuje dolo\u010dena koli\u010dina vlage. Kljub temu se gipsovo gnezdo ne sme uporabljati trajno vla\u017eno, saj lahko sicer nastane plesen (zaradi ostankov hrane ali izlo\u010dkov mravelj). Zato je treba v njem po mo\u017enosti gojiti vrste iz precej suhih obmo\u010dij. To so na primer vrste iz sredozemskih ali pu\u0161\u010davskih obmo\u010dij.<\/p>","protected":false},"excerpt":{"rendered":"<p>Dostava je mogo\u010da samo prek GO! znotraj Nem\u010dije ali prek palete znotraj Evrope (brez otokov) Dimenzije: Velikost: 282 x 239 x 45,5 mm Material: mavec Prilega se le na\u0161im mravlji\u0161\u010darnam velikosti XL Opis: Na\u0161e mravlji\u0161\u010de iz mavca z vnaprej pripravljenimi prehodi in komorami je primerno za \u0161tevilne vrste mravelj, zlasti za vrste, ki gradijo","protected":false},"featured_media":9680,"comment_status":"open","ping_status":"closed","template":"","meta":{"_acf_changed":false,"content-type":"","_monsterinsights_skip_tracking":false,"_monsterinsights_sitenote_active":false,"_monsterinsights_sitenote_note":"","_monsterinsights_sitenote_category":0},"product_brand":[],"product_cat":[87,90],"product_tag":[],"class_list":{"0":"post-9246","1":"product","2":"type-product","3":"status-publish","4":"has-post-thumbnail","6":"product_cat-nest-insets","7":"product_cat-gypsum","9":"first","10":"instock","11":"taxable","12":"shipping-taxable","13":"purchasable","14":"product-type-simple"},"acf":[],"aioseo_notices":[],"jetpack_sharing_enabled":true,"_links":{"self":[{"href":"https:\/\/antcube.shop\/sl\/wp-json\/wp\/v2\/product\/9246","targetHints":{"allow":["GET"]}}],"collection":[{"href":"https:\/\/antcube.shop\/sl\/wp-json\/wp\/v2\/product"}],"about":[{"href":"https:\/\/antcube.shop\/sl\/wp-json\/wp\/v2\/types\/product"}],"replies":[{"embeddable":true,"href":"https:\/\/antcube.shop\/sl\/wp-json\/wp\/v2\/comments?post=9246"}],"wp:featuredmedia":[{"embeddable":true,"href":"https:\/\/antcube.shop\/sl\/wp-json\/wp\/v2\/media\/9680"}],"wp:attachment":[{"href":"https:\/\/antcube.shop\/sl\/wp-json\/wp\/v2\/media?parent=9246"}],"wp:term":[{"taxonomy":"product_brand","embeddable":true,"href":"https:\/\/antcube.shop\/sl\/wp-json\/wp\/v2\/product_brand?post=9246"},{"taxonomy":"product_cat","embeddable":true,"href":"https:\/\/antcube.shop\/sl\/wp-json\/wp\/v2\/product_cat?post=9246"},{"taxonomy":"product_tag","embeddable":true,"href":"https:\/\/antcube.shop\/sl\/wp-json\/wp\/v2\/product_tag?post=9246"}],"curies":[{"name":"wp","href":"https:\/\/api.w.org\/{rel}","templated":true}]}}