{"id":9240,"date":"2024-09-17T14:38:37","date_gmt":"2024-09-17T12:38:37","guid":{"rendered":"https:\/\/antcube.shop\/en\/product\/antcube-digfix-platte-60x30-m\/"},"modified":"2026-03-20T10:38:51","modified_gmt":"2026-03-20T09:38:51","slug":"antcube-digfix-platte-60x30-m","status":"publish","type":"product","link":"https:\/\/antcube.shop\/sl\/izdelek\/antcube-digfix-platte-60x30-m\/","title":{"rendered":"ANTCUBE - Digfix plo\u0161\u010da 60\u00d730 - M"},"content":{"rendered":"<p><span data-text-color=\"alert\"><strong>Dostava je mogo\u010da samo preko GO! znotraj Nem\u010dije ali preko palete znotraj Evrope (brez otokov)<\/strong><\/span><\/p>\n<p><strong>Dimenzije:<\/strong> 583x260x10 mm<\/p>\n<p><strong>Material:<\/strong> Digfix<\/p>\n<p><strong>Opis:<\/strong> Plo\u0161\u010da Digfix iz materiala, ki ga je mogo\u010de kopati, je kot nala\u0161\u010d za na\u0161e mravlji\u0161\u010da ANTCUBE. Uporablja se lahko tako na suhem kot na mokrem. Primerna je tudi za \u0161tevilne vrste mravelj, zlasti za vrste, ki gnezdijo v pesku in (odmrlem) lesu. Uporablja se lahko namesto me\u0161anic peska in gline ali plutovinastih vlo\u017ekov za gnezda. Glavna prednost pred plutovinastimi gnezdi je, da Digfix ne postane plesniv, tudi \u010de je moker. To pomeni, da lahko vrste mravelj, ki imajo visoke zahteve po vlagi, zlahka oskrbimo z zadostno koli\u010dino vode. Digfix ima tudi to prednost, da vrste mravelj pri kopanju ne uma\u017eejo steklenih stekel svojega gnezda, kar omogo\u010da popoln pogled v gnezdo.<\/p>\n<p><strong>Opomba:<\/strong> Naravna barva lahko variira med zeleno\/sivo-rjavo in zemeljsko rjavo. Barvni ton ne vpliva na kakovost.<br \/>\nZaradi proizvodnega procesa se lahko mere razlikujejo za +\/- 1 mm.<\/p>","protected":false},"excerpt":{"rendered":"<p>Velikost:<strong><span style=\"color: #339966;\"> M<\/span><\/strong><\/p>","protected":false},"featured_media":9668,"comment_status":"open","ping_status":"closed","template":"","meta":{"_acf_changed":false,"content-type":"","_monsterinsights_skip_tracking":false,"_monsterinsights_sitenote_active":false,"_monsterinsights_sitenote_note":"","_monsterinsights_sitenote_category":0},"product_brand":[],"product_cat":[87,88],"product_tag":[],"class_list":{"0":"post-9240","1":"product","2":"type-product","3":"status-publish","4":"has-post-thumbnail","6":"product_cat-nest-insets","7":"product_cat-digfix","9":"first","10":"instock","11":"taxable","12":"shipping-taxable","13":"purchasable","14":"product-type-simple"},"acf":[],"aioseo_notices":[],"jetpack_sharing_enabled":true,"_links":{"self":[{"href":"https:\/\/antcube.shop\/sl\/wp-json\/wp\/v2\/product\/9240","targetHints":{"allow":["GET"]}}],"collection":[{"href":"https:\/\/antcube.shop\/sl\/wp-json\/wp\/v2\/product"}],"about":[{"href":"https:\/\/antcube.shop\/sl\/wp-json\/wp\/v2\/types\/product"}],"replies":[{"embeddable":true,"href":"https:\/\/antcube.shop\/sl\/wp-json\/wp\/v2\/comments?post=9240"}],"wp:featuredmedia":[{"embeddable":true,"href":"https:\/\/antcube.shop\/sl\/wp-json\/wp\/v2\/media\/9668"}],"wp:attachment":[{"href":"https:\/\/antcube.shop\/sl\/wp-json\/wp\/v2\/media?parent=9240"}],"wp:term":[{"taxonomy":"product_brand","embeddable":true,"href":"https:\/\/antcube.shop\/sl\/wp-json\/wp\/v2\/product_brand?post=9240"},{"taxonomy":"product_cat","embeddable":true,"href":"https:\/\/antcube.shop\/sl\/wp-json\/wp\/v2\/product_cat?post=9240"},{"taxonomy":"product_tag","embeddable":true,"href":"https:\/\/antcube.shop\/sl\/wp-json\/wp\/v2\/product_tag?post=9240"}],"curies":[{"name":"wp","href":"https:\/\/api.w.org\/{rel}","templated":true}]}}