{"id":9236,"date":"2024-09-17T14:31:58","date_gmt":"2024-09-17T12:31:58","guid":{"rendered":"https:\/\/antcube.shop\/en\/product\/ameisenarena-rahmen-20x10\/"},"modified":"2026-03-31T12:29:33","modified_gmt":"2026-03-31T10:29:33","slug":"mravljisce-arena-okvir-20x10","status":"publish","type":"product","link":"https:\/\/antcube.shop\/sl\/izdelek\/mravljisce-arena-okvir-20x10\/","title":{"rendered":"Okvir arene za mravlje 20\u00d710"},"content":{"rendered":"<p><strong>Dimenzije (Dx\u0160xV):<\/strong> 20x10x0,4 cm<\/p>\n<p><strong>Material:<\/strong> Plavajo\u010de steklo<\/p>\n<p><strong>Barva:<\/strong> prozorno \/ transparentno<\/p>\n<p><strong>Vsebina:<\/strong><br \/>\n1x okvir za areno za mravlje<\/p>\n<p><strong>Opis:<\/strong><br \/>\nOkvir iz stekla za mravlji\u0161\u010de kot za\u0161\u010dito pred pobegom.<\/p>\n<p><strong>Uporaba:<\/strong><br \/>\nOkvir za mravlji\u0161\u010de je okvir iz stekla, ki se namesti na mravlji\u0161\u010de in je na spodnji strani opremljen z za\u0161\u010dito proti vdoru (olje, prah ali lak), da se prepre\u010di vdor mravelj.<\/p>\n<p><strong>Obvestilo:<\/strong><br \/>\nKer je izdelek narejen iz stekla in je zato ob\u010dutljiv, je treba z njim ravnati zelo previdno. Steklo je rezano v skladu s standardom DIN 1249 z dovoljenim odstopanjem +\/- 1 mm. Za izjemno majhne vrste mravelj je nujna dodatna za\u0161\u010dita pred razbitjem.<\/p>","protected":false},"excerpt":{"rendered":"<p>Dimenzije (Dx\u0160xV): 60x30x0,4 cm Material: Barva: prozorna \/ transparentna Vsebina: Vsebuje: 1x okvir za mravljin\u010djo areno Opis: Okvir iz stekla za mravlji\u0161\u010de kot za\u0161\u010dito pred pobegom. Uporaba: Okvir za mravlji\u0161\u010de je okvir iz stekla, ki se namesti na mravlji\u0161\u010de in je opremljen z za\u0161\u010dito pred pobegom (olje, pra\u0161ek","protected":false},"featured_media":9498,"comment_status":"open","ping_status":"closed","template":"","meta":{"_acf_changed":false,"content-type":"","_monsterinsights_skip_tracking":false,"_monsterinsights_sitenote_active":false,"_monsterinsights_sitenote_note":"","_monsterinsights_sitenote_category":0},"product_brand":[],"product_cat":[91,93],"product_tag":[],"class_list":{"0":"post-9236","1":"product","2":"type-product","3":"status-publish","4":"has-post-thumbnail","6":"product_cat-formicarium-modules","7":"product_cat-arena-frame","9":"first","10":"instock","11":"taxable","12":"shipping-taxable","13":"purchasable","14":"product-type-simple"},"acf":[],"aioseo_notices":[],"jetpack_sharing_enabled":true,"_links":{"self":[{"href":"https:\/\/antcube.shop\/sl\/wp-json\/wp\/v2\/product\/9236","targetHints":{"allow":["GET"]}}],"collection":[{"href":"https:\/\/antcube.shop\/sl\/wp-json\/wp\/v2\/product"}],"about":[{"href":"https:\/\/antcube.shop\/sl\/wp-json\/wp\/v2\/types\/product"}],"replies":[{"embeddable":true,"href":"https:\/\/antcube.shop\/sl\/wp-json\/wp\/v2\/comments?post=9236"}],"wp:featuredmedia":[{"embeddable":true,"href":"https:\/\/antcube.shop\/sl\/wp-json\/wp\/v2\/media\/9498"}],"wp:attachment":[{"href":"https:\/\/antcube.shop\/sl\/wp-json\/wp\/v2\/media?parent=9236"}],"wp:term":[{"taxonomy":"product_brand","embeddable":true,"href":"https:\/\/antcube.shop\/sl\/wp-json\/wp\/v2\/product_brand?post=9236"},{"taxonomy":"product_cat","embeddable":true,"href":"https:\/\/antcube.shop\/sl\/wp-json\/wp\/v2\/product_cat?post=9236"},{"taxonomy":"product_tag","embeddable":true,"href":"https:\/\/antcube.shop\/sl\/wp-json\/wp\/v2\/product_tag?post=9236"}],"curies":[{"name":"wp","href":"https:\/\/api.w.org\/{rel}","templated":true}]}}