{"id":9234,"date":"2024-09-17T14:31:14","date_gmt":"2024-09-17T12:31:14","guid":{"rendered":"https:\/\/antcube.shop\/en\/product\/ameisenarena-lufter-50mm\/"},"modified":"2026-04-14T12:07:22","modified_gmt":"2026-04-14T10:07:22","slug":"ventilator-za-mravljisca-50mm","status":"publish","type":"product","link":"https:\/\/antcube.shop\/sl\/izdelek\/ventilator-za-mravljisca-50mm\/","title":{"rendered":"Arena za mravlje - ventilator 50 mm"},"content":{"rendered":"<p><span data-text-color=\"alert\"><strong>Dostava je mogo\u010da samo v Nem\u010diji!<\/strong><\/span><\/p>\n<p><strong>Vsebina:<\/strong><br \/>\n- Ventilator 42 mm<br \/>\n- Vstavek za re\u0161etko 50 mm - prozoren<br \/>\n- Vti\u010d \/ priklju\u010dek<\/p>\n<p><strong>Tehni\u010dne specifikacije:<\/strong><br \/>\nMo\u010d: 1W<br \/>\nNapetost: 12V<br \/>\nDol\u017eina kabla: 10 cm<br \/>\nTemperaturno obmo\u010dje -10 - +60 \u00b0C<br \/>\n\u017divljenjska doba 50 000 ur<br \/>\nStopnja pretoka zraka 10 m\u00b3\/h (pri pritrditvi re\u0161etke se stopnja pretoka zmanj\u0161a glede na velikost odprtine)<\/p>\n<p><strong>Material:<\/strong> plastika<\/p>\n<p><strong>Barva:<\/strong> bela \/ prozorna<\/p>\n<p><strong>Opis:<\/strong><br \/>\nZa prezra\u010devanje mravlji\u0161\u010da lahko ta ventilator priklju\u010dite neposredno na pokrov mravlji\u0161\u010da.<\/p>\n<p><strong>Informacije o okolju:<\/strong><br \/>\nMorda bo potrebno posebno odstranjevanje. Obrnite se na lokalne organe.<br \/>\nDodatne informacije:<\/p>\n<blockquote class=\"wp-embedded-content\" data-secret=\"E5wsFkHgL8\"><p><a href=\"https:\/\/antcube.shop\/en\/electrical-devices-act\/\">Zakon o elektri\u010dnih napravah<\/a><\/p><\/blockquote>\n<p><iframe loading=\"lazy\" class=\"wp-embedded-content\" sandbox=\"allow-scripts\" security=\"restricted\" style=\"position: absolute; visibility: hidden;\" title=\"&quot;Zakon o elektri\u010dnih napravah&quot; - ANTCUBE\" src=\"https:\/\/antcube.shop\/en\/electrical-devices-act\/embed\/#?secret=BvHuHVTyVI#?secret=E5wsFkHgL8\" data-secret=\"E5wsFkHgL8\" width=\"600\" height=\"338\" frameborder=\"0\" marginwidth=\"0\" marginheight=\"0\" scrolling=\"no\"><\/iframe><\/p>\n<p>&nbsp;<\/p>\n<p>Ta izdelek je registriran v skladu z uredbo WEEE-Reg. DE 54590387.<\/p>\n<p>&nbsp;<\/p>","protected":false},"excerpt":{"rendered":"<p>Dostava je mogo\u010da samo v Nem\u010diji! Vsebina: - Ventilator 42 mm - Vlo\u017eek re\u0161etke 50 mm - prozoren - Vti\u010d \/ priklju\u010dek Tehni\u010dne specifikacije: Vro\u010dina: 1W Napetost: 12V Dol\u017eina kabla: 10 cm Temperaturno obmo\u010dje -10 - +60 \u00b0C \u017divljenjska doba 50 000 ur Hitrost pretoka zraka 10 m\u00b3\/h (z vstavljeno re\u0161etko se pretok zmanj\u0161a glede na [...]","protected":false},"featured_media":9512,"comment_status":"open","ping_status":"closed","template":"","meta":{"_acf_changed":false,"content-type":"","_monsterinsights_skip_tracking":false,"_monsterinsights_sitenote_active":false,"_monsterinsights_sitenote_note":"","_monsterinsights_sitenote_category":0},"product_brand":[],"product_cat":[359,119],"product_tag":[],"class_list":{"0":"post-9234","1":"product","2":"type-product","3":"status-publish","4":"has-post-thumbnail","6":"product_cat-light-heat-humidity","7":"product_cat-formicarium-components","9":"first","10":"instock","11":"taxable","12":"shipping-taxable","13":"purchasable","14":"product-type-simple"},"acf":[],"aioseo_notices":[],"jetpack_sharing_enabled":true,"_links":{"self":[{"href":"https:\/\/antcube.shop\/sl\/wp-json\/wp\/v2\/product\/9234","targetHints":{"allow":["GET"]}}],"collection":[{"href":"https:\/\/antcube.shop\/sl\/wp-json\/wp\/v2\/product"}],"about":[{"href":"https:\/\/antcube.shop\/sl\/wp-json\/wp\/v2\/types\/product"}],"replies":[{"embeddable":true,"href":"https:\/\/antcube.shop\/sl\/wp-json\/wp\/v2\/comments?post=9234"}],"wp:featuredmedia":[{"embeddable":true,"href":"https:\/\/antcube.shop\/sl\/wp-json\/wp\/v2\/media\/9512"}],"wp:attachment":[{"href":"https:\/\/antcube.shop\/sl\/wp-json\/wp\/v2\/media?parent=9234"}],"wp:term":[{"taxonomy":"product_brand","embeddable":true,"href":"https:\/\/antcube.shop\/sl\/wp-json\/wp\/v2\/product_brand?post=9234"},{"taxonomy":"product_cat","embeddable":true,"href":"https:\/\/antcube.shop\/sl\/wp-json\/wp\/v2\/product_cat?post=9234"},{"taxonomy":"product_tag","embeddable":true,"href":"https:\/\/antcube.shop\/sl\/wp-json\/wp\/v2\/product_tag?post=9234"}],"curies":[{"name":"wp","href":"https:\/\/api.w.org\/{rel}","templated":true}]}}