{"id":9233,"date":"2024-09-17T14:30:50","date_gmt":"2024-09-17T12:30:50","guid":{"rendered":"https:\/\/antcube.shop\/en\/product\/ameisenarena-lufter-set-50mm-mit-netzgerat\/"},"modified":"2026-04-14T14:07:33","modified_gmt":"2026-04-14T12:07:33","slug":"komplet-ventilatorjev-za-areno-50-mm-z-napajalnikom","status":"publish","type":"product","link":"https:\/\/antcube.shop\/sl\/izdelek\/komplet-ventilatorjev-za-areno-50-mm-z-napajalnikom\/","title":{"rendered":"Ant Arena - komplet ventilatorjev 50 mm z napajalnikom"},"content":{"rendered":"<p><span data-text-color=\"alert\"><strong>Dostava je mogo\u010da samo v Nem\u010diji!<\/strong><\/span><\/p>\n<p><strong>Vsebina:<\/strong><br \/>\n- Ventilator 42 mm<br \/>\n- na re\u0161etki 50 mm - prozorna<br \/>\n- Napajalna enota<br \/>\n- Vti\u010d \/ priklju\u010dek<\/p>\n<p><strong>Tehni\u010dne specifikacije:<\/strong><br \/>\nIzhod napajalne enote: 2,5 A (12 W).<br \/>\nNapetostni vhod: 100V-240V<br \/>\nIzhodna napetost: 5V<br \/>\nDol\u017eina kabla: 10 cm (ventilator)<br \/>\nDol\u017eina kabla: 90 cm (napajalna enota)<br \/>\nMo\u010d ventilatorja 1 W<br \/>\nTemperaturno obmo\u010dje -10 - +60 \u00b0C<br \/>\n\u017divljenjska doba 50 000 ur<br \/>\nStopnja pretoka zraka 10 m\u00b3\/h (pri pritrditvi re\u0161etke se stopnja pretoka zmanj\u0161a glede na velikost odprtine)<\/p>\n<p><strong>Dimenzije:<\/strong> 5 x 5 x 1 cm (ventilator)<\/p>\n<p><strong>Material:<\/strong> plastika<\/p>\n<p><strong>Barva:<\/strong> prozoren, prosojen (ventilator); \u010drn (napajalna enota)<\/p>\n<p><strong>Opis:<\/strong><br \/>\nPrezra\u010devanje je \u0161e posebej pomembno za doseganje \u010dim bolj naravne klime v formikariju in prepre\u010devanje rasti plesni. Ventilator se lahko namesti s \u0161tirimi odprtinami za vijake ali pa ga je treba pritrditi s silikonom ali plasti\u010dnim lepilom. Motor deluje skoraj nesli\u0161no in brez tresljajev.<\/p>\n<p><strong>Informacije o okolju:<\/strong><br \/>\nMorda bo potrebno posebno odstranjevanje. Obrnite se na lokalne organe.<br \/>\nDodatne informacije:<\/p>\n<blockquote class=\"wp-embedded-content\" data-secret=\"jOGF5OPQCF\"><p><a href=\"https:\/\/antcube.shop\/en\/electrical-devices-act\/\">Zakon o elektri\u010dnih napravah<\/a><\/p><\/blockquote>\n<p><iframe loading=\"lazy\" class=\"wp-embedded-content\" sandbox=\"allow-scripts\" security=\"restricted\" style=\"position: absolute; visibility: hidden;\" title=\"&quot;Zakon o elektri\u010dnih napravah&quot; - ANTCUBE\" src=\"https:\/\/antcube.shop\/en\/electrical-devices-act\/embed\/#?secret=NfRYQNwKWB#?secret=jOGF5OPQCF\" data-secret=\"jOGF5OPQCF\" width=\"600\" height=\"338\" frameborder=\"0\" marginwidth=\"0\" marginheight=\"0\" scrolling=\"no\"><\/iframe><\/p>","protected":false},"excerpt":{"rendered":"<p>Shipping only possible in Germany! Contents: &#8211; Fan 42mm &#8211; on grille insert 50mm &#8211; transparent &#8211; Power supply unit &#8211; Plug \/ connector Technical specifications: Power supply unit output: 2.5 A (12W) Voltage input: 100V-240V Voltage output: 5V Cable length: 10 cm (fan) Cable length: 90 cm (power supply unit) Power fan 1 W [&#8230;]","protected":false},"featured_media":9507,"comment_status":"open","ping_status":"closed","template":"","meta":{"_acf_changed":false,"content-type":"","_monsterinsights_skip_tracking":false,"_monsterinsights_sitenote_active":false,"_monsterinsights_sitenote_note":"","_monsterinsights_sitenote_category":0},"product_brand":[],"product_cat":[359,119],"product_tag":[],"class_list":{"0":"post-9233","1":"product","2":"type-product","3":"status-publish","4":"has-post-thumbnail","6":"product_cat-light-heat-humidity","7":"product_cat-formicarium-components","9":"first","10":"outofstock","11":"taxable","12":"shipping-taxable","13":"purchasable","14":"product-type-simple"},"acf":[],"aioseo_notices":[],"jetpack_sharing_enabled":true,"_links":{"self":[{"href":"https:\/\/antcube.shop\/sl\/wp-json\/wp\/v2\/product\/9233","targetHints":{"allow":["GET"]}}],"collection":[{"href":"https:\/\/antcube.shop\/sl\/wp-json\/wp\/v2\/product"}],"about":[{"href":"https:\/\/antcube.shop\/sl\/wp-json\/wp\/v2\/types\/product"}],"replies":[{"embeddable":true,"href":"https:\/\/antcube.shop\/sl\/wp-json\/wp\/v2\/comments?post=9233"}],"wp:featuredmedia":[{"embeddable":true,"href":"https:\/\/antcube.shop\/sl\/wp-json\/wp\/v2\/media\/9507"}],"wp:attachment":[{"href":"https:\/\/antcube.shop\/sl\/wp-json\/wp\/v2\/media?parent=9233"}],"wp:term":[{"taxonomy":"product_brand","embeddable":true,"href":"https:\/\/antcube.shop\/sl\/wp-json\/wp\/v2\/product_brand?post=9233"},{"taxonomy":"product_cat","embeddable":true,"href":"https:\/\/antcube.shop\/sl\/wp-json\/wp\/v2\/product_cat?post=9233"},{"taxonomy":"product_tag","embeddable":true,"href":"https:\/\/antcube.shop\/sl\/wp-json\/wp\/v2\/product_tag?post=9233"}],"curies":[{"name":"wp","href":"https:\/\/api.w.org\/{rel}","templated":true}]}}