{"id":9230,"date":"2024-09-17T14:29:44","date_gmt":"2024-09-17T12:29:44","guid":{"rendered":"https:\/\/antcube.shop\/en\/product\/antcube-arena-60x30x10-flach\/"},"modified":"2026-03-31T12:06:28","modified_gmt":"2026-03-31T10:06:28","slug":"antcube-arena-60x30x10-flat","status":"publish","type":"product","link":"https:\/\/antcube.shop\/sl\/izdelek\/antcube-arena-60x30x10-flat\/","title":{"rendered":"ANTCUBE - Arena 60x30x10 - ravna"},"content":{"rendered":"<p><span data-text-color=\"alert\"><strong>Dostava je mogo\u010da samo preko GO! znotraj Nem\u010dije ali preko palete znotraj Evrope (brez otokov)<\/strong><\/span><\/p>\n<p><strong>Dimenzije:<\/strong> 600 x 300 x 300 mm; debelina stekla 4 mm<\/p>\n<p><strong>Material:<\/strong> Plavajo\u010de steklo<\/p>\n<p><strong>Povezava:<\/strong> 2x luknja 50 mm<\/p>\n<p><strong>Opis:<\/strong><br \/>\nStekleni umivalnik 60x30x30 cm z 2x 50 mm odprtino<br \/>\nOdprtina (sredi\u0161\u010dna to\u010dka) je na vi\u0161ini 3 cm.<\/p>\n<p><strong>Opomba:<\/strong> Steklo je bru\u0161eno v skladu z DIN 1249 s toleranco +\/;- 1 mm. Pri izjemno majhnih vrstah mravelj je nujna dodatna za\u0161\u010dita pred pobegom mravelj.<\/p>","protected":false},"excerpt":{"rendered":"<p><strong>Povezava:<\/strong> 2x luknja 50 mm<br \/>\n<strong>Velikost:<\/strong> S, M, L, XL<\/p>","protected":false},"featured_media":9520,"comment_status":"open","ping_status":"closed","template":"","meta":{"_acf_changed":false,"content-type":"","_monsterinsights_skip_tracking":false,"_monsterinsights_sitenote_active":false,"_monsterinsights_sitenote_note":"","_monsterinsights_sitenote_category":0},"product_brand":[],"product_cat":[85,86],"product_tag":[],"class_list":{"0":"post-9230","1":"product","2":"type-product","3":"status-publish","4":"has-post-thumbnail","6":"product_cat-ant-arenas","7":"product_cat-formicariums","8":"product_shipping_class-fragile","10":"first","11":"instock","12":"taxable","13":"shipping-taxable","14":"purchasable","15":"product-type-simple"},"acf":[],"aioseo_notices":[],"jetpack_sharing_enabled":true,"_links":{"self":[{"href":"https:\/\/antcube.shop\/sl\/wp-json\/wp\/v2\/product\/9230","targetHints":{"allow":["GET"]}}],"collection":[{"href":"https:\/\/antcube.shop\/sl\/wp-json\/wp\/v2\/product"}],"about":[{"href":"https:\/\/antcube.shop\/sl\/wp-json\/wp\/v2\/types\/product"}],"replies":[{"embeddable":true,"href":"https:\/\/antcube.shop\/sl\/wp-json\/wp\/v2\/comments?post=9230"}],"wp:featuredmedia":[{"embeddable":true,"href":"https:\/\/antcube.shop\/sl\/wp-json\/wp\/v2\/media\/9520"}],"wp:attachment":[{"href":"https:\/\/antcube.shop\/sl\/wp-json\/wp\/v2\/media?parent=9230"}],"wp:term":[{"taxonomy":"product_brand","embeddable":true,"href":"https:\/\/antcube.shop\/sl\/wp-json\/wp\/v2\/product_brand?post=9230"},{"taxonomy":"product_cat","embeddable":true,"href":"https:\/\/antcube.shop\/sl\/wp-json\/wp\/v2\/product_cat?post=9230"},{"taxonomy":"product_tag","embeddable":true,"href":"https:\/\/antcube.shop\/sl\/wp-json\/wp\/v2\/product_tag?post=9230"}],"curies":[{"name":"wp","href":"https:\/\/api.w.org\/{rel}","templated":true}]}}