{"id":9227,"date":"2024-09-17T14:28:29","date_gmt":"2024-09-17T12:28:29","guid":{"rendered":"https:\/\/antcube.shop\/en\/product\/antcube-ameisenarenaeinsatz-m-40x20\/"},"modified":"2026-01-12T12:37:38","modified_gmt":"2026-01-12T11:37:38","slug":"antcube-mravljisce-mravljisce-arena-vlozek-m-40x20","status":"publish","type":"product","link":"https:\/\/antcube.shop\/sl\/izdelek\/antcube-mravljisce-mravljisce-arena-vlozek-m-40x20\/","title":{"rendered":"ANTCUBE vlo\u017eek za areno za mravlje - M - 20\u00d720"},"content":{"rendered":"<p><strong>Velikost:<\/strong><br \/>\nzunanja stran: 390 x 18 x 176 mm<br \/>\nnotranjost: 384 x 10 x 169 mm<\/p>\n<p><strong>Material:<\/strong> float steklo<\/p>\n<p><strong>Barva:<\/strong> prozorno<\/p>\n<p><strong>Vsebina:<\/strong><br \/>\n1x vlo\u017eek za mravlji\u0161\u010de<br \/>\n1x pokrov<br \/>\n1x Pritrdilne to\u010dke 2 kosa.<\/p>\n<p><strong>Opis:<\/strong><br \/>\nTa vlo\u017eek za gnezdo se lahko namesti v mravlji\u0161\u010de ANTCUBE in napolni z materialom, primernim za kopanje (npr. me\u0161anica peska in gline ali Digfix). Posebnost je, da ga je mogo\u010de priro\u010dno odstraniti iz arene, npr. za prezimovanje z mravljami. Kot vhod in izhod ter za prezra\u010devanje sta v spodnjem delu dve 10 mm luknji. Za prezimovanje ju je mogo\u010de zapreti z 10 mm \u010depi (ti niso prilo\u017eeni).<\/p>\n<p><strong>Opomba:<\/strong> Steklo je rezano v skladu z DIN 1249 z dovoljenim odstopanjem +\/- 1 mm. Za izjemno majhne vrste mravelj je nujna dodatna za\u0161\u010dita pred pobegom.<\/p>","protected":false},"excerpt":{"rendered":"<p>Velikost: <span style=\"color: #008000;\"><strong>M<\/strong><\/span><\/p>","protected":false},"featured_media":9527,"comment_status":"open","ping_status":"closed","template":"","meta":{"_acf_changed":false,"content-type":"","_monsterinsights_skip_tracking":false,"_monsterinsights_sitenote_active":false,"_monsterinsights_sitenote_note":"","_monsterinsights_sitenote_category":0},"product_brand":[],"product_cat":[91,94],"product_tag":[],"class_list":{"0":"post-9227","1":"product","2":"type-product","3":"status-publish","4":"has-post-thumbnail","6":"product_cat-formicarium-modules","7":"product_cat-arena-inset","9":"first","10":"instock","11":"taxable","12":"shipping-taxable","13":"purchasable","14":"product-type-simple"},"acf":[],"aioseo_notices":[],"jetpack_sharing_enabled":true,"_links":{"self":[{"href":"https:\/\/antcube.shop\/sl\/wp-json\/wp\/v2\/product\/9227","targetHints":{"allow":["GET"]}}],"collection":[{"href":"https:\/\/antcube.shop\/sl\/wp-json\/wp\/v2\/product"}],"about":[{"href":"https:\/\/antcube.shop\/sl\/wp-json\/wp\/v2\/types\/product"}],"replies":[{"embeddable":true,"href":"https:\/\/antcube.shop\/sl\/wp-json\/wp\/v2\/comments?post=9227"}],"wp:featuredmedia":[{"embeddable":true,"href":"https:\/\/antcube.shop\/sl\/wp-json\/wp\/v2\/media\/9527"}],"wp:attachment":[{"href":"https:\/\/antcube.shop\/sl\/wp-json\/wp\/v2\/media?parent=9227"}],"wp:term":[{"taxonomy":"product_brand","embeddable":true,"href":"https:\/\/antcube.shop\/sl\/wp-json\/wp\/v2\/product_brand?post=9227"},{"taxonomy":"product_cat","embeddable":true,"href":"https:\/\/antcube.shop\/sl\/wp-json\/wp\/v2\/product_cat?post=9227"},{"taxonomy":"product_tag","embeddable":true,"href":"https:\/\/antcube.shop\/sl\/wp-json\/wp\/v2\/product_tag?post=9227"}],"curies":[{"name":"wp","href":"https:\/\/api.w.org\/{rel}","templated":true}]}}