{"id":9226,"date":"2024-09-17T14:28:07","date_gmt":"2024-09-17T12:28:07","guid":{"rendered":"https:\/\/antcube.shop\/en\/product\/antcube-ameisenarenaeinsatz-l-40x20\/"},"modified":"2026-03-05T09:26:11","modified_gmt":"2026-03-05T08:26:11","slug":"mravljisce-antcube-mravljisce-arena-vlozek-l-40x20","status":"publish","type":"product","link":"https:\/\/antcube.shop\/sl\/izdelek\/mravljisce-antcube-mravljisce-arena-vlozek-l-40x20\/","title":{"rendered":"ANTCUBE vlo\u017eek za mravlji\u0161\u010de - L - 20\u00d720"},"content":{"rendered":"<p><strong>Dimenzije:<\/strong><br \/>\nzunanja stran: 390 x 28 x 176 mm<br \/>\nnotranjost: 384 x 20 x 169 mm<\/p>\n<p><strong>Material:<\/strong> float steklo<\/p>\n<p><strong>Barva:<\/strong> prozorno<\/p>\n<p><strong>Vsebina:<\/strong><br \/>\n1x vlo\u017eek za mravlji\u0161\u010de<br \/>\n1x pokrov<br \/>\n1x pritrdilne to\u010dke 2 kosa.<\/p>\n<p><strong>Opis:<\/strong><br \/>\nTa gnezdilni vlo\u017eek se lahko namesti v mravlji\u0161\u010de ANTCUBE in napolni z materialom za kopanje (npr. me\u0161anica peska in gline ali Digfix). Posebnost je, da ga je mogo\u010de enostavno odstraniti iz arene, npr. za prezimovanje z mravljami. V spodnjem delu sta dve 10 mm luknji za vstop in izstop ter za prezra\u010devanje. Za prezimovanje ju je mogo\u010de zatesniti z 10 mm \u010depi (niso prilo\u017eeni).<\/p>\n<p><strong>Opomba:<\/strong> Steklo se re\u017ee po velikosti v skladu z DIN 1249 s toleranco +\/- 1 mm. Za izjemno majhne vrste mravelj je nujna dodatna za\u0161\u010dita pred razbitjem.<\/p>","protected":false},"excerpt":{"rendered":"<p>Gr\u00f6\u00dfe: <span style=\"color: #0000ff;\"><strong>L<\/strong><\/span><\/p>","protected":false},"featured_media":9529,"comment_status":"open","ping_status":"closed","template":"","meta":{"_acf_changed":false,"content-type":"","_monsterinsights_skip_tracking":false,"_monsterinsights_sitenote_active":false,"_monsterinsights_sitenote_note":"","_monsterinsights_sitenote_category":0},"product_brand":[],"product_cat":[91,94],"product_tag":[],"class_list":{"0":"post-9226","1":"product","2":"type-product","3":"status-publish","4":"has-post-thumbnail","6":"product_cat-formicarium-modules","7":"product_cat-arena-inset","9":"first","10":"instock","11":"taxable","12":"shipping-taxable","13":"purchasable","14":"product-type-simple"},"acf":[],"aioseo_notices":[],"jetpack_sharing_enabled":true,"_links":{"self":[{"href":"https:\/\/antcube.shop\/sl\/wp-json\/wp\/v2\/product\/9226","targetHints":{"allow":["GET"]}}],"collection":[{"href":"https:\/\/antcube.shop\/sl\/wp-json\/wp\/v2\/product"}],"about":[{"href":"https:\/\/antcube.shop\/sl\/wp-json\/wp\/v2\/types\/product"}],"replies":[{"embeddable":true,"href":"https:\/\/antcube.shop\/sl\/wp-json\/wp\/v2\/comments?post=9226"}],"wp:featuredmedia":[{"embeddable":true,"href":"https:\/\/antcube.shop\/sl\/wp-json\/wp\/v2\/media\/9529"}],"wp:attachment":[{"href":"https:\/\/antcube.shop\/sl\/wp-json\/wp\/v2\/media?parent=9226"}],"wp:term":[{"taxonomy":"product_brand","embeddable":true,"href":"https:\/\/antcube.shop\/sl\/wp-json\/wp\/v2\/product_brand?post=9226"},{"taxonomy":"product_cat","embeddable":true,"href":"https:\/\/antcube.shop\/sl\/wp-json\/wp\/v2\/product_cat?post=9226"},{"taxonomy":"product_tag","embeddable":true,"href":"https:\/\/antcube.shop\/sl\/wp-json\/wp\/v2\/product_tag?post=9226"}],"curies":[{"name":"wp","href":"https:\/\/api.w.org\/{rel}","templated":true}]}}