{"id":9223,"date":"2024-09-17T14:26:51","date_gmt":"2024-09-17T12:26:51","guid":{"rendered":"https:\/\/antcube.shop\/en\/product\/antcube-ameisenarenaeinsatz-xl-60x30\/"},"modified":"2026-03-03T21:23:19","modified_gmt":"2026-03-03T20:23:19","slug":"mravljisce-mravljisca-arena-vlozek-xl-60x30","status":"publish","type":"product","link":"https:\/\/antcube.shop\/sl\/izdelek\/mravljisce-mravljisca-arena-vlozek-xl-60x30\/","title":{"rendered":"ANTCUBE vlo\u017eek za mravlji\u0161\u010de - XL - 60\u00d730"},"content":{"rendered":"<p><span data-text-color=\"alert\"><strong>Dostava je mogo\u010da samo preko GO! znotraj Nem\u010dije ali preko palete znotraj Evrope (brez otokov)<\/strong><\/span><\/p>\n<p><strong>Dimenzije:<\/strong><br \/>\nzunanjost: 590 x 58 x 276 mm<br \/>\nnotranjost: 584 x 50 x 269 mm<\/p>\n<p><strong>Material:<\/strong> float steklo<\/p>\n<p><strong>Barva:<\/strong> prozorno<\/p>\n<p><strong>Vsebina:<\/strong><br \/>\n1x vlo\u017eek za mravlji\u0161\u010de<br \/>\n1x pokrov<br \/>\n1x pritrdilne to\u010dke 2 kosa.<\/p>\n<p><strong>Opis:<\/strong><br \/>\nTa gnezdilni vlo\u017eek se lahko namesti v mravlji\u0161\u010de ANTCUBE in napolni z materialom za kopanje (npr. me\u0161anica peska in gline ali Digfix). Posebnost je, da ga je mogo\u010de enostavno odstraniti iz arene, npr. za prezimovanje z mravljami. V spodnjem delu sta dve 10 mm luknji za vstop in izstop ter za prezra\u010devanje. Za prezimovanje ju je mogo\u010de zatesniti z 10 mm \u010depi (niso prilo\u017eeni).<\/p>\n<p><strong>Opomba:<\/strong> Steklo se re\u017ee po velikosti v skladu z DIN 1249 s toleranco +\/- 1 mm. Za izjemno majhne vrste mravelj je nujna dodatna za\u0161\u010dita pred razbitjem.<\/p>","protected":false},"excerpt":{"rendered":"<p>Velikost: <span style=\"color: #ff0000;\"><strong>XL<\/strong><\/span><\/p>","protected":false},"featured_media":9535,"comment_status":"open","ping_status":"closed","template":"","meta":{"_acf_changed":false,"content-type":"","_monsterinsights_skip_tracking":false,"_monsterinsights_sitenote_active":false,"_monsterinsights_sitenote_note":"","_monsterinsights_sitenote_category":0},"product_brand":[],"product_cat":[91,94],"product_tag":[],"class_list":{"0":"post-9223","1":"product","2":"type-product","3":"status-publish","4":"has-post-thumbnail","6":"product_cat-formicarium-modules","7":"product_cat-arena-inset","8":"product_shipping_class-fragile","10":"first","11":"instock","12":"taxable","13":"shipping-taxable","14":"purchasable","15":"product-type-simple"},"acf":[],"aioseo_notices":[],"jetpack_sharing_enabled":true,"_links":{"self":[{"href":"https:\/\/antcube.shop\/sl\/wp-json\/wp\/v2\/product\/9223","targetHints":{"allow":["GET"]}}],"collection":[{"href":"https:\/\/antcube.shop\/sl\/wp-json\/wp\/v2\/product"}],"about":[{"href":"https:\/\/antcube.shop\/sl\/wp-json\/wp\/v2\/types\/product"}],"replies":[{"embeddable":true,"href":"https:\/\/antcube.shop\/sl\/wp-json\/wp\/v2\/comments?post=9223"}],"wp:featuredmedia":[{"embeddable":true,"href":"https:\/\/antcube.shop\/sl\/wp-json\/wp\/v2\/media\/9535"}],"wp:attachment":[{"href":"https:\/\/antcube.shop\/sl\/wp-json\/wp\/v2\/media?parent=9223"}],"wp:term":[{"taxonomy":"product_brand","embeddable":true,"href":"https:\/\/antcube.shop\/sl\/wp-json\/wp\/v2\/product_brand?post=9223"},{"taxonomy":"product_cat","embeddable":true,"href":"https:\/\/antcube.shop\/sl\/wp-json\/wp\/v2\/product_cat?post=9223"},{"taxonomy":"product_tag","embeddable":true,"href":"https:\/\/antcube.shop\/sl\/wp-json\/wp\/v2\/product_tag?post=9223"}],"curies":[{"name":"wp","href":"https:\/\/api.w.org\/{rel}","templated":true}]}}