{"id":9221,"date":"2024-09-17T14:26:05","date_gmt":"2024-09-17T12:26:05","guid":{"rendered":"https:\/\/antcube.shop\/en\/product\/antcube-ameisenfarm-xl-30x30-stehend\/"},"modified":"2026-03-29T14:39:20","modified_gmt":"2026-03-29T12:39:20","slug":"mravljisce-mravljisca-xl-30x30-pokoncno","status":"publish","type":"product","link":"https:\/\/antcube.shop\/sl\/izdelek\/mravljisce-mravljisca-xl-30x30-pokoncno\/","title":{"rendered":"ANTCUBE - mravlji\u0161\u010de - XL - 30\u00d730 - pokon\u010dno"},"content":{"rendered":"<p><strong>Dimenzije (Dx\u0160xV):<\/strong><br \/>\nzunanjost: 290x58x299 mm<br \/>\nnotranjost: 284x50x290 mm<\/p>\n<p><strong>Material:<\/strong><br \/>\nPlavajo\u010de steklo, plastika<\/p>\n<p><strong>barva:<\/strong><br \/>\nkristalno \u010dista<\/p>\n<p><strong>Vsebina:<\/strong><br \/>\n1x mravlji\u0161\u010de ANTCUBE - razmik med plo\u0161\u010dami 52 mm<br \/>\n1x pokrivalo za mravlji\u0161\u010de XL 30\u00d76<br \/>\n2x vti\u010di 4 mm<\/p>\n<p><strong>Povezava:<\/strong><br \/>\nNa obeh straneh je 27 mm luknja, tako da lahko to kmetijo priklju\u010dite na 28 mm cev ali na\u0161 \"priklju\u010dek za rezervoar s cevjo za 27 mm luknje\".<br \/>\n2x 4 mm luknje s 4 mm \u010depi.<\/p>\n<p><strong>Opis:<\/strong><br \/>\nTa popolnoma prozorna mravlji\u0161\u010da so primerna za vrste mravelj velikosti L.<\/p>\n<p><strong>Opombe o proizvodnji<\/strong><br \/>\nSteklo je bru\u0161eno v skladu z DIN 1249 s toleranco +\/;- 1 mm. Pri izjemno majhnih vrstah mravelj je nujna dodatna za\u0161\u010dita pred pobegom mravelj.<\/p>\n<p><strong>Opomba o kmetiji<\/strong><br \/>\nPri pritrjevanju cevi upo\u0161tevajte naslednje:<br \/>\n\u010ce je cev zelo te\u017eko namestiti na priklju\u010dno vti\u010dnico, vti\u010dnico rahlo natrite s kapljico na\u0161ega olja ali pra\u0161ka za za\u0161\u010dito pred izbruhom. Nato je treba cev potisniti na vti\u010dnico z vrtilnimi ali vija\u010dnimi gibi, ne da bi vti\u010dnico obremenjevali z gibi navzgor in navzdol.<\/p>","protected":false},"excerpt":{"rendered":"<p><strong>Povezava<\/strong>: 27 mm izvrtina<br \/>\n<strong>Gr\u00f6\u00dfe<\/strong>: <span style=\"font-size: small;\"><span style=\"font-family: Arial;\"><strong>XL<\/strong><\/span><\/span><\/p>","protected":false},"featured_media":9540,"comment_status":"open","ping_status":"closed","template":"","meta":{"_acf_changed":false,"content-type":"","_monsterinsights_skip_tracking":false,"_monsterinsights_sitenote_active":false,"_monsterinsights_sitenote_note":"","_monsterinsights_sitenote_category":0},"product_brand":[],"product_cat":[80,84],"product_tag":[],"class_list":{"0":"post-9221","1":"product","2":"type-product","3":"status-publish","4":"has-post-thumbnail","6":"product_cat-antfarms","7":"product_cat-antfarms-xl","9":"first","10":"instock","11":"taxable","12":"shipping-taxable","13":"purchasable","14":"product-type-simple"},"acf":[],"aioseo_notices":[],"jetpack_sharing_enabled":true,"_links":{"self":[{"href":"https:\/\/antcube.shop\/sl\/wp-json\/wp\/v2\/product\/9221","targetHints":{"allow":["GET"]}}],"collection":[{"href":"https:\/\/antcube.shop\/sl\/wp-json\/wp\/v2\/product"}],"about":[{"href":"https:\/\/antcube.shop\/sl\/wp-json\/wp\/v2\/types\/product"}],"replies":[{"embeddable":true,"href":"https:\/\/antcube.shop\/sl\/wp-json\/wp\/v2\/comments?post=9221"}],"wp:featuredmedia":[{"embeddable":true,"href":"https:\/\/antcube.shop\/sl\/wp-json\/wp\/v2\/media\/9540"}],"wp:attachment":[{"href":"https:\/\/antcube.shop\/sl\/wp-json\/wp\/v2\/media?parent=9221"}],"wp:term":[{"taxonomy":"product_brand","embeddable":true,"href":"https:\/\/antcube.shop\/sl\/wp-json\/wp\/v2\/product_brand?post=9221"},{"taxonomy":"product_cat","embeddable":true,"href":"https:\/\/antcube.shop\/sl\/wp-json\/wp\/v2\/product_cat?post=9221"},{"taxonomy":"product_tag","embeddable":true,"href":"https:\/\/antcube.shop\/sl\/wp-json\/wp\/v2\/product_tag?post=9221"}],"curies":[{"name":"wp","href":"https:\/\/api.w.org\/{rel}","templated":true}]}}