{"id":9216,"date":"2024-09-17T14:24:00","date_gmt":"2024-09-17T12:24:00","guid":{"rendered":"https:\/\/antcube.shop\/en\/product\/antcube-ameisenfarm-l-20x10-stehend\/"},"modified":"2026-04-02T09:54:34","modified_gmt":"2026-04-02T07:54:34","slug":"mravljisce-mravljisca-l-20x10-stojece","status":"publish","type":"product","link":"https:\/\/antcube.shop\/sl\/izdelek\/mravljisce-mravljisca-l-20x10-stojece\/","title":{"rendered":"ANTCUBE - mravlji\u0161\u010de - L - 20\u00d720 - stoje\u010de"},"content":{"rendered":"<p><strong>Dimenzije (Dx\u0160xV):<\/strong><br \/>\nzunanjost: 234x58x99 mm<br \/>\nnotranjost: 184x20x90 mm<\/p>\n<p><strong>Material:<\/strong><br \/>\nPlavajo\u010de steklo, plastika<\/p>\n<p><strong>barva:<\/strong><br \/>\nkristalno \u010dista<\/p>\n<p><strong>Vsebina:<\/strong><br \/>\n1x mravlji\u0161\u010de ANTCUBE - razmik med plo\u0161\u010dami 20 mm<br \/>\n1x pokrivalo za mravlji\u0161\u010de L 20\u00d73<br \/>\n2x vti\u010di 4 mm<\/p>\n<p><strong>Povezava:<\/strong><br \/>\n2x 14\/16\/18\/20 x 20 mm vti\u010dnica<br \/>\n2x 4 mm luknje s 4 mm \u010depi<\/p>\n<p>Cev 14\/10 je trdno vstavljena v 14-milimetrsko vti\u010dnico<br \/>\nCev 20\/16 je trdno pritrjena na prvi 16-milimetrski korak.<br \/>\nCev 22\/18 je trdno pritrjena na drugo 20 mm stopnico<br \/>\nCev 24\/20 je ohlapno pritrjena na drugo 20 mm stopnico.<\/p>\n<p><strong>Opis:<\/strong><br \/>\nTa popolnoma prozorna mravlji\u0161\u010da so primerna za vrste mravelj velikosti M.<\/p>\n<p><strong>Opombe o proizvodnji<\/strong><br \/>\nSteklo je bru\u0161eno v skladu z DIN 1249 s toleranco +\/;- 1 mm. Pri izjemno majhnih vrstah mravelj je nujna dodatna za\u0161\u010dita pred pobegom mravelj.<\/p>\n<p><strong>Opomba o kmetiji<\/strong><br \/>\nPri name\u0161\u010danju ali odstranjevanju cevi upo\u0161tevajte naslednje:<br \/>\n\u010ce se cev zelo te\u017eko prilega priklju\u010dni vti\u010dnici, vti\u010dnico rahlo natrite s kapljico na\u0161ega olja ali pra\u0161ka proti razbijanju. Nato je treba cev potisniti na vti\u010dnico z vrtenjem ali vija\u010denjem, ne da bi vti\u010dnico obremenjevali z gibi navzgor in navzdol. Enako velja za odstranjevanje cevi iz priklju\u010dne vti\u010dnice na kmetiji. Ne potegnite je preprosto s sebe!<\/p>","protected":false},"excerpt":{"rendered":"<p><strong>Povezava:<\/strong> Vti\u010dnica 2 \u00d7 14\/16\/18\/20 mm + pokrov Razmik med plo\u0161\u010dami: Notranjost 20 mm \/ zunanjost 28 mm<\/p>\n<p><strong>Velikost:<\/strong> L<\/p>","protected":false},"featured_media":9550,"comment_status":"open","ping_status":"closed","template":"","meta":{"_acf_changed":false,"content-type":"","_monsterinsights_skip_tracking":false,"_monsterinsights_sitenote_active":false,"_monsterinsights_sitenote_note":"","_monsterinsights_sitenote_category":0},"product_brand":[],"product_cat":[80,83],"product_tag":[],"class_list":{"0":"post-9216","1":"product","2":"type-product","3":"status-publish","4":"has-post-thumbnail","6":"product_cat-antfarms","7":"product_cat-antfarms-l","9":"first","10":"instock","11":"taxable","12":"shipping-taxable","13":"purchasable","14":"product-type-simple"},"acf":[],"aioseo_notices":[],"jetpack_sharing_enabled":true,"_links":{"self":[{"href":"https:\/\/antcube.shop\/sl\/wp-json\/wp\/v2\/product\/9216","targetHints":{"allow":["GET"]}}],"collection":[{"href":"https:\/\/antcube.shop\/sl\/wp-json\/wp\/v2\/product"}],"about":[{"href":"https:\/\/antcube.shop\/sl\/wp-json\/wp\/v2\/types\/product"}],"replies":[{"embeddable":true,"href":"https:\/\/antcube.shop\/sl\/wp-json\/wp\/v2\/comments?post=9216"}],"wp:featuredmedia":[{"embeddable":true,"href":"https:\/\/antcube.shop\/sl\/wp-json\/wp\/v2\/media\/9550"}],"wp:attachment":[{"href":"https:\/\/antcube.shop\/sl\/wp-json\/wp\/v2\/media?parent=9216"}],"wp:term":[{"taxonomy":"product_brand","embeddable":true,"href":"https:\/\/antcube.shop\/sl\/wp-json\/wp\/v2\/product_brand?post=9216"},{"taxonomy":"product_cat","embeddable":true,"href":"https:\/\/antcube.shop\/sl\/wp-json\/wp\/v2\/product_cat?post=9216"},{"taxonomy":"product_tag","embeddable":true,"href":"https:\/\/antcube.shop\/sl\/wp-json\/wp\/v2\/product_tag?post=9216"}],"curies":[{"name":"wp","href":"https:\/\/api.w.org\/{rel}","templated":true}]}}