{"id":9215,"date":"2024-09-17T14:23:32","date_gmt":"2024-09-17T12:23:32","guid":{"rendered":"https:\/\/antcube.shop\/en\/product\/rote-abdeckplatte-30x30-liegend\/"},"modified":"2026-03-19T18:11:45","modified_gmt":"2026-03-19T17:11:45","slug":"rdeca-pokrivna-plosca-30x30-horizontalno","status":"publish","type":"product","link":"https:\/\/antcube.shop\/sl\/izdelek\/rdeca-pokrivna-plosca-30x30-horizontalno\/","title":{"rendered":"Rde\u010da pokrivna plo\u0161\u010da 30\u00d730 - vodoravna"},"content":{"rendered":"<p><strong>Dimenzije:<\/strong> 280 x 280 mm,<br \/>\nDebelina: Debelina: 3 mm<br \/>\n56 mm zunanja dimenzija obro\u010da z luknjo - 33 mm notranja dimenzija luknje<\/p>\n<p><strong>Material:<\/strong> PMMA<\/p>\n<p><strong>Barva:<\/strong> temno rde\u010da, prozorna<\/p>\n<p><strong>Vsebina:<\/strong> 1 kos.<\/p>\n<p><strong>Opis:<\/strong> Rde\u010da prozorna pokrivna plo\u0161\u010da - vodoravna, ki daje mravljam ob\u010dutek podzemlja. Zato priporo\u010damo, da se ta izdelek vsaj delno uporablja na obmo\u010dju gnezda. Mravlje v gnezdu lahko vidite tudi skozi pokrov.<\/p>\n<p>Ta pokrovna plo\u0161\u010da se odli\u010dno prilega na\u0161emu \"ANTCUBE - mav\u010dno gnezdo 30 \u00d7 30 - vodoravno\".<\/p>","protected":false},"excerpt":{"rendered":"<p>Dimenzije: 180 x 180 mm, debelina: 3 mm Zunanja dimenzija obro\u010da z luknjo 56 mm - notranja dimenzija z luknjo 33 mm Material: PMMA Barva: temno rde\u010da, prozorna Vsebina: Vsebuje: 1 kos. Opis: 1 kos: Rde\u010da prozorna pokrovna plo\u0161\u010da - vodoravna, se uporablja, da mravljam daje ob\u010dutek podzemlja. Zato priporo\u010damo, da se ta izdelek vsaj delno uporablja v","protected":false},"featured_media":9552,"comment_status":"open","ping_status":"closed","template":"","meta":{"_acf_changed":false,"content-type":"","_monsterinsights_skip_tracking":false,"_monsterinsights_sitenote_active":false,"_monsterinsights_sitenote_note":"","_monsterinsights_sitenote_category":0},"product_brand":[],"product_cat":[119,239],"product_tag":[],"class_list":{"0":"post-9215","1":"product","2":"type-product","3":"status-publish","4":"has-post-thumbnail","6":"product_cat-formicarium-components","7":"product_cat-useful-additions","9":"first","10":"instock","11":"taxable","12":"shipping-taxable","13":"purchasable","14":"product-type-simple"},"acf":[],"aioseo_notices":[],"jetpack_sharing_enabled":true,"_links":{"self":[{"href":"https:\/\/antcube.shop\/sl\/wp-json\/wp\/v2\/product\/9215","targetHints":{"allow":["GET"]}}],"collection":[{"href":"https:\/\/antcube.shop\/sl\/wp-json\/wp\/v2\/product"}],"about":[{"href":"https:\/\/antcube.shop\/sl\/wp-json\/wp\/v2\/types\/product"}],"replies":[{"embeddable":true,"href":"https:\/\/antcube.shop\/sl\/wp-json\/wp\/v2\/comments?post=9215"}],"wp:featuredmedia":[{"embeddable":true,"href":"https:\/\/antcube.shop\/sl\/wp-json\/wp\/v2\/media\/9552"}],"wp:attachment":[{"href":"https:\/\/antcube.shop\/sl\/wp-json\/wp\/v2\/media?parent=9215"}],"wp:term":[{"taxonomy":"product_brand","embeddable":true,"href":"https:\/\/antcube.shop\/sl\/wp-json\/wp\/v2\/product_brand?post=9215"},{"taxonomy":"product_cat","embeddable":true,"href":"https:\/\/antcube.shop\/sl\/wp-json\/wp\/v2\/product_cat?post=9215"},{"taxonomy":"product_tag","embeddable":true,"href":"https:\/\/antcube.shop\/sl\/wp-json\/wp\/v2\/product_tag?post=9215"}],"curies":[{"name":"wp","href":"https:\/\/api.w.org\/{rel}","templated":true}]}}