{"id":9213,"date":"2024-09-17T14:22:15","date_gmt":"2024-09-17T12:22:15","guid":{"rendered":"https:\/\/antcube.shop\/en\/product\/tiger-aloe-10cm\/"},"modified":"2026-04-13T09:32:19","modified_gmt":"2026-04-13T07:32:19","slug":"tigrasta-aloja-10cm","status":"publish","type":"product","link":"https:\/\/antcube.shop\/sl\/izdelek\/tigrasta-aloja-10cm\/","title":{"rendered":"Tigrasta aloja - 10 cm"},"content":{"rendered":"<p><strong>Dimenzije:<\/strong> 99 x 95 x 105 mm<\/p>\n<p><strong>Material:<\/strong> polimerni beton, glina, plastika<\/p>\n<p><strong>Barva:<\/strong><br \/>\nOsnova: sivo-zelena<br \/>\nRastlina: zelena z rde\u010de-rjavimi konicami<\/p>\n<p><strong>Vsebina:<\/strong> 1 kos<\/p>\n<p><strong>Opis:<\/strong> Tiger Aloe je izdelan iz trpe\u017ene plastike in ima podlago iz umetne smole z videzom kamna. Zaradi tega je izjemno trpe\u017ena in je ne morejo po\u0161kodovati mravlje.<br \/>\nKljub temu je videti zelo naravno in privla\u010dno ter ga je mogo\u010de zlahka vklju\u010diti v formikarij.<\/p>\n<p><strong>Opomba:<\/strong> Pred uporabo o\u010distite pod teko\u010do vodo!<\/p>","protected":false},"excerpt":{"rendered":"<p>Dimenzije: Barva: Osnova: sivo-zelena Rastlina: zelena z rde\u010de-rjavimi konicami Vsebina: 99 x 95 x 105 mm Material: polimerni beton, glina, plastika: Vsebina: 1 kos Opis: Tigrasta aloja je izdelana iz trpe\u017ene plastike in ima podlago iz umetne smole z videzom kamna. Zaradi tega je izjemno trpe\u017ena in je ne morejo po\u0161kodovati mravlje. Kljub temu je","protected":false},"featured_media":9662,"comment_status":"open","ping_status":"closed","template":"","meta":{"_acf_changed":false,"content-type":"","_monsterinsights_skip_tracking":false,"_monsterinsights_sitenote_active":false,"_monsterinsights_sitenote_note":"","_monsterinsights_sitenote_category":0},"product_brand":[],"product_cat":[98,99],"product_tag":[],"class_list":{"0":"post-9213","1":"product","2":"type-product","3":"status-publish","4":"has-post-thumbnail","6":"product_cat-decoration","7":"product_cat-desert","9":"first","10":"instock","11":"taxable","12":"shipping-taxable","13":"purchasable","14":"product-type-simple"},"acf":[],"aioseo_notices":[],"jetpack_sharing_enabled":true,"_links":{"self":[{"href":"https:\/\/antcube.shop\/sl\/wp-json\/wp\/v2\/product\/9213","targetHints":{"allow":["GET"]}}],"collection":[{"href":"https:\/\/antcube.shop\/sl\/wp-json\/wp\/v2\/product"}],"about":[{"href":"https:\/\/antcube.shop\/sl\/wp-json\/wp\/v2\/types\/product"}],"replies":[{"embeddable":true,"href":"https:\/\/antcube.shop\/sl\/wp-json\/wp\/v2\/comments?post=9213"}],"wp:featuredmedia":[{"embeddable":true,"href":"https:\/\/antcube.shop\/sl\/wp-json\/wp\/v2\/media\/9662"}],"wp:attachment":[{"href":"https:\/\/antcube.shop\/sl\/wp-json\/wp\/v2\/media?parent=9213"}],"wp:term":[{"taxonomy":"product_brand","embeddable":true,"href":"https:\/\/antcube.shop\/sl\/wp-json\/wp\/v2\/product_brand?post=9213"},{"taxonomy":"product_cat","embeddable":true,"href":"https:\/\/antcube.shop\/sl\/wp-json\/wp\/v2\/product_cat?post=9213"},{"taxonomy":"product_tag","embeddable":true,"href":"https:\/\/antcube.shop\/sl\/wp-json\/wp\/v2\/product_tag?post=9213"}],"curies":[{"name":"wp","href":"https:\/\/api.w.org\/{rel}","templated":true}]}}