{"id":9212,"date":"2024-09-17T14:21:53","date_gmt":"2024-09-17T12:21:53","guid":{"rendered":"https:\/\/antcube.shop\/en\/product\/agave-10cm\/"},"modified":"2026-03-11T13:48:49","modified_gmt":"2026-03-11T12:48:49","slug":"agava-10cm","status":"publish","type":"product","link":"https:\/\/antcube.shop\/sl\/izdelek\/agava-10cm\/","title":{"rendered":"Agave - 10 cm"},"content":{"rendered":"<p><strong>Dimenzije:<\/strong> 104 x 97 x 103 mm<\/p>\n<p><strong>Material:<\/strong> polimerni beton, glina, plastika<\/p>\n<p><strong>Barva:<\/strong><br \/>\nOsnova: sivo-rjava<br \/>\nRastlina: temno zelena-svetlo zelena s sivim robom<\/p>\n<p><strong>Vsebina:<\/strong> 1 kos<\/p>\n<p><strong>Opis:<\/strong> Mala agava je izdelana iz trpe\u017ene plastike in ima podlago iz umetne smole z videzom kamna. Zaradi tega je izjemno trpe\u017ena in je ne morejo po\u0161kodovati mravlje.<br \/>\nKljub temu je videti zelo naravno in privla\u010dno ter ga je mogo\u010de zlahka vklju\u010diti v formikarij.<\/p>\n<p><strong>Opomba:<\/strong> Pred uporabo o\u010distite pod teko\u010do vodo!<\/p>","protected":false},"excerpt":{"rendered":"<p>Dimenzije: Barva: Osnova: sivo-rjava Rastlina: temno zelena-svetlo zelena s sivim robom Vsebina: 104 x 97 x 103 mm Material: polimerni beton, glina, plastika: Vsebina: 1 kos Opis: Majhna agava je izdelana iz trpe\u017ene plastike in ima podlago iz umetne smole z videzom kamna. Zaradi tega je izjemno trpe\u017ena in je ne morejo po\u0161kodovati mravlje.","protected":false},"featured_media":9659,"comment_status":"open","ping_status":"closed","template":"","meta":{"_acf_changed":false,"content-type":"","_monsterinsights_skip_tracking":false,"_monsterinsights_sitenote_active":false,"_monsterinsights_sitenote_note":"","_monsterinsights_sitenote_category":0},"product_brand":[],"product_cat":[98,99],"product_tag":[],"class_list":{"0":"post-9212","1":"product","2":"type-product","3":"status-publish","4":"has-post-thumbnail","6":"product_cat-decoration","7":"product_cat-desert","9":"first","10":"instock","11":"taxable","12":"shipping-taxable","13":"purchasable","14":"product-type-simple"},"acf":[],"aioseo_notices":[],"jetpack_sharing_enabled":true,"_links":{"self":[{"href":"https:\/\/antcube.shop\/sl\/wp-json\/wp\/v2\/product\/9212","targetHints":{"allow":["GET"]}}],"collection":[{"href":"https:\/\/antcube.shop\/sl\/wp-json\/wp\/v2\/product"}],"about":[{"href":"https:\/\/antcube.shop\/sl\/wp-json\/wp\/v2\/types\/product"}],"replies":[{"embeddable":true,"href":"https:\/\/antcube.shop\/sl\/wp-json\/wp\/v2\/comments?post=9212"}],"wp:featuredmedia":[{"embeddable":true,"href":"https:\/\/antcube.shop\/sl\/wp-json\/wp\/v2\/media\/9659"}],"wp:attachment":[{"href":"https:\/\/antcube.shop\/sl\/wp-json\/wp\/v2\/media?parent=9212"}],"wp:term":[{"taxonomy":"product_brand","embeddable":true,"href":"https:\/\/antcube.shop\/sl\/wp-json\/wp\/v2\/product_brand?post=9212"},{"taxonomy":"product_cat","embeddable":true,"href":"https:\/\/antcube.shop\/sl\/wp-json\/wp\/v2\/product_cat?post=9212"},{"taxonomy":"product_tag","embeddable":true,"href":"https:\/\/antcube.shop\/sl\/wp-json\/wp\/v2\/product_tag?post=9212"}],"curies":[{"name":"wp","href":"https:\/\/api.w.org\/{rel}","templated":true}]}}