{"id":9210,"date":"2024-09-17T14:20:54","date_gmt":"2024-09-17T12:20:54","guid":{"rendered":"https:\/\/antcube.shop\/en\/product\/cognakpflanze\/"},"modified":"2026-04-02T19:26:07","modified_gmt":"2026-04-02T17:26:07","slug":"rastlina-konjaka","status":"publish","type":"product","link":"https:\/\/antcube.shop\/sl\/izdelek\/rastlina-konjaka\/","title":{"rendered":"Rastlina konjaka"},"content":{"rendered":"<p><strong>Dimenzije:<\/strong> pribli\u017eno 90 x 70 x 100 mm<\/p>\n<p><strong>Material:<\/strong> polimerni beton, glina, plastika<\/p>\n<p><strong>Barva:<\/strong><br \/>\nOsnova: zelena, svetlo siva-temno siva<br \/>\nRastlina: rde\u010de-zelena, oran\u017eni cvetovi<\/p>\n<p><strong>Vsebina:<\/strong> 1 kos.<\/p>\n<p><strong>Opis:<\/strong> Te rastline so narejene iz trpe\u017ene plastike in imajo podlago iz umetne smole z videzom kamna. Zaradi tega so izjemno trpe\u017ene in jih mravlje ne morejo po\u0161kodovati. Kljub temu so videti zelo naravno in privla\u010dno ter jih je mogo\u010de zlahka vklju\u010diti v formikarij.<\/p>\n<p><strong>Opomba:<\/strong> Pred uporabo o\u010distite pod teko\u010do vodo!<\/p>","protected":false},"excerpt":{"rendered":"<p>Dimenzije: pribli\u017eno 9 x 7 x 10 cm<\/p>","protected":false},"featured_media":9653,"comment_status":"open","ping_status":"closed","template":"","meta":{"_acf_changed":false,"content-type":"","_monsterinsights_skip_tracking":false,"_monsterinsights_sitenote_active":false,"_monsterinsights_sitenote_note":"","_monsterinsights_sitenote_category":0},"product_brand":[],"product_cat":[98,100],"product_tag":[],"class_list":{"0":"post-9210","1":"product","2":"type-product","3":"status-publish","4":"has-post-thumbnail","6":"product_cat-decoration","7":"product_cat-rainforest","9":"first","10":"instock","11":"taxable","12":"shipping-taxable","13":"purchasable","14":"product-type-simple"},"acf":[],"aioseo_notices":[],"jetpack_sharing_enabled":true,"_links":{"self":[{"href":"https:\/\/antcube.shop\/sl\/wp-json\/wp\/v2\/product\/9210","targetHints":{"allow":["GET"]}}],"collection":[{"href":"https:\/\/antcube.shop\/sl\/wp-json\/wp\/v2\/product"}],"about":[{"href":"https:\/\/antcube.shop\/sl\/wp-json\/wp\/v2\/types\/product"}],"replies":[{"embeddable":true,"href":"https:\/\/antcube.shop\/sl\/wp-json\/wp\/v2\/comments?post=9210"}],"wp:featuredmedia":[{"embeddable":true,"href":"https:\/\/antcube.shop\/sl\/wp-json\/wp\/v2\/media\/9653"}],"wp:attachment":[{"href":"https:\/\/antcube.shop\/sl\/wp-json\/wp\/v2\/media?parent=9210"}],"wp:term":[{"taxonomy":"product_brand","embeddable":true,"href":"https:\/\/antcube.shop\/sl\/wp-json\/wp\/v2\/product_brand?post=9210"},{"taxonomy":"product_cat","embeddable":true,"href":"https:\/\/antcube.shop\/sl\/wp-json\/wp\/v2\/product_cat?post=9210"},{"taxonomy":"product_tag","embeddable":true,"href":"https:\/\/antcube.shop\/sl\/wp-json\/wp\/v2\/product_tag?post=9210"}],"curies":[{"name":"wp","href":"https:\/\/api.w.org\/{rel}","templated":true}]}}