{"id":9208,"date":"2024-09-17T14:19:38","date_gmt":"2024-09-17T12:19:38","guid":{"rendered":"https:\/\/antcube.shop\/en\/product\/kleines-fettblatt\/"},"modified":"2026-04-23T18:23:57","modified_gmt":"2026-04-23T16:23:57","slug":"kleines-fettblatt","status":"publish","type":"product","link":"https:\/\/antcube.shop\/sl\/izdelek\/kleines-fettblatt\/","title":{"rendered":"Mala metuljnica"},"content":{"rendered":"<p><strong>Dimenzije:<\/strong> pribli\u017eno 70 x 40 x 100 mm<\/p>\n<p><strong>Material:<\/strong> polimerni beton, glina, plastika<\/p>\n<p><strong>Barva:<\/strong><br \/>\nOsnova: zelena, svetlo siva-temno siva<br \/>\nRastlina: temno zelena<\/p>\n<p><strong>Vsebina:<\/strong> 1 kos.<\/p>\n<p><strong>Opis:<\/strong> Mali metulj\u010dek je izdelan iz trpe\u017ene plastike in ima podlago iz umetne smole z videzom kamna. Zaradi tega je izredno trpe\u017een in ga mravlje ne morejo po\u0161kodovati. Kljub temu je videti zelo naravno in privla\u010dno ter ga je mogo\u010de zlahka vklju\u010diti v formikarij.<\/p>\n<p><strong>Opomba:<\/strong> Pred uporabo o\u010distite pod teko\u010do vodo!<\/p>","protected":false},"excerpt":{"rendered":"<p>Dimenzije: pribli\u017eno 7 x 4 x 10 cm<\/p>","protected":false},"featured_media":9360,"comment_status":"open","ping_status":"closed","template":"","meta":{"_acf_changed":false,"content-type":"","_monsterinsights_skip_tracking":false,"_monsterinsights_sitenote_active":false,"_monsterinsights_sitenote_note":"","_monsterinsights_sitenote_category":0},"product_brand":[],"product_cat":[98,102,100],"product_tag":[],"class_list":{"0":"post-9208","1":"product","2":"type-product","3":"status-publish","4":"has-post-thumbnail","6":"product_cat-decoration","7":"product_cat-meadow","8":"product_cat-rainforest","10":"first","11":"instock","12":"taxable","13":"shipping-taxable","14":"purchasable","15":"product-type-simple"},"acf":[],"aioseo_notices":[],"jetpack_sharing_enabled":true,"_links":{"self":[{"href":"https:\/\/antcube.shop\/sl\/wp-json\/wp\/v2\/product\/9208","targetHints":{"allow":["GET"]}}],"collection":[{"href":"https:\/\/antcube.shop\/sl\/wp-json\/wp\/v2\/product"}],"about":[{"href":"https:\/\/antcube.shop\/sl\/wp-json\/wp\/v2\/types\/product"}],"replies":[{"embeddable":true,"href":"https:\/\/antcube.shop\/sl\/wp-json\/wp\/v2\/comments?post=9208"}],"wp:featuredmedia":[{"embeddable":true,"href":"https:\/\/antcube.shop\/sl\/wp-json\/wp\/v2\/media\/9360"}],"wp:attachment":[{"href":"https:\/\/antcube.shop\/sl\/wp-json\/wp\/v2\/media?parent=9208"}],"wp:term":[{"taxonomy":"product_brand","embeddable":true,"href":"https:\/\/antcube.shop\/sl\/wp-json\/wp\/v2\/product_brand?post=9208"},{"taxonomy":"product_cat","embeddable":true,"href":"https:\/\/antcube.shop\/sl\/wp-json\/wp\/v2\/product_cat?post=9208"},{"taxonomy":"product_tag","embeddable":true,"href":"https:\/\/antcube.shop\/sl\/wp-json\/wp\/v2\/product_tag?post=9208"}],"curies":[{"name":"wp","href":"https:\/\/api.w.org\/{rel}","templated":true}]}}