{"id":9207,"date":"2024-09-17T14:19:09","date_gmt":"2024-09-17T12:19:09","guid":{"rendered":"https:\/\/antcube.shop\/en\/product\/grasstein-3cm\/"},"modified":"2026-04-13T09:31:48","modified_gmt":"2026-04-13T07:31:48","slug":"grasstein-3-cm","status":"publish","type":"product","link":"https:\/\/antcube.shop\/sl\/izdelek\/grasstein-3-cm\/","title":{"rendered":"Travni kamen - 3 cm"},"content":{"rendered":"<p><strong>Dimenzije:<\/strong> pribli\u017eno 86 x 29 x 30 mm<\/p>\n<p><strong>Material:<\/strong> polimerni beton, glina, plastika<\/p>\n<p><strong>Barva:<\/strong><br \/>\nOsnova: zelena, temno siva<br \/>\nRastlina: svetlo zelena-temno zelena<\/p>\n<p><strong>Vsebina:<\/strong> 1 kos.<\/p>\n<p><strong>Opis:<\/strong> Te rastline so narejene iz trpe\u017ene plastike in imajo podlago iz umetne smole z videzom kamna. Zaradi tega so izjemno trpe\u017ene in jih mravlje ne morejo po\u0161kodovati. Kljub temu so videti zelo naravno in privla\u010dno ter jih je mogo\u010de zlahka vklju\u010diti v formikarij.<\/p>\n<p><strong>Opomba:<\/strong> Pred uporabo o\u010distite pod teko\u010do vodo!<\/p>\n<p>&nbsp;<\/p>","protected":false},"excerpt":{"rendered":"<p>Dimenzije: pribli\u017eno 86 x 29 x 30 mm Material: polimerni beton, glina, plastika Barva: Osnova: zelena, temno siva Rastlina: svetlo zelena-temno zelena Vsebina: Sestavni del: 1 kos. Vsebuje: 1 kos, 1 kos, 1 kos, 1 kos, 1 kos, 1 kos, 1 kos: Te rastline so narejene iz trpe\u017ene plastike in imajo podlago iz umetne smole z videzom kamna. Zaradi tega so izjemno trpe\u017ene in jih mravlje ne morejo po\u0161kodovati.","protected":false},"featured_media":9356,"comment_status":"open","ping_status":"closed","template":"","meta":{"_acf_changed":false,"content-type":"","_monsterinsights_skip_tracking":false,"_monsterinsights_sitenote_active":false,"_monsterinsights_sitenote_note":"","_monsterinsights_sitenote_category":0},"product_brand":[],"product_cat":[98,102],"product_tag":[],"class_list":{"0":"post-9207","1":"product","2":"type-product","3":"status-publish","4":"has-post-thumbnail","6":"product_cat-decoration","7":"product_cat-meadow","9":"first","10":"instock","11":"taxable","12":"shipping-taxable","13":"purchasable","14":"product-type-simple"},"acf":[],"aioseo_notices":[],"jetpack_sharing_enabled":true,"_links":{"self":[{"href":"https:\/\/antcube.shop\/sl\/wp-json\/wp\/v2\/product\/9207","targetHints":{"allow":["GET"]}}],"collection":[{"href":"https:\/\/antcube.shop\/sl\/wp-json\/wp\/v2\/product"}],"about":[{"href":"https:\/\/antcube.shop\/sl\/wp-json\/wp\/v2\/types\/product"}],"replies":[{"embeddable":true,"href":"https:\/\/antcube.shop\/sl\/wp-json\/wp\/v2\/comments?post=9207"}],"wp:featuredmedia":[{"embeddable":true,"href":"https:\/\/antcube.shop\/sl\/wp-json\/wp\/v2\/media\/9356"}],"wp:attachment":[{"href":"https:\/\/antcube.shop\/sl\/wp-json\/wp\/v2\/media?parent=9207"}],"wp:term":[{"taxonomy":"product_brand","embeddable":true,"href":"https:\/\/antcube.shop\/sl\/wp-json\/wp\/v2\/product_brand?post=9207"},{"taxonomy":"product_cat","embeddable":true,"href":"https:\/\/antcube.shop\/sl\/wp-json\/wp\/v2\/product_cat?post=9207"},{"taxonomy":"product_tag","embeddable":true,"href":"https:\/\/antcube.shop\/sl\/wp-json\/wp\/v2\/product_tag?post=9207"}],"curies":[{"name":"wp","href":"https:\/\/api.w.org\/{rel}","templated":true}]}}