{"id":9030,"date":"2024-08-27T16:21:31","date_gmt":"2024-08-27T14:21:31","guid":{"rendered":"https:\/\/antcube.shop\/product\/antcube-digfix-terra-nidum-platte-40x20-l-beige\/"},"modified":"2026-04-14T14:05:23","modified_gmt":"2026-04-14T12:05:23","slug":"antcube-digfix-terra-nidum-plosca-40x20-l-beige","status":"publish","type":"product","link":"https:\/\/antcube.shop\/sl\/izdelek\/antcube-digfix-terra-nidum-plosca-40x20-l-beige\/","title":{"rendered":"ANTCUBE - Digfix Terra nidum plo\u0161\u010dica 40\u00d720 - L - be\u017e"},"content":{"rendered":"<p><strong>Dimenzije:<\/strong> 383x160x19 mm<\/p>\n<p><strong>Material:<\/strong> material na osnovi smole, ki ga je mogo\u010de kopi\u010diti<\/p>\n<p><strong>Opis:<\/strong> Plo\u0161\u010da Terra nidum (latinsko gnezdo iz zemlje) iz materiala, ki ga je mogo\u010de kopati, je kot nala\u0161\u010d za na\u0161e mravlji\u0161\u010da ANTCUBE. Uporablja se lahko tako na suhem kot na mokrem. Primerna je tudi za \u0161tevilne vrste mravelj, zlasti za vrste, ki gnezdijo v pesku in (odmrlem) lesu. Uporablja se lahko namesto me\u0161anic peska in gline ali plutovinastih vlo\u017ekov za gnezda. Prednost tega gnezda je, da je vla\u017eenje plo\u0161\u010de zaradi jasno vidnega razbarvanja la\u017eje nadzorovati, obarvanost plo\u0161\u010de pa nudi super kontrast obi\u010dajno temnej\u0161im vrstam mravelj. Poleg tega notranjih plo\u0161\u010d mravlji\u0161\u010da ni mogo\u010de umazati s substratom, kot je to na primer pri me\u0161anicah peska in gline, kar omogo\u010da popoln pregled nad gnezdom. Na\u0161 material za gnezda ima tudi veliko trdnej\u0161o strukturo, zato se predori in komore, ki jih izkopljejo mravlje, ne zru\u0161ijo.<\/p>\n<p><strong>Opomba:<\/strong> Naravna barva je lahko od be\u017e\/pe\u0161\u010dene do svetlo rjave. Barvni ton ne vpliva na kakovost.<br \/>\nDimenzije se lahko zaradi proizvodnega procesa razlikujejo za +\/- 1 mm.<\/p>","protected":false},"excerpt":{"rendered":"<p>Velikost: <strong>L<\/strong><\/p>","protected":false},"featured_media":9039,"comment_status":"open","ping_status":"closed","template":"","meta":{"_acf_changed":false,"content-type":"","_monsterinsights_skip_tracking":false,"_monsterinsights_sitenote_active":false,"_monsterinsights_sitenote_note":"","_monsterinsights_sitenote_category":0},"product_brand":[],"product_cat":[257,87,88],"product_tag":[],"class_list":{"0":"post-9030","1":"product","2":"type-product","3":"status-publish","4":"has-post-thumbnail","6":"product_cat-new-innovatve-products","7":"product_cat-nest-insets","8":"product_cat-digfix","10":"first","11":"instock","12":"taxable","13":"shipping-taxable","14":"purchasable","15":"product-type-simple"},"acf":[],"aioseo_notices":[],"jetpack_sharing_enabled":true,"_links":{"self":[{"href":"https:\/\/antcube.shop\/sl\/wp-json\/wp\/v2\/product\/9030","targetHints":{"allow":["GET"]}}],"collection":[{"href":"https:\/\/antcube.shop\/sl\/wp-json\/wp\/v2\/product"}],"about":[{"href":"https:\/\/antcube.shop\/sl\/wp-json\/wp\/v2\/types\/product"}],"replies":[{"embeddable":true,"href":"https:\/\/antcube.shop\/sl\/wp-json\/wp\/v2\/comments?post=9030"}],"wp:featuredmedia":[{"embeddable":true,"href":"https:\/\/antcube.shop\/sl\/wp-json\/wp\/v2\/media\/9039"}],"wp:attachment":[{"href":"https:\/\/antcube.shop\/sl\/wp-json\/wp\/v2\/media?parent=9030"}],"wp:term":[{"taxonomy":"product_brand","embeddable":true,"href":"https:\/\/antcube.shop\/sl\/wp-json\/wp\/v2\/product_brand?post=9030"},{"taxonomy":"product_cat","embeddable":true,"href":"https:\/\/antcube.shop\/sl\/wp-json\/wp\/v2\/product_cat?post=9030"},{"taxonomy":"product_tag","embeddable":true,"href":"https:\/\/antcube.shop\/sl\/wp-json\/wp\/v2\/product_tag?post=9030"}],"curies":[{"name":"wp","href":"https:\/\/api.w.org\/{rel}","templated":true}]}}