{"id":8973,"date":"2024-08-19T20:50:58","date_gmt":"2024-08-19T18:50:58","guid":{"rendered":"https:\/\/antcube.shop\/product\/abstandshalter-fur-20mm-rohr\/"},"modified":"2026-03-05T18:06:15","modified_gmt":"2026-03-05T17:06:15","slug":"distancnik-za-20-mm-cev","status":"publish","type":"product","link":"https:\/\/antcube.shop\/sl\/izdelek\/distancnik-za-20-mm-cev\/","title":{"rendered":"Distan\u010dnik za 20 mm cev"},"content":{"rendered":"<p><strong>Dimenzije izdelka:<\/strong> 49x14x8 mm (distan\u010dnik)<\/p>\n<p><strong>Material:<\/strong> akrilno steklo, vzmetno jeklo<\/p>\n<p><strong>Barva:<\/strong> bela, jekleno siva<\/p>\n<p><strong>Vsebina:<\/strong><br \/>\n1x distan\u010dnik<br \/>\n1x nosilec objemke - vzmetno jeklo za 20 mm<br \/>\n2x vijak in zati\u010d za pritrditev na steno<br \/>\n1x majhen vijak za pritrditev nosilca objemke na distan\u010dnik<\/p>\n<p><strong>Opis:<\/strong><br \/>\nDistan\u010dniki za pritrditev akrilnih cevi na steno. Razvili smo jih za povezovanje na\u0161ih stenskih aren in stenskih kmetij med seboj ali z drugimi elementi prek akrilnih cevi. S tem premostijo vrzel med steno in akrilnimi cevmi ter omogo\u010dajo varno, trdno in vizualno privla\u010dno pritrditev akrilnih cevi z dr\u017eali za objemke.<\/p>\n<p><strong>Opomba:<\/strong><br \/>\nDobavljen je v posameznih delih in ga je treba pritrditi s kri\u017enim izvija\u010dem.<br \/>\nNa obeh straneh distan\u010dnika sta tanki za\u0161\u010ditni foliji. Preprosto jih odlepite.<\/p>\n<p><strong>Zapenjanje:<\/strong><br \/>\nZa pritrditev 2 stenskih \u010depov \"S6\" v steno potrebujete vrtalnik s 6 mm svedrom (les, kamen ali kovina, odvisno od materiala).<br \/>\nV steno je treba izvrtati luknje globine 40 mm, da bi lahko z vijaki 4,5x40 mm potopili zati\u010de 6x30 mm.<br \/>\n<strong>Potrebno za monta\u017eo:<\/strong><br \/>\n- Nivojski nivelir<br \/>\n- Lepilni trak, da vam ne bo treba ozna\u010devati stene spodaj.<br \/>\n- Kri\u017eni izvija\u010d<br \/>\n- Vrtalnik\/vija\u010dnik, odvisno od stene<br \/>\n- 6 mm vrtalnik (za les, kamen ali kovino, odvisno od povr\u0161ine)<\/p>","protected":false},"excerpt":{"rendered":"<p>Dimenzije izdelka: Material: akrilno steklo, vzmetno jeklo Barva: bela, jekleno siva Vsebina: 49x14x8mm (distan\u010dnik) 1x distan\u010dnik 1x nosilec objemke - vzmetno jeklo za 32 mm 2x vijak in zati\u010d za pritrditev na steno 1x majhen vijak za pritrditev nosilca objemke na distan\u010dnik Opis: Distan\u010dniki za pritrditev akrilnih cevi na steno. Razviti so bili za","protected":false},"featured_media":8991,"comment_status":"open","ping_status":"closed","template":"","meta":{"_acf_changed":false,"content-type":"","_monsterinsights_skip_tracking":false,"_monsterinsights_sitenote_active":false,"_monsterinsights_sitenote_note":"","_monsterinsights_sitenote_category":0},"product_brand":[],"product_cat":[345,119,120],"product_tag":[],"class_list":{"0":"post-8973","1":"product","2":"type-product","3":"status-publish","4":"has-post-thumbnail","6":"product_cat-pipe-connectors","7":"product_cat-formicarium-components","8":"product_cat-hoses","10":"first","11":"instock","12":"taxable","13":"shipping-taxable","14":"purchasable","15":"product-type-simple"},"acf":[],"aioseo_notices":[],"jetpack_sharing_enabled":true,"_links":{"self":[{"href":"https:\/\/antcube.shop\/sl\/wp-json\/wp\/v2\/product\/8973","targetHints":{"allow":["GET"]}}],"collection":[{"href":"https:\/\/antcube.shop\/sl\/wp-json\/wp\/v2\/product"}],"about":[{"href":"https:\/\/antcube.shop\/sl\/wp-json\/wp\/v2\/types\/product"}],"replies":[{"embeddable":true,"href":"https:\/\/antcube.shop\/sl\/wp-json\/wp\/v2\/comments?post=8973"}],"wp:featuredmedia":[{"embeddable":true,"href":"https:\/\/antcube.shop\/sl\/wp-json\/wp\/v2\/media\/8991"}],"wp:attachment":[{"href":"https:\/\/antcube.shop\/sl\/wp-json\/wp\/v2\/media?parent=8973"}],"wp:term":[{"taxonomy":"product_brand","embeddable":true,"href":"https:\/\/antcube.shop\/sl\/wp-json\/wp\/v2\/product_brand?post=8973"},{"taxonomy":"product_cat","embeddable":true,"href":"https:\/\/antcube.shop\/sl\/wp-json\/wp\/v2\/product_cat?post=8973"},{"taxonomy":"product_tag","embeddable":true,"href":"https:\/\/antcube.shop\/sl\/wp-json\/wp\/v2\/product_tag?post=8973"}],"curies":[{"name":"wp","href":"https:\/\/api.w.org\/{rel}","templated":true}]}}